{"id":116024,"date":"2026-02-05T00:00:00","date_gmt":"2026-02-04T23:00:00","guid":{"rendered":"http:\/\/gpl-love.com\/fr\/produit\/woocommerce-shipment-tracking\/"},"modified":"2026-03-20T23:47:42","modified_gmt":"2026-03-20T22:47:42","slug":"woocommerce-shipment-tracking","status":"publish","type":"product","link":"https:\/\/gpl-love.com\/fr\/produit\/woocommerce-shipment-tracking\/","title":{"rendered":"WooCommerce Shipment Tracking 2.6.8"},"content":{"rendered":"<h3>WooCommerce Shipment Tracking Traits<\/h3>\n<p>Le plugin de suivi des exp\u00e9ditions WooCommerce est sp\u00e9cifiquement d\u00e9velopp\u00e9 pour r\u00e9pondre aux entreprises qui utilisent WooCommerce comme plate-forme de commerce \u00e9lectronique choisi. Son principal objectif est de permettre aux clients de suivre leurs exp\u00e9ditions en temps r\u00e9el, leur accordant ainsi un sentiment de tranquillit\u00e9 et une compr\u00e9hension compl\u00e8te des progr\u00e8s de leur ordre. Ce plugin remarquable s&rsquo;int\u00e8gre de mani\u00e8re transparente \u00e0 des services de messagerie \u00e9minents tels que UPS, FedEx et DHL, simplifiant ainsi la t\u00e2che de gestion des donn\u00e9es d&rsquo;exp\u00e9dition et de suivi gr\u00e2ce \u00e0 la commodit\u00e9 d&rsquo;un seul emplacement centralis\u00e9. De plus, il poss\u00e8de la capacit\u00e9 de g\u00e9n\u00e9rer sans effort des notifications de courrier \u00e9lectronique automatis\u00e9es pour les clients et les propri\u00e9taires, en veillant \u00e0 ce que toutes les parties impliqu\u00e9es restent bien inform\u00e9es concernant les derni\u00e8res mises \u00e0 jour concernant leurs commandes respectives. Par cons\u00e9quent, en incorporant l&rsquo;utilisation du suivi des exp\u00e9ditions WooCommerce, les entreprises peuvent rationaliser efficacement leurs op\u00e9rations d&rsquo;exp\u00e9dition, conduisant finalement \u00e0 la fourniture d&rsquo;une exp\u00e9rience client am\u00e9lior\u00e9e et plus gratifiante.<\/p>\n<ul>\n<li>Fournit des informations sur le suivi des exp\u00e9ditions pour les commandes pass\u00e9es via WooCommerce<\/li>\n<li>Compatible avec les principaux transporteurs d&rsquo;exp\u00e9dition tels que UPS, FedEx, DHL, USPS, et plus<\/li>\n<li>Les clients re\u00e7oivent des mises \u00e0 jour en temps r\u00e9el sur l&rsquo;\u00e9tat de l&rsquo;exp\u00e9dition de leur commande<\/li>\n<li>Gestion de num\u00e9ro de suivi facile avec la capacit\u00e9 d&rsquo;importer \/ exporter des num\u00e9ros de suivi en vrac<\/li>\n<li>Notifications par e-mail de suivi personnalisables avec des enqu\u00eates de marque et de suivi<\/li>\n<li>D\u00e9tails de suivi int\u00e9gr\u00e9s sur la page Historique des commandes du client<\/li>\n<li>Support multilingue pour les entreprises mondiales<\/li>\n<li>Analyses de suivi int\u00e9gr\u00e9es pour surveiller les performances de l&rsquo;exp\u00e9dition et am\u00e9liorer l&rsquo;exp\u00e9rience de livraison<\/li>\n<li>Interface conviviale avec une configuration et une configuration faciles<\/li>\n<\/ul>\n","protected":false},"excerpt":{"rendered":"<p>WooCommerce Spuid Suiding, un plugin tr\u00e8s robuste, pr\u00e9sente aux clients la possibilit\u00e9 de surveiller sans effort les progr\u00e8s de leurs commandes directement depuis votre site Web. En utilisant cet outil de pointe, vous pouvez superviser efficacement les op\u00e9rateurs d&rsquo;exp\u00e9dition et surveiller \u00e9troitement les forfaits. Le plugin automatise m\u00eame le processus de transmission des d\u00e9tails de suivi aux clients par e-mail, rationalisant ainsi vos op\u00e9rations et garantissant un contentement optimal client. Remarquablement, le suivi des exp\u00e9ditions WooCommerce a \u00e9t\u00e9 m\u00e9ticuleusement con\u00e7u pour s&rsquo;int\u00e9grer de mani\u00e8re transparente \u00e0 WooCommerce, facilitant un processus de configuration et d&rsquo;utilisation sans effort. Que vous soyez propri\u00e9taire d&rsquo;une entreprise modeste ou d&rsquo;un d\u00e9taillant de premier plan, ce plugin sert de solution ultime pour garantir que vos clients sont toujours bien inform\u00e9s et extr\u00eamement satisfaits.<\/p>\n","protected":false},"featured_media":146019,"comment_status":"open","ping_status":"open","template":"","meta":[],"product_brand":[2440],"product_cat":[1182,1223,1181],"product_tag":[1398],"class_list":{"0":"post-116024","1":"product","2":"type-product","3":"status-publish","4":"has-post-thumbnail","6":"product_brand-woocommerce","7":"product_cat-commerce-electronique-plugins","8":"product_cat-personnalisation-commerce-electronique-plugins","9":"product_cat-plugins","10":"product_tag-woocommerce","11":"member-discount","12":"discount-restricted","14":"first","15":"instock","16":"sale","17":"downloadable","18":"virtual","19":"sold-individually","20":"purchasable","21":"product-type-simple"},"_links":{"self":[{"href":"https:\/\/gpl-love.com\/fr\/wp-json\/wp\/v2\/product\/116024","targetHints":{"allow":["GET"]}}],"collection":[{"href":"https:\/\/gpl-love.com\/fr\/wp-json\/wp\/v2\/product"}],"about":[{"href":"https:\/\/gpl-love.com\/fr\/wp-json\/wp\/v2\/types\/product"}],"replies":[{"embeddable":true,"href":"https:\/\/gpl-love.com\/fr\/wp-json\/wp\/v2\/comments?post=116024"}],"wp:featuredmedia":[{"embeddable":true,"href":"https:\/\/gpl-love.com\/fr\/wp-json\/wp\/v2\/media\/146019"}],"wp:attachment":[{"href":"https:\/\/gpl-love.com\/fr\/wp-json\/wp\/v2\/media?parent=116024"}],"wp:term":[{"taxonomy":"product_brand","embeddable":true,"href":"https:\/\/gpl-love.com\/fr\/wp-json\/wp\/v2\/product_brand?post=116024"},{"taxonomy":"product_cat","embeddable":true,"href":"https:\/\/gpl-love.com\/fr\/wp-json\/wp\/v2\/product_cat?post=116024"},{"taxonomy":"product_tag","embeddable":true,"href":"https:\/\/gpl-love.com\/fr\/wp-json\/wp\/v2\/product_tag?post=116024"}],"curies":[{"name":"wp","href":"https:\/\/api.w.org\/{rel}","templated":true}]}}