{"id":116008,"date":"2021-06-30T00:00:00","date_gmt":"2021-06-29T22:00:00","guid":{"rendered":"http:\/\/gpl-love.com\/fr\/produit\/king-viral-magazine-wordpress-theme\/"},"modified":"2026-04-10T18:45:04","modified_gmt":"2026-04-10T16:45:04","slug":"king-viral-magazine-wordpress-theme","status":"publish","type":"product","link":"https:\/\/gpl-love.com\/fr\/produit\/king-viral-magazine-wordpress-theme\/","title":{"rendered":"Viral Magazine WordPress Th\u00e8me King 7.0.2"},"content":{"rendered":"<h3>Viral Magazine WordPress Th\u00e8me King Traits<\/h3>\n<p>Le magazine viral WordPress Theme King est un outil extr\u00eamement puissant qui vous accorde la capacit\u00e9 de g\u00e9n\u00e9rer sans effort des sites Web dynamiques et visuellement fascinants. Avec sa vaste gamme de fonctionnalit\u00e9s et une interface conviviale, ce th\u00e8me remarquable s&rsquo;av\u00e8re optimal pour les personnes qui cherchent \u00e0 construire une pr\u00e9sence en ligne vivante et captivante. Bien que con\u00e7u avec l&rsquo;intention sp\u00e9cifique de r\u00e9pondre aux magazines et aux sites de nouvelles, il poss\u00e8de la polyvalence pour servir une multitude d&rsquo;autres fins. Il est \u00e9quip\u00e9 d&rsquo;un assortiment d&rsquo;options personnalisables, telles que diverses dispositions de page d&rsquo;accueil, la possibilit\u00e9 de personnaliser les polices et une s\u00e9lection diversifi\u00e9e de sch\u00e9mas de couleurs. De plus, sa pleine r\u00e9activit\u00e9 garantit que votre site Web d\u00e9gagera de l&rsquo;excellence sur un appareil donn\u00e9. En utilisant les capacit\u00e9s remarquables du th\u00e8me WordPress du magazine viral, vous serez \u00e9quip\u00e9 de tous les outils n\u00e9cessaires pour fabriquer une plate-forme en ligne frappante et captivante qui incite constamment les utilisateurs \u00e0 revenir pour en savoir plus.<\/p>\n<ul>\n<li>Th\u00e8me WordPress enti\u00e8rement personnalisable con\u00e7u sp\u00e9cifiquement pour les magazines en ligne et les sites Web d&rsquo;information<\/li>\n<li>Construit avec une disposition r\u00e9active qui a fi\u00e8re allure sur tous les appareils, y compris les mobiles et les tablettes<\/li>\n<li>Comprend de puissantes options de personnalisation, telles que les sch\u00e9mas de couleurs, les polices et les styles de mise en page<\/li>\n<li>Comprend un g\u00e9n\u00e9rateur de page de glisser-d\u00e9poser intuitif pour une personnalisation et une conception faciles<\/li>\n<li>Comprend plusieurs dispositions de publication et de page, y compris les options de pleine largeur, de grille et de barre lat\u00e9rale<\/li>\n<li>Livr\u00e9 avec l&rsquo;int\u00e9gration des m\u00e9dias sociaux int\u00e9gr\u00e9s, permettant aux lecteurs de partager facilement des articles sur les plateformes populaires<\/li>\n<li>Optimis\u00e9 pour le r\u00e9f\u00e9rencement, aider votre site Web \u00e0 se classer plus haut dans les pages de r\u00e9sultats des moteurs de recherche<\/li>\n<li>Comprend un syst\u00e8me de gestion de publicit\u00e9 robuste, vous permettant de mon\u00e9tiser votre site Web via la publicit\u00e9<\/li>\n<li>Fournit un excellent support et documentation pour les utilisateurs, y compris des tutoriels vid\u00e9o d\u00e9taill\u00e9s et une base de connaissances.<\/li>\n<\/ul>\n","protected":false},"excerpt":{"rendered":"<p>Pr\u00e9sentation du magazine viral WordPress Th\u00e8me King, une solution compl\u00e8te et exceptionnelle adapt\u00e9e aux personnes cherchant \u00e0 fa\u00e7onner un magazine en ligne exquis et captivant. Ce th\u00e8me englobe une abondance de fonctionnalit\u00e9s de pointe et de tendances de conception qui propulseront votre publication en ligne \u00e0 de nouveaux sommets. Avec sa disposition enti\u00e8rement r\u00e9active et personnalisable, l&rsquo;\u00e9laboration d&rsquo;une pr\u00e9sence en ligne distinctive et captivante devient un jeu d&rsquo;enfant. Que vous vous retrouviez immerg\u00e9 dans le monde de la cr\u00e9ation de blogs, de publication ou de contenu, le th\u00e8me du magazine viral WordPress King est sans \u00e9quivoque adapt\u00e9 \u00e0 vos besoins et aspirations.<\/p>\n","protected":false},"featured_media":145719,"comment_status":"open","ping_status":"open","template":"","meta":[],"product_brand":[2433],"product_cat":[1220,1212,1213],"product_tag":[1366],"class_list":{"0":"post-116008","1":"product","2":"type-product","3":"status-publish","4":"has-post-thumbnail","6":"product_brand-themeforest","7":"product_cat-blog-magazine","8":"product_cat-themes","9":"product_cat-wordpress-themes","10":"product_tag-themeforest","11":"member-discount","12":"discount-restricted","14":"first","15":"instock","16":"sale","17":"downloadable","18":"virtual","19":"sold-individually","20":"purchasable","21":"product-type-simple"},"_links":{"self":[{"href":"https:\/\/gpl-love.com\/fr\/wp-json\/wp\/v2\/product\/116008","targetHints":{"allow":["GET"]}}],"collection":[{"href":"https:\/\/gpl-love.com\/fr\/wp-json\/wp\/v2\/product"}],"about":[{"href":"https:\/\/gpl-love.com\/fr\/wp-json\/wp\/v2\/types\/product"}],"replies":[{"embeddable":true,"href":"https:\/\/gpl-love.com\/fr\/wp-json\/wp\/v2\/comments?post=116008"}],"wp:featuredmedia":[{"embeddable":true,"href":"https:\/\/gpl-love.com\/fr\/wp-json\/wp\/v2\/media\/145719"}],"wp:attachment":[{"href":"https:\/\/gpl-love.com\/fr\/wp-json\/wp\/v2\/media?parent=116008"}],"wp:term":[{"taxonomy":"product_brand","embeddable":true,"href":"https:\/\/gpl-love.com\/fr\/wp-json\/wp\/v2\/product_brand?post=116008"},{"taxonomy":"product_cat","embeddable":true,"href":"https:\/\/gpl-love.com\/fr\/wp-json\/wp\/v2\/product_cat?post=116008"},{"taxonomy":"product_tag","embeddable":true,"href":"https:\/\/gpl-love.com\/fr\/wp-json\/wp\/v2\/product_tag?post=116008"}],"curies":[{"name":"wp","href":"https:\/\/api.w.org\/{rel}","templated":true}]}}