{"id":115993,"date":"2025-08-07T00:00:00","date_gmt":"2025-08-06T22:00:00","guid":{"rendered":"http:\/\/gpl-love.com\/fr\/produit\/stellar-star-rating-plugin-pour-wordpress\/"},"modified":"2026-04-10T18:40:31","modified_gmt":"2026-04-10T16:40:31","slug":"stellar-star-rating-plugin-pour-wordpress","status":"publish","type":"product","link":"https:\/\/gpl-love.com\/fr\/produit\/stellar-star-rating-plugin-pour-wordpress\/","title":{"rendered":"Stellar Star Rating plugin pour WordPress 2.3.0"},"content":{"rendered":"<h3>Stellar Star Rating plugin pour WordPress Traits<\/h3>\n<p>Le plugin de notation Star Stellar, un ajout incroyablement pr\u00e9cieux \u00e0 tout site Web WordPress, accorde aux utilisateurs la capacit\u00e9 pratique de \u00e9valuer le contenu sans effort via un syst\u00e8me bas\u00e9 sur des \u00e9toiles. Ce plugin pr\u00e9sente une multitude d&rsquo;options de personnalisation, englobant la capacit\u00e9 de pr\u00e9senter des notes dans divers formats, des couleurs et des tailles d&rsquo;\u00e9toiles d&rsquo;aide, et m\u00eame d&rsquo;incorporer des ic\u00f4nes personnalis\u00e9es. B\u00e9n\u00e9ficiant d&rsquo;une conception r\u00e9active et d&rsquo;une interface qui est sans effort \u00e0 naviguer, le plugin de notation \u00e9toile stellaire incarne vraiment la convivialit\u00e9, favorisant efficacement l&rsquo;engagement des utilisateurs accrue sur votre site Web. Que vous op\u00e9rez un blog, un site de commerce \u00e9lectronique ou toute autre variante du site Web WordPress, le plugin de notation \u00e9toile stellaire constitue sans \u00e9quivoque un outil indispensable pour \u00e9lever l&rsquo;exp\u00e9rience utilisateur et encourager activement les commentaires des utilisateurs.<\/p>\n<ul>\n<li>Plugin convivial pour WordPress afin d&rsquo;ajouter des cotes d&rsquo;\u00e9toiles personnalisables au contenu du site Web<\/li>\n<li>Alimenter l&rsquo;engagement et les commentaires des utilisateurs en permettant aux visiteurs de noter et de revoir les produits, services, publications et pages<\/li>\n<li>Choisissez parmi une vari\u00e9t\u00e9 de styles, tailles et couleurs de notation pour correspondre \u00e0 la conception et \u00e0 la marque de votre site Web<\/li>\n<li>Option pour afficher les notes moyennes, les notes individuelles ou les deux<\/li>\n<li>Mesures anti-spam int\u00e9gr\u00e9es pour emp\u00eacher les notes frauduleuses<\/li>\n<li>Plugin sensible aux mobiles qui a fi\u00e8re allure sur n&rsquo;importe quel appareil<\/li>\n<li>Compatible avec tous les th\u00e8mes et plugins WordPress<\/li>\n<li>Facile \u00e0 installer et \u00e0 activer en quelques clics<\/li>\n<li>Documentation compl\u00e8te et soutien des d\u00e9veloppeurs disponibles en ligne<\/li>\n<\/ul>\n","protected":false},"excerpt":{"rendered":"<p>Le plugin de notation Star Stellar pour WordPress sert d&rsquo;outil impeccable pour les blogueurs et les propri\u00e9taires de sites Web qui cherchent \u00e0 am\u00e9liorer le niveau d&rsquo;engagement des utilisateurs et de commentaires sur leurs plateformes num\u00e9riques. En utilisant ce plugin, les utilisateurs sont autoris\u00e9s \u00e0 \u00e9valuer facilement et \u00e0 fournir des avis pour vos diff\u00e9rents messages, pages et produits via un syst\u00e8me de notation d&rsquo;\u00e9toiles rationalis\u00e9 et facilement personnalisable. De plus, ce plugin poss\u00e8de une gamme d&rsquo;options de conception attrayantes et une int\u00e9gration transparente avec des th\u00e8mes WordPress bien connus, ce qui en fait un ajout essentiel pour les individus d\u00e9termin\u00e9s \u00e0 \u00e9lever le contentement des utilisateurs et \u00e0 favoriser les niveaux d&rsquo;interaction accrus. Prenez la d\u00e9cision prudente de mettre \u00e0 niveau votre site WordPress et de se pr\u00e9lasser dans les r\u00e9sultats extraordinaires que le plugin de notation \u00e9toile stellaire apportera sans aucun doute.<\/p>\n","protected":false},"featured_media":145326,"comment_status":"open","ping_status":"open","template":"","meta":[],"product_brand":[2435],"product_cat":[1189,1181,1186],"product_tag":[1231],"class_list":{"0":"post-115993","1":"product","2":"type-product","3":"status-publish","4":"has-post-thumbnail","6":"product_brand-codecanyon","7":"product_cat-personnalisation","8":"product_cat-plugins","9":"product_cat-wordpress-plugins","10":"product_tag-codecanyon","11":"member-discount","12":"discount-restricted","14":"first","15":"instock","16":"sale","17":"downloadable","18":"virtual","19":"sold-individually","20":"purchasable","21":"product-type-simple"},"_links":{"self":[{"href":"https:\/\/gpl-love.com\/fr\/wp-json\/wp\/v2\/product\/115993","targetHints":{"allow":["GET"]}}],"collection":[{"href":"https:\/\/gpl-love.com\/fr\/wp-json\/wp\/v2\/product"}],"about":[{"href":"https:\/\/gpl-love.com\/fr\/wp-json\/wp\/v2\/types\/product"}],"replies":[{"embeddable":true,"href":"https:\/\/gpl-love.com\/fr\/wp-json\/wp\/v2\/comments?post=115993"}],"wp:featuredmedia":[{"embeddable":true,"href":"https:\/\/gpl-love.com\/fr\/wp-json\/wp\/v2\/media\/145326"}],"wp:attachment":[{"href":"https:\/\/gpl-love.com\/fr\/wp-json\/wp\/v2\/media?parent=115993"}],"wp:term":[{"taxonomy":"product_brand","embeddable":true,"href":"https:\/\/gpl-love.com\/fr\/wp-json\/wp\/v2\/product_brand?post=115993"},{"taxonomy":"product_cat","embeddable":true,"href":"https:\/\/gpl-love.com\/fr\/wp-json\/wp\/v2\/product_cat?post=115993"},{"taxonomy":"product_tag","embeddable":true,"href":"https:\/\/gpl-love.com\/fr\/wp-json\/wp\/v2\/product_tag?post=115993"}],"curies":[{"name":"wp","href":"https:\/\/api.w.org\/{rel}","templated":true}]}}