{"id":115991,"date":"2026-04-16T00:00:00","date_gmt":"2026-04-15T22:00:00","guid":{"rendered":"http:\/\/gpl-love.com\/fr\/produit\/delaware-consulting-et-finance-wordpress-theme\/"},"modified":"2026-04-17T00:30:28","modified_gmt":"2026-04-16T22:30:28","slug":"delaware-consulting-et-finance-wordpress-theme","status":"publish","type":"product","link":"https:\/\/gpl-love.com\/fr\/produit\/delaware-consulting-et-finance-wordpress-theme\/","title":{"rendered":"Delaware Consulting et Finance WordPress Theme 1.4.0"},"content":{"rendered":"<h3>Delaware Consulting et Finance WordPress Theme Traits<\/h3>\n<p>Le th\u00e8me WordPress de conseil et de financement Delaware est un produit incroyablement polyvalent et exceptionnellement convivial qui a \u00e9t\u00e9 m\u00e9ticuleusement con\u00e7u sp\u00e9cifiquement pour r\u00e9pondre aux besoins uniques des entreprises op\u00e9rant dans les industries de conseil et de finance. B\u00e9n\u00e9ficiant d&rsquo;un design \u00e9l\u00e9gant, sophistiqu\u00e9 et ind\u00e9niablement moderne, ce th\u00e8me combine de mani\u00e8re transparente l&rsquo;attrait esth\u00e9tique avec des fonctionnalit\u00e9s intuitives, permettant aux utilisateurs de naviguer sans effort et de personnaliser leur site Web en fonction de leurs sp\u00e9cifications et exigences pr\u00e9cises. Avec un \u00e9ventail impressionnant de fonctionnalit\u00e9s avanc\u00e9es \u00e0 sa disposition, telles que des formulaires et des tables enti\u00e8rement personnalisables, un syst\u00e8me de planification de rendez-vous efficace et des capacit\u00e9s compl\u00e8tes de gestion des clients, ce th\u00e8me offre une solution vraiment compl\u00e8te et globale pour g\u00e9rer efficacement tous les aspects des op\u00e9rations commerciales . En outre, il convient de noter que ce th\u00e8me a \u00e9t\u00e9 optimis\u00e9 de mani\u00e8re experte pour la visibilit\u00e9 du moteur de recherche et les performances exceptionnelles sur les appareils mobiles, garantissant une exp\u00e9rience utilisateur in\u00e9gal et impeccablement fluide sur toutes les plates-formes et appareils. Que vous soyez le propri\u00e9taire d&rsquo;une soci\u00e9t\u00e9 de conseil relativement petite ou d&rsquo;une soci\u00e9t\u00e9 de services financiers influente et expansive, le th\u00e8me WordPress de conseil et de financement Delaware repr\u00e9sente le choix id\u00e9al et sans \u00e9quivoque pour am\u00e9liorer consid\u00e9rablement votre pr\u00e9sence en ligne et faciliter la rationalisation transparente de vos op\u00e9rations commerciales .<\/p>\n<ul>\n<li>Th\u00e8me WordPress con\u00e7u par des professionnels adapt\u00e9s aux industries du conseil et de la finance<\/li>\n<li>Interface conviviale pour une personnalisation et une modification faciles<\/li>\n<li>Conception enti\u00e8rement r\u00e9active optimis\u00e9e pour la navigation mobile et de bureau<\/li>\n<li>Multipliers dispositions de d\u00e9monstration et pages pr\u00e9-con\u00e7ues pour une configuration rapide<\/li>\n<li>Compatible avec les plugins WordPress populaires tels que le formulaire de contact 7, le curseur de r\u00e9volution et le compositeur visuel<\/li>\n<li>Comprend des fonctionnalit\u00e9s essentielles telles que l&rsquo;int\u00e9gration Google Maps et les formulaires d&rsquo;abonnement \u00e0 newsletter<\/li>\n<li>Typographie propre et moderne avec une attention \u00e0 la lisibilit\u00e9 et \u00e0 l&rsquo;accessibilit\u00e9<\/li>\n<li>Code de r\u00e9f\u00e9rencement et outils d&rsquo;optimisation int\u00e9gr\u00e9s pour la visibilit\u00e9 du moteur de recherche<\/li>\n<li>Mises \u00e0 jour r\u00e9guli\u00e8res et soutien d\u00e9di\u00e9 \u00e0 des d\u00e9veloppeurs exp\u00e9riment\u00e9s<\/li>\n<li>Documentation compl\u00e8te et didacticiels vid\u00e9o pour l&rsquo;installation et la configuration sans tracas.<\/li>\n<\/ul>\n","protected":false},"excerpt":{"rendered":"<p>D\u00e9couvrez le pouvoir et la polyvalence du th\u00e8me WordPress de conseil et de financement du Delaware. Con\u00e7u sp\u00e9cifiquement pour le conseil, la finance et les professionnels, ce th\u00e8me regorge de fonctionnalit\u00e9s innovantes qui am\u00e9liorent votre pr\u00e9sence en ligne. Il poss\u00e8de un design propre et moderne qui donne \u00e0 votre site Web un avantage professionnel. Sa mise en page r\u00e9active garantit une visualisation optimale sur tous les appareils, tandis que la structure adapt\u00e9e au r\u00e9f\u00e9rencement contribue \u00e0 augmenter la visibilit\u00e9 de votre site Web. Avec des options de th\u00e8me avanc\u00e9es, la personnalisation est sans effort, vous permettant de cr\u00e9er un site Web unique qui refl\u00e8te l&rsquo;identit\u00e9 de votre marque. Le th\u00e8me du Delaware est \u00e9galement livr\u00e9 avec Revolution Slider et WPBakery Page Builder pour la construction de pages sans couture et glisser-d\u00e9poser. De plus, sa compatibilit\u00e9 WooCommerce rend la mise en place d&rsquo;une boutique en ligne un jeu d&rsquo;enfant. Mettez \u00e0 niveau votre plate-forme num\u00e9rique avec le th\u00e8me WordPress de conseil et de financement Delaware.<\/p>\n","protected":false},"featured_media":143517,"comment_status":"open","ping_status":"open","template":"","meta":[],"product_brand":[2433],"product_cat":[1516,1212,1213],"product_tag":[1366],"class_list":{"0":"post-115991","1":"product","2":"type-product","3":"status-publish","4":"has-post-thumbnail","6":"product_brand-themeforest","7":"product_cat-entreprise","8":"product_cat-themes","9":"product_cat-wordpress-themes","10":"product_tag-themeforest","11":"member-discount","12":"discount-restricted","14":"first","15":"instock","16":"sale","17":"downloadable","18":"virtual","19":"sold-individually","20":"purchasable","21":"product-type-simple"},"_links":{"self":[{"href":"https:\/\/gpl-love.com\/fr\/wp-json\/wp\/v2\/product\/115991","targetHints":{"allow":["GET"]}}],"collection":[{"href":"https:\/\/gpl-love.com\/fr\/wp-json\/wp\/v2\/product"}],"about":[{"href":"https:\/\/gpl-love.com\/fr\/wp-json\/wp\/v2\/types\/product"}],"replies":[{"embeddable":true,"href":"https:\/\/gpl-love.com\/fr\/wp-json\/wp\/v2\/comments?post=115991"}],"wp:featuredmedia":[{"embeddable":true,"href":"https:\/\/gpl-love.com\/fr\/wp-json\/wp\/v2\/media\/143517"}],"wp:attachment":[{"href":"https:\/\/gpl-love.com\/fr\/wp-json\/wp\/v2\/media?parent=115991"}],"wp:term":[{"taxonomy":"product_brand","embeddable":true,"href":"https:\/\/gpl-love.com\/fr\/wp-json\/wp\/v2\/product_brand?post=115991"},{"taxonomy":"product_cat","embeddable":true,"href":"https:\/\/gpl-love.com\/fr\/wp-json\/wp\/v2\/product_cat?post=115991"},{"taxonomy":"product_tag","embeddable":true,"href":"https:\/\/gpl-love.com\/fr\/wp-json\/wp\/v2\/product_tag?post=115991"}],"curies":[{"name":"wp","href":"https:\/\/api.w.org\/{rel}","templated":true}]}}