{"id":115989,"date":"2022-05-21T00:00:00","date_gmt":"2022-05-20T22:00:00","guid":{"rendered":"http:\/\/gpl-love.com\/fr\/produit\/deeds-best-responsive-nonprofit-church-wordpress-theme\/"},"modified":"2026-03-20T23:00:29","modified_gmt":"2026-03-20T22:00:29","slug":"deeds-best-responsive-nonprofit-church-wordpress-theme","status":"publish","type":"product","link":"https:\/\/gpl-love.com\/fr\/produit\/deeds-best-responsive-nonprofit-church-wordpress-theme\/","title":{"rendered":"Deeds Best Responsive Nonprofit Church WordPress Theme 8.7"},"content":{"rendered":"<h3>Deeds Best Responsive Nonprofit Church WordPress Theme Traits<\/h3>\n<p>Les actes de l&rsquo;\u00c9glise \u00e0 but non lucratif r\u00e9actifs Le th\u00e8me WordPress se distingue comme un th\u00e8me extraordinaire qui a \u00e9t\u00e9 m\u00e9ticuleusement con\u00e7u pour les besoins sp\u00e9cifiques des \u00e9glises et des organisations \u00e0 but non lucratif. Sa conception r\u00e9active remarquable garantit une compatibilit\u00e9 sans faille sur tous les appareils, garantissant une exp\u00e9rience utilisateur in\u00e9gal\u00e9e. Ce th\u00e8me poss\u00e8de un large \u00e9ventail de fonctionnalit\u00e9s, qui incluent la possibilit\u00e9 de personnaliser les dispositions en fonction des pr\u00e9f\u00e9rences individuelles, offrant un niveau de flexibilit\u00e9 qui est vraiment in\u00e9gal\u00e9. De plus, la disponibilit\u00e9 de plusieurs options de page d&rsquo;accueil am\u00e9liore encore la polyvalence du th\u00e8me, permettant aux utilisateurs de cr\u00e9er une pr\u00e9sence en ligne unique et captivante. Avec l&rsquo;int\u00e9gration d&rsquo;un puissant constructeur de page de glisser-d\u00e9poser, m\u00eame ceux qui ont une expertise technique limit\u00e9e peuvent naviguer sans effort dans l&rsquo;interface intuitive du th\u00e8me. De plus, la nature hautement personnalisable des actes permet aux utilisateurs d&rsquo;adapter pr\u00e9cis\u00e9ment le th\u00e8me \u00e0 leurs exigences sp\u00e9cifiques, r\u00e9sultant en une plate-forme en ligne vraiment personnalis\u00e9e. Essentiellement, le th\u00e8me WordPress de l&rsquo;\u00c9glise \u00e0 but non lucratif des actions les plus r\u00e9actifs est un t\u00e9moignage de l&rsquo;excellence, offrant aux \u00e9glises et aux organisations \u00e0 but non lucratif avec une voie exceptionnelle pour \u00e9tablir et fortifier leur pr\u00e9sence sur Internet.<\/p>\n<ul>\n<li>Les actes de l&rsquo;\u00c9glise \u00e0 but non lucratif r\u00e9actifs Le th\u00e8me WordPress est un th\u00e8me WordPress premium con\u00e7u sp\u00e9cifiquement pour les organisations \u00e0 but non lucratif, les \u00e9glises et les communaut\u00e9s religieuses.<\/li>\n<li>Il est pleinement r\u00e9actif, ce qui signifie qu&rsquo;il fonctionne parfaitement sur tous les appareils, y compris les ordinateurs de bureau, les ordinateurs portables, les tablettes et les smartphones.<\/li>\n<li>Le th\u00e8me est facile \u00e0 personnaliser et est livr\u00e9 avec une gamme d&rsquo;options de personnalisation pratiques et puissantes, y compris les sch\u00e9mas de couleurs, les polices et les mises en page.<\/li>\n<li>Le th\u00e8me WordPress de l&rsquo;\u00e9glise \u00e0 but non lucratif r\u00e9actif \u00e0 but non lucratif comprend une gamme de fonctionnalit\u00e9s con\u00e7ues sp\u00e9cifiquement pour les organisations \u00e0 but non lucratif, y compris les formulaires de don, les calendriers d&rsquo;\u00e9v\u00e9nements et les profils des membres.<\/li>\n<li>Le th\u00e8me est construit avec les derni\u00e8res technologies Web, ce qui le rend rapide, s\u00e9curis\u00e9 et fiable.<\/li>\n<li>Il comprend une gamme de widgets et de plugins personnalis\u00e9s pour vous aider \u00e0 \u00e9tendre les fonctionnalit\u00e9s de votre site Web et \u00e0 faire ressortir votre organisation \u00e0 but non lucratif en ligne.<\/li>\n<li>Le th\u00e8me dispose d&rsquo;un panneau d&rsquo;administration convivial qui vous permet de g\u00e9rer facilement le contenu, la conception et les fonctionnalit\u00e9s de votre site Web.<\/li>\n<li>Le th\u00e8me WordPress de l&rsquo;\u00e9glise \u00e0 but non lucratif r\u00e9actif \u00e0 but non lucratif est con\u00e7u pour \u00eatre adapt\u00e9 au r\u00e9f\u00e9rencement, aidant votre site Web \u00e0 se classer plus haut dans les r\u00e9sultats des moteurs de recherche et \u00e0 g\u00e9n\u00e9rer plus de trafic vers le site Web de votre organisation \u00e0 but non lucratif.<\/li>\n<li>Les clients qui ach\u00e8tent les actions le meilleur th\u00e8me WordPress de l&rsquo;\u00e9glise \u00e0 but non lucratif r\u00e9actif recevront \u00e9galement des mises \u00e0 jour gratuites et un support technique pour s&rsquo;assurer que leur site Web se d\u00e9roule bien au fil du temps.<\/li>\n<\/ul>\n","protected":false},"excerpt":{"rendered":"<p>Pr\u00e9sentation des actes, le meilleur th\u00e8me WordPress de l&rsquo;\u00e9glise \u00e0 but non lucratif r\u00e9actif con\u00e7u pour r\u00e9pondre aux besoins des \u00e9glises, de la propagation religieuse, des organisations \u00e0 but non lucratif, du minist\u00e8re, de l&rsquo;\u00e9v\u00e9nement et des communaut\u00e9s religieuses. Ce th\u00e8me est un outil exceptionnel pour cr\u00e9er une pr\u00e9sence en ligne engageante. Le th\u00e8me est enti\u00e8rement r\u00e9actif, garantissant qu&rsquo;il aura fi\u00e8re allure sur tous les appareils et tailles d&rsquo;\u00e9cran. Avec les actes, vous pouvez g\u00e9rer sans effort les sermons, les \u00e9v\u00e9nements, les dons et les articles de blog. Le th\u00e8me est \u00e9galement livr\u00e9 avec l&rsquo;int\u00e9gration WooCommerce, vous permettant de vendre des produits li\u00e9s \u00e0 l&rsquo;\u00e9glise de mani\u00e8re transparente. De plus, il offre un support client exceptionnel, en vous assurant d&rsquo;obtenir l&rsquo;aide dont vous avez besoin lors de la configuration. Investissez dans les actes, le meilleur th\u00e8me de WordPress de l&rsquo;\u00e9glise \u00e0 but non lucratif r\u00e9actif, et construisez une forte pr\u00e9sence en ligne pour votre communaut\u00e9 religieuse.<\/p>\n","protected":false},"featured_media":143515,"comment_status":"open","ping_status":"open","template":"","meta":[],"product_brand":[2433],"product_cat":[1242,1212,1213],"product_tag":[1366],"class_list":{"0":"post-115989","1":"product","2":"type-product","3":"status-publish","4":"has-post-thumbnail","6":"product_brand-themeforest","7":"product_cat-creatif","8":"product_cat-themes","9":"product_cat-wordpress-themes","10":"product_tag-themeforest","11":"member-discount","12":"discount-restricted","14":"first","15":"instock","16":"sale","17":"downloadable","18":"virtual","19":"sold-individually","20":"purchasable","21":"product-type-simple"},"_links":{"self":[{"href":"https:\/\/gpl-love.com\/fr\/wp-json\/wp\/v2\/product\/115989","targetHints":{"allow":["GET"]}}],"collection":[{"href":"https:\/\/gpl-love.com\/fr\/wp-json\/wp\/v2\/product"}],"about":[{"href":"https:\/\/gpl-love.com\/fr\/wp-json\/wp\/v2\/types\/product"}],"replies":[{"embeddable":true,"href":"https:\/\/gpl-love.com\/fr\/wp-json\/wp\/v2\/comments?post=115989"}],"wp:featuredmedia":[{"embeddable":true,"href":"https:\/\/gpl-love.com\/fr\/wp-json\/wp\/v2\/media\/143515"}],"wp:attachment":[{"href":"https:\/\/gpl-love.com\/fr\/wp-json\/wp\/v2\/media?parent=115989"}],"wp:term":[{"taxonomy":"product_brand","embeddable":true,"href":"https:\/\/gpl-love.com\/fr\/wp-json\/wp\/v2\/product_brand?post=115989"},{"taxonomy":"product_cat","embeddable":true,"href":"https:\/\/gpl-love.com\/fr\/wp-json\/wp\/v2\/product_cat?post=115989"},{"taxonomy":"product_tag","embeddable":true,"href":"https:\/\/gpl-love.com\/fr\/wp-json\/wp\/v2\/product_tag?post=115989"}],"curies":[{"name":"wp","href":"https:\/\/api.w.org\/{rel}","templated":true}]}}