{"id":115987,"date":"2024-02-05T00:00:00","date_gmt":"2024-02-04T23:00:00","guid":{"rendered":"http:\/\/gpl-love.com\/fr\/produit\/car-service-mechanic-auto-shop-wordpress-theme\/"},"modified":"2026-03-20T22:58:00","modified_gmt":"2026-03-20T21:58:00","slug":"car-service-mechanic-auto-shop-wordpress-theme","status":"publish","type":"product","link":"https:\/\/gpl-love.com\/fr\/produit\/car-service-mechanic-auto-shop-wordpress-theme\/","title":{"rendered":"Car Service Mechanic Auto Shop WordPress Theme 7.4"},"content":{"rendered":"<h3>Car Service Mechanic Auto Shop WordPress Theme Traits<\/h3>\n<p>Le th\u00e8me WordPress m\u00e9canicien de service automobile WordPress se pr\u00e9sente comme une solution robuste pour les entreprises automobiles cherchant \u00e0 \u00e9tablir une pr\u00e9sence en ligne convaincante. B\u00e9n\u00e9ficiant d&rsquo;un design contemporain et enti\u00e8rement personnalisable, ce th\u00e8me propose une plate-forme exceptionnelle pour pr\u00e9senter votre \u00e9ventail de services et attirer la client\u00e8le potentielle. De plus, ce th\u00e8me englobe une multitude de mod\u00e8les de pages, englobant ceux adapt\u00e9s aux services, aux prix et aux informations de contact, rationalisant ainsi le processus d&rsquo;\u00e9rection d&rsquo;un site Web qui d\u00e9gage le plus grand professionnalisme. De plus, le th\u00e8me a \u00e9t\u00e9 m\u00e9ticuleusement optimis\u00e9 pour les moteurs de recherche, garantissant une visibilit\u00e9 accrue aux clients potentiels. Dans l&rsquo;ensemble, le th\u00e8me WordPress m\u00e9canique de service automobile est une option exemplaire pour tout \u00e9tablissement automobile aspirant \u00e0 \u00e9largir son influence en ligne.<\/p>\n<ul>\n<li>Conception enti\u00e8rement personnalisable avec g\u00e9n\u00e9rateur de page Drag and Drop<\/li>\n<li>Conception r\u00e9active qui s&rsquo;adapte \u00e0 n&rsquo;importe quelle taille d&rsquo;\u00e9cran<\/li>\n<li>Optimis\u00e9 pour que SEO am\u00e9liore les classements des moteurs de recherche<\/li>\n<li>Syst\u00e8me de r\u00e9servation de rendez-vous pratique pour les clients<\/li>\n<li>Liste compl\u00e8te des services avec des informations sur les prix<\/li>\n<li>Int\u00e9gration avec les passerelles de paiement populaires<\/li>\n<li>Tableau de bord facile \u00e0 utiliser pour g\u00e9rer les rendez-vous, les services et les commandes<\/li>\n<li>Fonctionnalit\u00e9 de recherche avanc\u00e9e pour trouver des services ou des m\u00e9canismes sp\u00e9cifiques<\/li>\n<li>Section interactive Avis et notes des clients<\/li>\n<li>Support client 24\/7 et documentation compl\u00e8te<\/li>\n<\/ul>\n","protected":false},"excerpt":{"rendered":"<p>Entrez dans le monde de la r\u00e9paration de v\u00e9hicules professionnels avec notre th\u00e8me WordPress de l&rsquo;atelier automatique de m\u00e9canique de service automobile. Ce th\u00e8me est parfait pour les ateliers de r\u00e9paration automobile, les ateliers m\u00e9caniciens, les centres de services automobiles et toutes les entreprises li\u00e9es \u00e0 l&rsquo;automobile.<\/p>\n<p>D\u00e9couvrez la puissance d&rsquo;une conception enti\u00e8rement r\u00e9active qui garantit que votre site Web a fi\u00e8re allure sur n&rsquo;importe quel appareil, des ordinateurs de bureau aux t\u00e9l\u00e9phones mobiles. Notre th\u00e8me int\u00e8gre un syst\u00e8me de r\u00e9servation robuste, permettant \u00e0 vos clients de prendre des rendez-vous avec facilit\u00e9. Il dispose \u00e9galement d&rsquo;une fonctionnalit\u00e9 de calculatrice de co\u00fbts pour un syst\u00e8me de tarification de service transparent, am\u00e9liorant la confiance des clients.<\/p>\n<p>B\u00e9n\u00e9ficier de l&rsquo;int\u00e9gration WooCommerce qui permet un processus de vente en ligne fluide. Avec le personnalisateur de th\u00e8me, vous pouvez personnaliser votre site Web pour refl\u00e9ter votre marque unique. Le th\u00e8me est \u00e9galement livr\u00e9 avec une vari\u00e9t\u00e9 de pages pr\u00e9-con\u00e7ues qui sont faciles \u00e0 installer et \u00e0 personnaliser, ce qui vous fait gagner du temps et des efforts.<\/p>\n<p>L&rsquo;optimisation accrue du SEO garantit que votre entreprise se classe plus haut sur les r\u00e9sultats des moteurs de recherche, attirant plus de clients potentiels sur votre site. Avec le th\u00e8me WordPress de notre m\u00e9canisme de service automobile, vous pouvez fournir un utilisateur engageant<\/p>\n","protected":false},"featured_media":143354,"comment_status":"open","ping_status":"open","template":"","meta":[],"product_brand":[2433],"product_cat":[1242,1212,1213],"product_tag":[1366],"class_list":{"0":"post-115987","1":"product","2":"type-product","3":"status-publish","4":"has-post-thumbnail","6":"product_brand-themeforest","7":"product_cat-creatif","8":"product_cat-themes","9":"product_cat-wordpress-themes","10":"product_tag-themeforest","11":"member-discount","12":"discount-restricted","14":"first","15":"instock","16":"sale","17":"downloadable","18":"virtual","19":"sold-individually","20":"purchasable","21":"product-type-simple"},"_links":{"self":[{"href":"https:\/\/gpl-love.com\/fr\/wp-json\/wp\/v2\/product\/115987","targetHints":{"allow":["GET"]}}],"collection":[{"href":"https:\/\/gpl-love.com\/fr\/wp-json\/wp\/v2\/product"}],"about":[{"href":"https:\/\/gpl-love.com\/fr\/wp-json\/wp\/v2\/types\/product"}],"replies":[{"embeddable":true,"href":"https:\/\/gpl-love.com\/fr\/wp-json\/wp\/v2\/comments?post=115987"}],"wp:featuredmedia":[{"embeddable":true,"href":"https:\/\/gpl-love.com\/fr\/wp-json\/wp\/v2\/media\/143354"}],"wp:attachment":[{"href":"https:\/\/gpl-love.com\/fr\/wp-json\/wp\/v2\/media?parent=115987"}],"wp:term":[{"taxonomy":"product_brand","embeddable":true,"href":"https:\/\/gpl-love.com\/fr\/wp-json\/wp\/v2\/product_brand?post=115987"},{"taxonomy":"product_cat","embeddable":true,"href":"https:\/\/gpl-love.com\/fr\/wp-json\/wp\/v2\/product_cat?post=115987"},{"taxonomy":"product_tag","embeddable":true,"href":"https:\/\/gpl-love.com\/fr\/wp-json\/wp\/v2\/product_tag?post=115987"}],"curies":[{"name":"wp","href":"https:\/\/api.w.org\/{rel}","templated":true}]}}