{"id":115985,"date":"2021-11-15T00:00:00","date_gmt":"2021-11-14T23:00:00","guid":{"rendered":"http:\/\/gpl-love.com\/fr\/produit\/musik-wordpress-admin-theme\/"},"modified":"2026-03-20T23:25:56","modified_gmt":"2026-03-20T22:25:56","slug":"musik-wordpress-admin-theme","status":"publish","type":"product","link":"https:\/\/gpl-love.com\/fr\/produit\/musik-wordpress-admin-theme\/","title":{"rendered":"Musik WordPress Admin Theme 3.2"},"content":{"rendered":"<h3>Musik WordPress Admin Theme Traits<\/h3>\n<p>Le th\u00e8me d&rsquo;administrateur Musik WordPress est un mode de r\u00e9alisation exemplaire d&rsquo;un th\u00e8me d&rsquo;administration qui a \u00e9t\u00e9 m\u00e9ticuleusement con\u00e7u pour r\u00e9pondre aux besoins uniques des sites Web de musique, incarnant ainsi sa nature hautement fonctionnelle et conviviale. En raison de sa conception visuellement agr\u00e9able et de pointe, il permet aux utilisateurs un niveau de facilit\u00e9 et de comp\u00e9tence in\u00e9gal\u00e9 lorsqu&rsquo;il s&rsquo;agit de naviguer et de g\u00e9rer le contenu de leurs sites Web, tout en exsudant une aura de nouveaut\u00e9 et de sophistication. Le th\u00e8me englobe une pl\u00e9thore d&rsquo;options personnalisables, allant de la capacit\u00e9 d&rsquo;exercer un contr\u00f4le total sur les sch\u00e9mas de couleurs, les param\u00e8tres de mise en page et les choix de polices, rendant ainsi le processus d&rsquo;adaptation de l&rsquo;esth\u00e9tique visuelle du site Web une exp\u00e9rience transparente et hautement personnalis\u00e9e. Ind\u00e9pendamment de savoir si sa vocation implique d&rsquo;\u00eatre un musicien ou un blogueur musical, le th\u00e8me Admin Musik WordPress se distingue sans aucun doute la panac\u00e9e par excellence pour ceux qui recherchent une solution superlative qui leur accorde sans effort une pr\u00e9sence en ligne poli et captivante.<\/p>\n<ul>\n<li>Design \u00e9l\u00e9gant et moderne<\/li>\n<li>Syst\u00e8me de navigation et de menu facile \u00e0 utiliser<\/li>\n<li>Sch\u00e9ma de couleurs personnalisable et options de marque<\/li>\n<li>Disposition r\u00e9active pour les appareils mobiles et tablettes<\/li>\n<li>Disposages et mod\u00e8les de plusieurs pages inclus<\/li>\n<li>Int\u00e9gration int\u00e9gr\u00e9e avec les plugins et services de musique populaires<\/li>\n<li>Options avanc\u00e9es de recherche et de filtrage pour g\u00e9rer de grandes biblioth\u00e8ques musicales<\/li>\n<li>Importation de d\u00e9monstration en un clic pour une configuration rapide et facile<\/li>\n<li>Mises \u00e0 jour r\u00e9guli\u00e8res et excellent support client des d\u00e9veloppeurs<\/li>\n<li>Optimis\u00e9 pour la vitesse et les performances, avec des temps de chargement rapide et un ballonnement minimal.<\/li>\n<\/ul>\n","protected":false},"excerpt":{"rendered":"<p>Le th\u00e8me Admin Musik WordPress est un mod\u00e8le d&rsquo;administration extr\u00eamement con\u00e7u et exceptionnellement polyvalent qui a \u00e9t\u00e9 m\u00e9ticuleusement adapt\u00e9 pour r\u00e9pondre aux besoins des sites Web centr\u00e9s sur la musique. En mettant l&rsquo;accent sur l&rsquo;interface conviviale et les options de personnalisation approfondies, ce th\u00e8me pr\u00e9sente un \u00e9ventail de caract\u00e9ristiques innovantes et d&rsquo;outils de pointe qui facilitent la gestion transparente du contenu et de l&rsquo;arrangement de votre site Web. Il s&rsquo;agit notamment de la fourniture de widgets personnalisables, d&rsquo;un constructeur de pages glisser-d\u00e9poser sans tracas et d&rsquo;un assortiment de mod\u00e8les pr\u00e9-con\u00e7us qui vous accordent la libert\u00e9 de s\u00e9lectionner parmi un large \u00e9ventail d&rsquo;options visuellement captivantes. Ce th\u00e8me remarquable est un choix id\u00e9al pour les personnes cherchant \u00e0 fa\u00e7onner un site Web extraordinaire sur le th\u00e8me de la musique qui se distingue sans effort des autres.<\/p>\n","protected":false},"featured_media":144604,"comment_status":"open","ping_status":"open","template":"","meta":[],"product_brand":[2435],"product_cat":[1189,1181,1186],"product_tag":[1231],"class_list":{"0":"post-115985","1":"product","2":"type-product","3":"status-publish","4":"has-post-thumbnail","6":"product_brand-codecanyon","7":"product_cat-personnalisation","8":"product_cat-plugins","9":"product_cat-wordpress-plugins","10":"product_tag-codecanyon","11":"member-discount","12":"discount-restricted","14":"first","15":"instock","16":"sale","17":"downloadable","18":"virtual","19":"sold-individually","20":"purchasable","21":"product-type-simple"},"_links":{"self":[{"href":"https:\/\/gpl-love.com\/fr\/wp-json\/wp\/v2\/product\/115985","targetHints":{"allow":["GET"]}}],"collection":[{"href":"https:\/\/gpl-love.com\/fr\/wp-json\/wp\/v2\/product"}],"about":[{"href":"https:\/\/gpl-love.com\/fr\/wp-json\/wp\/v2\/types\/product"}],"replies":[{"embeddable":true,"href":"https:\/\/gpl-love.com\/fr\/wp-json\/wp\/v2\/comments?post=115985"}],"wp:featuredmedia":[{"embeddable":true,"href":"https:\/\/gpl-love.com\/fr\/wp-json\/wp\/v2\/media\/144604"}],"wp:attachment":[{"href":"https:\/\/gpl-love.com\/fr\/wp-json\/wp\/v2\/media?parent=115985"}],"wp:term":[{"taxonomy":"product_brand","embeddable":true,"href":"https:\/\/gpl-love.com\/fr\/wp-json\/wp\/v2\/product_brand?post=115985"},{"taxonomy":"product_cat","embeddable":true,"href":"https:\/\/gpl-love.com\/fr\/wp-json\/wp\/v2\/product_cat?post=115985"},{"taxonomy":"product_tag","embeddable":true,"href":"https:\/\/gpl-love.com\/fr\/wp-json\/wp\/v2\/product_tag?post=115985"}],"curies":[{"name":"wp","href":"https:\/\/api.w.org\/{rel}","templated":true}]}}