{"id":115937,"date":"2021-06-19T00:00:00","date_gmt":"2021-06-18T22:00:00","guid":{"rendered":"http:\/\/gpl-love.com\/fr\/produit\/overflow-contemporary-blog-et-magazine-wordpress-theme\/"},"modified":"2026-04-10T18:35:30","modified_gmt":"2026-04-10T16:35:30","slug":"overflow-contemporary-blog-et-magazine-wordpress-theme","status":"publish","type":"product","link":"https:\/\/gpl-love.com\/fr\/produit\/overflow-contemporary-blog-et-magazine-wordpress-theme\/","title":{"rendered":"Overflow Contemporary Blog et Magazine WordPress Theme 1.4.9"},"content":{"rendered":"<h3>Overflow Contemporary Blog et Magazine WordPress Theme Traits<\/h3>\n<p>Overflow Contemporary Blog and Magazine WordPress Th\u00e8me est un th\u00e8me incroyablement contemporain et remarquablement \u00e9l\u00e9gant qui a \u00e9t\u00e9 m\u00e9ticuleusement con\u00e7u et soigneusement con\u00e7u avec l&rsquo;intention de r\u00e9pondre aux besoins et aux d\u00e9sirs des blogueurs et des sites Web de magazines. Ce th\u00e8me impressionnant et frappant visuellement offre un design propre et professionnel qui combine de mani\u00e8re transparente l&rsquo;attrait esth\u00e9tique et la fonctionnalit\u00e9 pratique. L&rsquo;une des fonctionnalit\u00e9s remarquables de Overflow r\u00e9side dans sa conception enti\u00e8rement r\u00e9active, qui s&rsquo;adapte et s&rsquo;adapte sans effort \u00e0 un appareil ou \u00e0 une taille d&rsquo;\u00e9cran donn\u00e9e, en veillant \u00e0 ce que votre site Web reste accessible et convivial \u00e0 un large \u00e9ventail de publics. De plus, ce th\u00e8me exceptionnel est \u00e9quip\u00e9 d&rsquo;une myriade d&rsquo;options de personnalisation, offrant aux utilisateurs l&rsquo;occasion inestimable de personnaliser et d&rsquo;adapter leur site \u00e0 leurs sp\u00e9cifications exactes et \u00e0 leurs exigences uniques. En plus de ces fonctionnalit\u00e9s remarquables, Overflow propose \u00e9galement une gamme diversifi\u00e9e de formats de poste, de widgets personnalis\u00e9s et d&rsquo;int\u00e9gration de m\u00e9dias sociaux sans faille, permettant ainsi aux utilisateurs de partager sans effort et efficacement leur contenu pr\u00e9cieux sur plusieurs plateformes, amplifiant sa port\u00e9e et son impact de fa\u00e7on exponentielle. Pour r\u00e9sumer, si vous cherchez \u00e0 organiser et \u00e0 cultiver un blog ou un site Web de magazine moderne, professionnel et captivant, le d\u00e9bordement est sans aucun doute le choix id\u00e9al qui ne d\u00e9cevra pas.<\/p>\n<ul>\n<li>Design moderne et \u00e9l\u00e9gant<\/li>\n<li>Disposition r\u00e9active pour une visualisation optimale sur le bureau, la tablette et les appareils mobiles<\/li>\n<li>Page d&rsquo;accueil personnalisable avec plusieurs options de mise en page<\/li>\n<li>5+ styles d&rsquo;en-t\u00eate au choix<\/li>\n<li>Widgets personnalis\u00e9s et shortcodes pour des fonctionnalit\u00e9s suppl\u00e9mentaires<\/li>\n<li>Plusieurs formats de publication (standard, galerie, vid\u00e9o, audio, devis)<\/li>\n<li>SEO optimis\u00e9 pour un meilleur classement des moteurs de recherche<\/li>\n<li>Compatible avec les plugins WordPress populaires<\/li>\n<li>Documentation approfondie et support client d\u00e9di\u00e9<\/li>\n<\/ul>\n","protected":false},"excerpt":{"rendered":"<p>Overflow est un th\u00e8me WordPress exceptionnellement avanc\u00e9 et \u00e0 la pointe de la technologie qui a \u00e9t\u00e9 complicit\u00e9 et con\u00e7u dans le but explicite de r\u00e9pondre aux exigences et pr\u00e9f\u00e9rences contemporaines des individus exigeants qui cherchent \u00e0 \u00e9tablir leur pr\u00e9sence virtuelle par la cr\u00e9ation de la captivation visuellement captivante visuellement et des blogs et des magazines en ligne esth\u00e9tiquement agr\u00e9ables. Avec son design remarquablement \u00e9l\u00e9gant et ind\u00e9niablement minimaliste, le d\u00e9bordement incarne sans effort un niveau de sophistication qui est tenu de captiver et de captiver tout spectateur, garantissant ainsi que votre contenu est pr\u00e9sent\u00e9 de la mani\u00e8re la plus \u00e9l\u00e9gante et la plus engageante concevable. De plus, ce th\u00e8me a \u00e9t\u00e9 soigneusement \u00e9quip\u00e9 d&rsquo;un \u00e9ventail de fonctionnalit\u00e9s puissantes et formidables, ce qui le rend le choix par excellence pour quiconque souhaite faire preuve de mani\u00e8re transparente et sans effort sans effort d&rsquo;une mani\u00e8re \u00e9l\u00e9gante et captivante. En outre, les caract\u00e9ristiques saillantes du d\u00e9bordement s&rsquo;\u00e9tendent au-del\u00e0 de sa conception frappante, car il offre \u00e9galement une impressionnante gamme de mises en page de page d&rsquo;accueil, de widgets personnalis\u00e9s et d&rsquo;un panneau d&rsquo;options de th\u00e8me convivial et de mani\u00e8re remarquable et remarquable qui vous renforce la possibilit\u00e9 de la possibilit\u00e9 sans effort et largement Personnalisez et personnalisez chaque aspect de votre domaine virtuel estim\u00e9. Que vous vous identifiiez en tant que blogueur, journaliste ou \u00e9crivain cr\u00e9atif, le d\u00e9bordement est sans aucun doute le choix superlatif \u00e0 consid\u00e9rer, car il promet et garantit la cr\u00e9ation et l&rsquo;\u00e9tablissement d&rsquo;une pr\u00e9sence en ligne sans \u00e9quivoque et extr\u00eamement remarquable.<\/p>\n","protected":false},"featured_media":144883,"comment_status":"open","ping_status":"open","template":"","meta":[],"product_brand":[2433],"product_cat":[1220,1212,1213],"product_tag":[1366],"class_list":{"0":"post-115937","1":"product","2":"type-product","3":"status-publish","4":"has-post-thumbnail","6":"product_brand-themeforest","7":"product_cat-blog-magazine","8":"product_cat-themes","9":"product_cat-wordpress-themes","10":"product_tag-themeforest","11":"member-discount","12":"discount-restricted","14":"first","15":"instock","16":"sale","17":"downloadable","18":"virtual","19":"sold-individually","20":"purchasable","21":"product-type-simple"},"_links":{"self":[{"href":"https:\/\/gpl-love.com\/fr\/wp-json\/wp\/v2\/product\/115937","targetHints":{"allow":["GET"]}}],"collection":[{"href":"https:\/\/gpl-love.com\/fr\/wp-json\/wp\/v2\/product"}],"about":[{"href":"https:\/\/gpl-love.com\/fr\/wp-json\/wp\/v2\/types\/product"}],"replies":[{"embeddable":true,"href":"https:\/\/gpl-love.com\/fr\/wp-json\/wp\/v2\/comments?post=115937"}],"wp:featuredmedia":[{"embeddable":true,"href":"https:\/\/gpl-love.com\/fr\/wp-json\/wp\/v2\/media\/144883"}],"wp:attachment":[{"href":"https:\/\/gpl-love.com\/fr\/wp-json\/wp\/v2\/media?parent=115937"}],"wp:term":[{"taxonomy":"product_brand","embeddable":true,"href":"https:\/\/gpl-love.com\/fr\/wp-json\/wp\/v2\/product_brand?post=115937"},{"taxonomy":"product_cat","embeddable":true,"href":"https:\/\/gpl-love.com\/fr\/wp-json\/wp\/v2\/product_cat?post=115937"},{"taxonomy":"product_tag","embeddable":true,"href":"https:\/\/gpl-love.com\/fr\/wp-json\/wp\/v2\/product_tag?post=115937"}],"curies":[{"name":"wp","href":"https:\/\/api.w.org\/{rel}","templated":true}]}}