{"id":115933,"date":"2021-08-28T00:00:00","date_gmt":"2021-08-27T22:00:00","guid":{"rendered":"http:\/\/gpl-love.com\/fr\/produit\/manufacturer-factory-et-industrial-wordpress-theme\/"},"modified":"2026-03-20T23:23:39","modified_gmt":"2026-03-20T22:23:39","slug":"manufacturer-factory-et-industrial-wordpress-theme","status":"publish","type":"product","link":"https:\/\/gpl-love.com\/fr\/produit\/manufacturer-factory-et-industrial-wordpress-theme\/","title":{"rendered":"Manufacturer Factory et Industrial WordPress Theme 1.3.5"},"content":{"rendered":"<h3>Manufacturer Factory et Industrial WordPress Theme Traits<\/h3>\n<p>Le th\u00e8me WordPress de l&rsquo;usine et industriel du fabricant, connu pour ses capacit\u00e9s formidables, sert d&rsquo;outil puissant pour les entreprises op\u00e9rant dans les domaines de fabrication, d&rsquo;usine et industriels, les permettant \u00e0 la formidable pr\u00e9sence en ligne. Ce th\u00e8me remarquable comprend un large \u00e9ventail de fonctionnalit\u00e9s puissantes et d&rsquo;options de personnalisation, accordant aux utilisateurs la possibilit\u00e9 de fa\u00e7onner un site Web impressionnant qui d\u00e9gage leur identit\u00e9 de marque distinctive. Naviguement de mani\u00e8re transparente dans l&rsquo;interface conviviale de ce th\u00e8me, les individus peuvent montrer sans effort un assortiment de produits, de services et de solutions d&rsquo;entreprise. Sp\u00e9cifiquement adapt\u00e9 pour r\u00e9pondre aux exigences uniques de la fabrication et des entreprises industrielles, ce th\u00e8me int\u00e8gre un vaste catalogue de produits, des widgets personnalis\u00e9s et des mod\u00e8les de page pr\u00eats \u00e0 l&#8217;emploi, qui accentuent efficacement les offres in\u00e9gal\u00e9es d&rsquo;une entreprise. En adoptant le th\u00e8me WordPress de l&rsquo;usine du fabricant et industriel, les entreprises peuvent construire un site Web qui non seulement d\u00e9gage du professionnalisme mais d\u00e9montre \u00e9galement des fonctionnalit\u00e9s, garantissant ainsi une exp\u00e9rience utilisateur in\u00e9gal\u00e9e pour leurs clients et clients ch\u00e9ris.<\/p>\n<ul>\n<li>Sp\u00e9cialement con\u00e7u pour les fabricants, les usines et les entreprises industrielles<\/li>\n<li>Disposition propre et professionnelle<\/li>\n<li>Page d&rsquo;accueil personnalisable qui comprend divers sections telles que les services, les produits, les certifications et plus encore<\/li>\n<li>Builder de page de glisser-d\u00e9poser facile \u00e0 utiliser<\/li>\n<li>Mod\u00e8les de pages avant construites<\/li>\n<li>Design \u00e0 100% r\u00e9actif qui a fi\u00e8re allure sur tous les appareils<\/li>\n<li>Compatibilit\u00e9 WooCommerce pour une int\u00e9gration facile du commerce \u00e9lectronique<\/li>\n<li>Int\u00e9gration avec des plugins populaires tels que le formulaire de contact 7, le curseur Revolution et le WPML<\/li>\n<li>Optimisation de SEO int\u00e9gr\u00e9e pour am\u00e9liorer le classement des moteurs de recherche<\/li>\n<li>Documentation approfondie et \u00e9quipe d&rsquo;assistance d\u00e9di\u00e9e \u00e0 une aide \u00e0 la configuration et \u00e0 la personnalisation<\/li>\n<\/ul>\n","protected":false},"excerpt":{"rendered":"<p>Le th\u00e8me WordPress d&rsquo;entr\u00e9e offre une s\u00e9lection optimale pour les fabricants, les usines et les entreprises industrielles cherchant \u00e0 pr\u00e9senter leurs services et produits dans la sph\u00e8re en ligne. B\u00e9n\u00e9ficiant d&rsquo;une conception immacul\u00e9e et raffin\u00e9e, ce th\u00e8me pr\u00e9sente aux utilisateurs la possibilit\u00e9 de personnaliser ses fonctionnalit\u00e9s, y compris des sch\u00e9mas de couleurs, des polices et des dispositions. De plus, sa r\u00e9activit\u00e9 compl\u00e8te garantit que votre site Web maintiendra son apparence impeccable sur tous les types d&rsquo;appareils. De plus, vous d\u00e9couvrirez une pl\u00e9thore de mod\u00e8les et de widgets pr\u00e9-con\u00e7us qui enrichissent sans effort la fonctionnalit\u00e9 de votre site. Embrassez la transition en ligne transparente pour votre entreprise industrielle avec la plus grande simplicit\u00e9, gr\u00e2ce au th\u00e8me WordPress d&rsquo;entr\u00e9e remarquable.<\/p>\n","protected":false},"featured_media":144452,"comment_status":"open","ping_status":"open","template":"","meta":[],"product_brand":[2433],"product_cat":[1516,1212,1213],"product_tag":[1366],"class_list":{"0":"post-115933","1":"product","2":"type-product","3":"status-publish","4":"has-post-thumbnail","6":"product_brand-themeforest","7":"product_cat-entreprise","8":"product_cat-themes","9":"product_cat-wordpress-themes","10":"product_tag-themeforest","11":"member-discount","12":"discount-restricted","14":"first","15":"instock","16":"sale","17":"downloadable","18":"virtual","19":"sold-individually","20":"purchasable","21":"product-type-simple"},"_links":{"self":[{"href":"https:\/\/gpl-love.com\/fr\/wp-json\/wp\/v2\/product\/115933","targetHints":{"allow":["GET"]}}],"collection":[{"href":"https:\/\/gpl-love.com\/fr\/wp-json\/wp\/v2\/product"}],"about":[{"href":"https:\/\/gpl-love.com\/fr\/wp-json\/wp\/v2\/types\/product"}],"replies":[{"embeddable":true,"href":"https:\/\/gpl-love.com\/fr\/wp-json\/wp\/v2\/comments?post=115933"}],"wp:featuredmedia":[{"embeddable":true,"href":"https:\/\/gpl-love.com\/fr\/wp-json\/wp\/v2\/media\/144452"}],"wp:attachment":[{"href":"https:\/\/gpl-love.com\/fr\/wp-json\/wp\/v2\/media?parent=115933"}],"wp:term":[{"taxonomy":"product_brand","embeddable":true,"href":"https:\/\/gpl-love.com\/fr\/wp-json\/wp\/v2\/product_brand?post=115933"},{"taxonomy":"product_cat","embeddable":true,"href":"https:\/\/gpl-love.com\/fr\/wp-json\/wp\/v2\/product_cat?post=115933"},{"taxonomy":"product_tag","embeddable":true,"href":"https:\/\/gpl-love.com\/fr\/wp-json\/wp\/v2\/product_tag?post=115933"}],"curies":[{"name":"wp","href":"https:\/\/api.w.org\/{rel}","templated":true}]}}