{"id":115931,"date":"2021-07-04T00:00:00","date_gmt":"2021-07-03T22:00:00","guid":{"rendered":"http:\/\/gpl-love.com\/fr\/produit\/super-backup-et-clone-migrate-pour-wordpress\/"},"modified":"2026-04-10T18:41:29","modified_gmt":"2026-04-10T16:41:29","slug":"super-backup-et-clone-migrate-pour-wordpress","status":"publish","type":"product","link":"https:\/\/gpl-love.com\/fr\/produit\/super-backup-et-clone-migrate-pour-wordpress\/","title":{"rendered":"Super Backup et Clone Migrate pour WordPress 2.3.3"},"content":{"rendered":"<h3>Super Backup et Clone Migrate pour WordPress Traits<\/h3>\n<p>Super Backup et Clone migrer pour WordPress sont une solution exceptionnellement conviviale qui propose un syst\u00e8me complet de sauvegarde et de migration pour les sites Web WordPress. Cet outil puissant fournit non seulement un moyen transparent de sauvegarder les donn\u00e9es de votre site Web par rapport aux \u00e9v\u00e9nements impr\u00e9vus, tels que les accidents de site Web, le piratage de tentatives ou la perte de donn\u00e9es, mais offre \u00e9galement l&rsquo;avantage suppl\u00e9mentaire d&rsquo;activer la migration sans effort d&rsquo;un serveur \u00e0 un autre, le tout sans n\u00e9cessiter aucun expertise technique. Le processus de sauvegarde et de migration est compl\u00e8tement automatis\u00e9, vous offrant ainsi la commodit\u00e9 d&rsquo;une planification de sauvegarde r\u00e9guli\u00e8re, vous offrant la tranquillit\u00e9 d&rsquo;esprit en vous assurant que vos pr\u00e9cieuses donn\u00e9es restent perp\u00e9tuellement s\u00e9curis\u00e9es. De plus, vous pouvez \u00e9galement cloner sans effort votre site Web en quelques clics. Cette fonctionnalit\u00e9 s&rsquo;av\u00e8re extr\u00eamement utile car elle vous permet de reproduire sans effort la conception et le contenu de votre site vers un nouvel emplacement ou un nouvel environnement de mise en sc\u00e8ne. En conclusion, l&rsquo;indispensabilit\u00e9 de la super sauvegarde et du clone migrate pour WordPress ne peut pas \u00eatre surestim\u00e9e, car elle sert d&rsquo;outil inestimable pour tout propri\u00e9taire de site Web WordPress exigeant qui priorise la protection de leurs donn\u00e9es et cherche \u00e0 rationaliser le processus de migration.<\/p>\n<ul>\n<li>Sauvegarde et restaurez sans effort votre site WordPress avec la fonction Super Backup<\/li>\n<li>Clone votre site WordPress avec facilit\u00e9 et migrez-le vers un nouvel h\u00f4te avec clone migrer<\/li>\n<li>Prend en charge les options de sauvegarde automatique et manuelle, vous permettant de choisir la fr\u00e9quence des sauvegardes<\/li>\n<li>Migrez facilement votre site WordPress vers un nouveau domaine ou serveur avec la fonction Clone Migrate<\/li>\n<li>Sauvegardez en toute s\u00e9curit\u00e9 votre base de donn\u00e9es et vos fichiers WordPress, assurant la tranquillit\u00e9 d&rsquo;esprit en cas de perte de donn\u00e9es ou d&rsquo;erreurs de site Web<\/li>\n<li>Ne pas avoir des temps d&rsquo;arr\u00eat pendant le processus de migration, en vous assurant que votre site Web reste accessible et fonctionnel tout au long du processus<\/li>\n<li>L&rsquo;interface conviviale vous permet de personnaliser les param\u00e8tres de sauvegarde pour r\u00e9pondre aux exigences de personnalisation de votre site Web unique<\/li>\n<li>Fournit une int\u00e9gration transparente avec d&rsquo;autres plugins WordPress, assurant une compatibilit\u00e9 avec un large \u00e9ventail d&rsquo;outils de personnalisation et de conception du site Web<\/li>\n<li>Con\u00e7u pour acc\u00e9l\u00e9rer et simplifier le processus de sauvegarde et de migration du site Web, ce qui vous permet de gagner du temps et des tracas pr\u00e9cieux.<\/li>\n<\/ul>\n","protected":false},"excerpt":{"rendered":"<p>Super Backup et Clone Migrate pour WordPress offre une solution compl\u00e8te et tr\u00e8s efficace pour r\u00e9pondre \u00e0 toutes vos exigences de sauvegarde et de migration de votre site Web WordPress. Cet outil exceptionnel est \u00e9quip\u00e9 d&rsquo;une multitude de fonctionnalit\u00e9s robustes, vous permettant de g\u00e9n\u00e9rer sans effort des sauvegardes des fichiers de votre site Web et de votre base de donn\u00e9es. De plus, il fournit la fonctionnalit\u00e9 pratique pour cloner l&rsquo;ensemble de votre site Web et la transf\u00e9rer en douceur dans un nouveau domaine ou serveur. En utilisant la super sauvegarde et les clones migrent pour WordPress, vous pouvez \u00eatre assur\u00e9 que votre site Web b\u00e9n\u00e9ficiera de niveaux optimaux de s\u00e9curit\u00e9 et de s\u00e9curit\u00e9, vous permettant de consacrer votre \u00e9nergie \u00e0 cultiver la croissance de votre entreprise. Ne perdez pas de temps et acqu\u00e9rir cet outil inestimable aujourd&rsquo;hui pour se pr\u00e9lasser dans la tranquillit\u00e9 qu&rsquo;il vous accorde!<\/p>\n","protected":false},"featured_media":145404,"comment_status":"open","ping_status":"open","template":"","meta":[],"product_brand":[2435],"product_cat":[1187,1181,1186],"product_tag":[1231],"class_list":{"0":"post-115931","1":"product","2":"type-product","3":"status-publish","4":"has-post-thumbnail","6":"product_brand-codecanyon","7":"product_cat-administration-wordpress-plugins","8":"product_cat-plugins","9":"product_cat-wordpress-plugins","10":"product_tag-codecanyon","11":"member-discount","12":"discount-restricted","14":"first","15":"instock","16":"sale","17":"downloadable","18":"virtual","19":"sold-individually","20":"purchasable","21":"product-type-simple"},"_links":{"self":[{"href":"https:\/\/gpl-love.com\/fr\/wp-json\/wp\/v2\/product\/115931","targetHints":{"allow":["GET"]}}],"collection":[{"href":"https:\/\/gpl-love.com\/fr\/wp-json\/wp\/v2\/product"}],"about":[{"href":"https:\/\/gpl-love.com\/fr\/wp-json\/wp\/v2\/types\/product"}],"replies":[{"embeddable":true,"href":"https:\/\/gpl-love.com\/fr\/wp-json\/wp\/v2\/comments?post=115931"}],"wp:featuredmedia":[{"embeddable":true,"href":"https:\/\/gpl-love.com\/fr\/wp-json\/wp\/v2\/media\/145404"}],"wp:attachment":[{"href":"https:\/\/gpl-love.com\/fr\/wp-json\/wp\/v2\/media?parent=115931"}],"wp:term":[{"taxonomy":"product_brand","embeddable":true,"href":"https:\/\/gpl-love.com\/fr\/wp-json\/wp\/v2\/product_brand?post=115931"},{"taxonomy":"product_cat","embeddable":true,"href":"https:\/\/gpl-love.com\/fr\/wp-json\/wp\/v2\/product_cat?post=115931"},{"taxonomy":"product_tag","embeddable":true,"href":"https:\/\/gpl-love.com\/fr\/wp-json\/wp\/v2\/product_tag?post=115931"}],"curies":[{"name":"wp","href":"https:\/\/api.w.org\/{rel}","templated":true}]}}