{"id":115929,"date":"2025-10-30T00:00:00","date_gmt":"2025-10-29T23:00:00","guid":{"rendered":"http:\/\/gpl-love.com\/fr\/produit\/iconic-woocommerce-delivery-slots\/"},"modified":"2026-03-20T23:45:17","modified_gmt":"2026-03-20T22:45:17","slug":"iconic-woocommerce-delivery-slots","status":"publish","type":"product","link":"https:\/\/gpl-love.com\/fr\/produit\/iconic-woocommerce-delivery-slots\/","title":{"rendered":"WooCommerce Delivery Slots 2.10.0"},"content":{"rendered":"<h3>WooCommerce Delivery Slots Traits<\/h3>\n<p>Le plugin WooCommerce Delivery Slots poss\u00e8de des capacit\u00e9s impressionnantes, ce qui permet aux propri\u00e9taires de magasins en ligne de g\u00e9rer sans effort l&rsquo;attribution des cr\u00e9neaux de livraison pour leur large gamme de produits. En utilisant ce plugin, les clients acqui\u00e8rent la commodit\u00e9 de s\u00e9lectionner la date et l&rsquo;heure de livraison souhait\u00e9es, am\u00e9liorant leur exp\u00e9rience globale avec la boutique en ligne. Les propri\u00e9taires de magasins, \u00e0 leur tour, ont la flexibilit\u00e9 d&rsquo;\u00e9tablir plusieurs emplacements de livraison pour chaque jour, tout en ayant la possibilit\u00e9 de personnaliser les messages de livraison pour chaque emplacement. De plus, ce plugin propose un \u00e9ventail de fonctionnalit\u00e9s avanc\u00e9es, y compris la possibilit\u00e9 d&rsquo;\u00e9tablir des intervalles de livraison minimum et maximum, allouer des plages horaires sp\u00e9cifiquement pour certains jours de la semaine et des vacances, et bien plus encore. Essentiellement, les cr\u00e9neaux de livraison WooCommerce servent d&rsquo;outil tr\u00e8s pr\u00e9cieux pour tout propri\u00e9taire de boutique en ligne visant \u00e0 optimiser leur processus de livraison et \u00e0 \u00e9lever la satisfaction de leurs pr\u00e9cieux clients.<\/p>\n<ul>\n<li>Permet aux clients de s\u00e9lectionner leurs cr\u00e9neaux de livraison pr\u00e9f\u00e9r\u00e9s lors du paiement<\/li>\n<li>Fournit aux propri\u00e9taires de magasins des options de planification de livraison flexibles<\/li>\n<li>Prend en charge plusieurs cr\u00e9neaux de livraison par jour<\/li>\n<li>Options de format d&rsquo;heure et de date personnalisables pour les cr\u00e9neaux de livraison<\/li>\n<li>Option pour d\u00e9finir l&rsquo;intervalle de temps minimum et maximum entre les commandes<\/li>\n<li>Int\u00e9gration avec Google Calendrier pour le suivi et la gestion des livraisons<\/li>\n<li>Compatible avec tous les th\u00e8mes WordPress et les versions WooCommerce<\/li>\n<li>Facile \u00e0 installer et \u00e0 utiliser sans aucune connaissance de codage requise<\/li>\n<li>Documentation compl\u00e8te et soutien technique fourni par le d\u00e9veloppeur.<\/li>\n<\/ul>\n","protected":false},"excerpt":{"rendered":"<p>Les cr\u00e9neaux de livraison WooCommerce pr\u00e9sentent une solution id\u00e9ale aux entreprises cherchant \u00e0 fournir \u00e0 leur client\u00e8le une flexibilit\u00e9 et une commodit\u00e9 am\u00e9lior\u00e9es en termes d&rsquo;alternatives de livraison. Ce plugin remarquablement puissant vous permet de g\u00e9n\u00e9rer un \u00e9ventail in\u00e9puisable de cr\u00e9neaux de livraison, permettant \u00e0 vos clients de d\u00e9couvrir sans effort un d\u00e9lai de livraison qui accueille le plus id\u00e9alement leurs horaires charg\u00e9s. B\u00e9n\u00e9ficiant d&rsquo;une interface conviviale et de fonctionnalit\u00e9s de pointe, y compris la capacit\u00e9 de stipuler les seuils de commande maximum et les frais de livraison, les cr\u00e9neaux de livraison de WooCommerce deviennent un actif indispensable pour tout \u00e9tablissement de commerce \u00e9lectronique motiv\u00e9 par un engagement fervent \u00e0 fournir un service client in\u00e9gal\u00e9.<\/p>\n","protected":false},"featured_media":145860,"comment_status":"open","ping_status":"open","template":"","meta":[],"product_brand":[2572],"product_cat":[1182,1223,1181],"product_tag":[1587],"class_list":{"0":"post-115929","1":"product","2":"type-product","3":"status-publish","4":"has-post-thumbnail","6":"product_brand-iconic","7":"product_cat-commerce-electronique-plugins","8":"product_cat-personnalisation-commerce-electronique-plugins","9":"product_cat-plugins","10":"product_tag-iconic","11":"member-discount","12":"discount-restricted","14":"first","15":"instock","16":"sale","17":"downloadable","18":"virtual","19":"sold-individually","20":"purchasable","21":"product-type-simple"},"_links":{"self":[{"href":"https:\/\/gpl-love.com\/fr\/wp-json\/wp\/v2\/product\/115929","targetHints":{"allow":["GET"]}}],"collection":[{"href":"https:\/\/gpl-love.com\/fr\/wp-json\/wp\/v2\/product"}],"about":[{"href":"https:\/\/gpl-love.com\/fr\/wp-json\/wp\/v2\/types\/product"}],"replies":[{"embeddable":true,"href":"https:\/\/gpl-love.com\/fr\/wp-json\/wp\/v2\/comments?post=115929"}],"wp:featuredmedia":[{"embeddable":true,"href":"https:\/\/gpl-love.com\/fr\/wp-json\/wp\/v2\/media\/145860"}],"wp:attachment":[{"href":"https:\/\/gpl-love.com\/fr\/wp-json\/wp\/v2\/media?parent=115929"}],"wp:term":[{"taxonomy":"product_brand","embeddable":true,"href":"https:\/\/gpl-love.com\/fr\/wp-json\/wp\/v2\/product_brand?post=115929"},{"taxonomy":"product_cat","embeddable":true,"href":"https:\/\/gpl-love.com\/fr\/wp-json\/wp\/v2\/product_cat?post=115929"},{"taxonomy":"product_tag","embeddable":true,"href":"https:\/\/gpl-love.com\/fr\/wp-json\/wp\/v2\/product_tag?post=115929"}],"curies":[{"name":"wp","href":"https:\/\/api.w.org\/{rel}","templated":true}]}}