{"id":115927,"date":"2024-02-18T00:00:00","date_gmt":"2024-02-17T23:00:00","guid":{"rendered":"http:\/\/gpl-love.com\/fr\/produit\/zoomsounds-wordpress-audio-player-plugin\/"},"modified":"2026-03-20T23:54:50","modified_gmt":"2026-03-20T22:54:50","slug":"zoomsounds-wordpress-audio-player-plugin","status":"publish","type":"product","link":"https:\/\/gpl-love.com\/fr\/produit\/zoomsounds-wordpress-audio-player-plugin\/","title":{"rendered":"ZoomSounds WordPress Audio Player Plugin 6.91"},"content":{"rendered":"<h3>ZoomSounds WordPress Audio Player Plugin Traits<\/h3>\n<p>ZoomSounds est un plugin audio WordPress incroyablement puissant et plein de fonctionnalit\u00e9s qui vous accorde la possibilit\u00e9 d&rsquo;incorporer sans couture des fichiers audio de haute qualit\u00e9 sur votre site Web. B\u00e9n\u00e9ficiant d&rsquo;un design \u00e9l\u00e9gant et hautement personnalisable, ce plugin exceptionnel change de jeu absolu pour les musiciens, les podcasteurs et toute personne qui cherche \u00e0 incorporer du contenu audio dans leur site Web. Le lecteur lui-m\u00eame offre un support approfondi pour de nombreux formats audio et est \u00e9quip\u00e9 d&rsquo;une gamme d&rsquo;options de personnalisation, englobant ainsi des sch\u00e9mas de couleurs, un affichage de forme d&rsquo;onde audio et la cr\u00e9ation de listes de lecture engageantes. Moreover, and in a bid to cater to the ever-growing mobile user demographic, this plugin has been meticulously optimized to ensure seamless compatibility across all mobile devices, whilst simultaneously championing responsive design, thereby guaranteeing uninterrupted access to your audio content, irrespective of geographical emplacement. Avec tous les facteurs pris en compte, ZoomSounds est sans \u00e9quivoque la quintessence d&rsquo;un choix de plugin audio exceptionnel, car il amalgame sans effort le professionnalisme et la convivialit\u00e9 des utilisateurs, augmentant ainsi parfaitement le site WordPress de vos r\u00eaves.<\/p>\n<ul>\n<li>Fournit un lecteur audio \u00e9l\u00e9gant et professionnel pour votre site Web WordPress<\/li>\n<li>Compatible avec tous les principaux navigateurs et appareils<\/li>\n<li>Facile \u00e0 personnaliser avec plusieurs couleurs et options de style<\/li>\n<li>Offre une conception r\u00e9active pour la lecture sans couture sur les appareils mobiles<\/li>\n<li>Comprend plusieurs options de lecture telles que le shuffle, la r\u00e9p\u00e9tition et le contr\u00f4le du volume<\/li>\n<li>Comprend des options de partage social int\u00e9gr\u00e9 et d&rsquo;int\u00e9gration pour un partage facile des pistes<\/li>\n<li>Permet le t\u00e9l\u00e9chargement direct des fichiers audio<\/li>\n<li>Offre la g\u00e9n\u00e9ration automatique des traces et la cr\u00e9ation de listes de lecture<\/li>\n<li>Livr\u00e9 avec une documentation d\u00e9taill\u00e9e et un support client 24\/7<\/li>\n<li>R\u00e9guli\u00e8rement mis \u00e0 jour avec de nouvelles fonctionnalit\u00e9s et corrections de bogues<\/li>\n<\/ul>\n","protected":false},"excerpt":{"rendered":"<p>Le plugin ZoomSounds WordPress Audio Player, r\u00e9put\u00e9 pour ses capacit\u00e9s exceptionnelles dans la g\u00e9n\u00e9ration d&rsquo;affichages de lecteur audio captivant sur votre site Web, sert d&rsquo;un atout inestimable. \u00c9quip\u00e9 d&rsquo;une large gamme d&rsquo;options personnalisables, ce plugin facilite sans effort l&rsquo;incorporation et la disposition de vos pistes audio dans une interface de joueur sophistiqu\u00e9e et contemporaine. Que vous vous identifiiez en tant que musicien, podcaster ou un individu qui s&rsquo;efforce de g\u00e9rer une exp\u00e9rience utilisateur immersive, le plugin ZoomSounds pr\u00e9sente une solution globale qui garantit de captiver votre public cible gr\u00e2ce \u00e0 la fourniture d&rsquo;un contenu audio exemplaire de la plus grande qualit\u00e9.<\/p>\n","protected":false},"featured_media":146490,"comment_status":"open","ping_status":"open","template":"","meta":[],"product_brand":[2435],"product_cat":[1189,1181,1186],"product_tag":[1231],"class_list":{"0":"post-115927","1":"product","2":"type-product","3":"status-publish","4":"has-post-thumbnail","6":"product_brand-codecanyon","7":"product_cat-personnalisation","8":"product_cat-plugins","9":"product_cat-wordpress-plugins","10":"product_tag-codecanyon","11":"member-discount","12":"discount-restricted","14":"first","15":"instock","16":"sale","17":"downloadable","18":"virtual","19":"sold-individually","20":"purchasable","21":"product-type-simple"},"_links":{"self":[{"href":"https:\/\/gpl-love.com\/fr\/wp-json\/wp\/v2\/product\/115927","targetHints":{"allow":["GET"]}}],"collection":[{"href":"https:\/\/gpl-love.com\/fr\/wp-json\/wp\/v2\/product"}],"about":[{"href":"https:\/\/gpl-love.com\/fr\/wp-json\/wp\/v2\/types\/product"}],"replies":[{"embeddable":true,"href":"https:\/\/gpl-love.com\/fr\/wp-json\/wp\/v2\/comments?post=115927"}],"wp:featuredmedia":[{"embeddable":true,"href":"https:\/\/gpl-love.com\/fr\/wp-json\/wp\/v2\/media\/146490"}],"wp:attachment":[{"href":"https:\/\/gpl-love.com\/fr\/wp-json\/wp\/v2\/media?parent=115927"}],"wp:term":[{"taxonomy":"product_brand","embeddable":true,"href":"https:\/\/gpl-love.com\/fr\/wp-json\/wp\/v2\/product_brand?post=115927"},{"taxonomy":"product_cat","embeddable":true,"href":"https:\/\/gpl-love.com\/fr\/wp-json\/wp\/v2\/product_cat?post=115927"},{"taxonomy":"product_tag","embeddable":true,"href":"https:\/\/gpl-love.com\/fr\/wp-json\/wp\/v2\/product_tag?post=115927"}],"curies":[{"name":"wp","href":"https:\/\/api.w.org\/{rel}","templated":true}]}}