{"id":115923,"date":"2024-12-22T00:00:00","date_gmt":"2024-12-21T23:00:00","guid":{"rendered":"http:\/\/gpl-love.com\/fr\/produit\/divi-extras-pour-divi-builder\/"},"modified":"2026-03-20T23:00:55","modified_gmt":"2026-03-20T22:00:55","slug":"divi-extras-pour-divi-builder","status":"publish","type":"product","link":"https:\/\/gpl-love.com\/fr\/produit\/divi-extras-pour-divi-builder\/","title":{"rendered":"Divi Extras pour Divi Builder 1.1.14"},"content":{"rendered":"<h3>Divi Extras pour Divi Builder Traits<\/h3>\n<p>Divi Extras est une extension incroyablement robuste qui am\u00e9liore la fonctionnalit\u00e9 de Divi Builder, un g\u00e9n\u00e9rateur de page WordPress WordPress largement utilis\u00e9. Cette extension remarquable permet aux utilisateurs d&rsquo;\u00e9laborer sans effort des conceptions et des dispositions exquises pour leurs sites Web en incorporant une pl\u00e9thore de modules innovants, y compris, mais sans s&rsquo;y limiter, le module \u00e9tendu de Blurb et le module \u00e9tendu de t\u00e9moignage. De plus, Divi Extras pr\u00e9sente aux utilisateurs un \u00e9ventail de nouvelles fonctionnalit\u00e9s passionnantes, telles que l&rsquo;option pour incorporer des arri\u00e8re-plans de parallaxe, personnaliser des animations et impl\u00e9menter des effets de survol dans leurs modules. Par cons\u00e9quent, ces ajouts inestimables conf\u00e8rent un air de professionnalisme et de raffinement \u00e0 son site Web. Peu importe que l&rsquo;on soit un n\u00e9ophyte ou un concepteur Web chevronn\u00e9, Divi Extras les offre des outils indispensables qui leur permettent d&rsquo;\u00e9lever leur site Web \u00e0 des sommets sans pr\u00e9c\u00e9dent.<\/p>\n<ul>\n<li>Propose 7 nouveaux modules pour \u00e9tendre la fonctionnalit\u00e9 de Divi Builder<\/li>\n<li>Comprend le contenu, le carrousel de contenu, le titre de publication, le carrousel de poste, la galerie, le membre de l&rsquo;\u00e9quipe et les modules de liste de prix<\/li>\n<li>Permet des options de conception plus avanc\u00e9es avec les modules ajout\u00e9s<\/li>\n<li>Int\u00e9gre parfaitement avec Divi Builder<\/li>\n<li>Aucun codage requis, interface de glisser-d\u00e9poser facile<\/li>\n<li>Parfait pour cr\u00e9er des pages uniques et dynamiques<\/li>\n<li>Am\u00e9liore l&rsquo;exp\u00e9rience utilisateur pour les visiteurs du site Web avec un contenu interactif et engageant<\/li>\n<li>Option abordable pour am\u00e9liorer la fonctionnalit\u00e9 Divi Builder<\/li>\n<li>R\u00e9guli\u00e8rement mis \u00e0 jour et soutenu par l&rsquo;\u00e9quipe Divi.<\/li>\n<\/ul>\n","protected":false},"excerpt":{"rendered":"<p>Stimulez la fonctionnalit\u00e9 de votre site Web et l&rsquo;attras esth\u00e9tique avec Divi Extras pour Divi Builder. Cet outil incontournable est con\u00e7u pour offrir une pl\u00e9thore de fonctionnalit\u00e9s qui feront passer votre site Web au niveau sup\u00e9rieur. Que vous soyez un novice ou un concepteur Web exp\u00e9riment\u00e9, Divi Extras peut vous aider \u00e0 transformer votre site Web en une plate-forme \u00e9tonnante et engageante. Avec ses options d&rsquo;interface et de personnalisation conviviales, vous pouvez facilement adapter votre site pour correspondre au style et aux exigences de votre marque. Non seulement il offre des avantages esth\u00e9tiques, mais il am\u00e9liore \u00e9galement les fonctionnalit\u00e9s de votre site, vous permettant d&rsquo;incorporer des fonctionnalit\u00e9s telles que l&rsquo;int\u00e9gration des m\u00e9dias sociaux, les outils de r\u00e9f\u00e9rencement et les dispositions r\u00e9actives. Avec Divi Extras pour Divi Builder, vous pouvez cr\u00e9er un site Web qui a non seulement l&rsquo;air bien, mais aussi le trafic et la croissance. D\u00e9couvrez la commodit\u00e9, la flexibilit\u00e9 et l&rsquo;efficacit\u00e9 de la cr\u00e9ation de sites Web comme jamais auparavant. Am\u00e9liorez votre site aujourd&rsquo;hui avec Divi Extras pour Divi Builder.<\/p>\n","protected":false},"featured_media":143545,"comment_status":"open","ping_status":"open","template":"","meta":[],"product_brand":[2512],"product_cat":[1189,1181,1186],"product_tag":[2170],"class_list":{"0":"post-115923","1":"product","2":"type-product","3":"status-publish","4":"has-post-thumbnail","6":"product_brand-divi-space","7":"product_cat-personnalisation","8":"product_cat-plugins","9":"product_cat-wordpress-plugins","10":"product_tag-divi-space","11":"member-discount","12":"discount-restricted","14":"first","15":"instock","16":"sale","17":"downloadable","18":"virtual","19":"sold-individually","20":"purchasable","21":"product-type-simple"},"_links":{"self":[{"href":"https:\/\/gpl-love.com\/fr\/wp-json\/wp\/v2\/product\/115923","targetHints":{"allow":["GET"]}}],"collection":[{"href":"https:\/\/gpl-love.com\/fr\/wp-json\/wp\/v2\/product"}],"about":[{"href":"https:\/\/gpl-love.com\/fr\/wp-json\/wp\/v2\/types\/product"}],"replies":[{"embeddable":true,"href":"https:\/\/gpl-love.com\/fr\/wp-json\/wp\/v2\/comments?post=115923"}],"wp:featuredmedia":[{"embeddable":true,"href":"https:\/\/gpl-love.com\/fr\/wp-json\/wp\/v2\/media\/143545"}],"wp:attachment":[{"href":"https:\/\/gpl-love.com\/fr\/wp-json\/wp\/v2\/media?parent=115923"}],"wp:term":[{"taxonomy":"product_brand","embeddable":true,"href":"https:\/\/gpl-love.com\/fr\/wp-json\/wp\/v2\/product_brand?post=115923"},{"taxonomy":"product_cat","embeddable":true,"href":"https:\/\/gpl-love.com\/fr\/wp-json\/wp\/v2\/product_cat?post=115923"},{"taxonomy":"product_tag","embeddable":true,"href":"https:\/\/gpl-love.com\/fr\/wp-json\/wp\/v2\/product_tag?post=115923"}],"curies":[{"name":"wp","href":"https:\/\/api.w.org\/{rel}","templated":true}]}}