{"id":115921,"date":"2021-06-19T00:00:00","date_gmt":"2021-06-18T22:00:00","guid":{"rendered":"http:\/\/gpl-love.com\/fr\/produit\/google-places-reviews-pro\/"},"modified":"2026-03-20T23:17:20","modified_gmt":"2026-03-20T22:17:20","slug":"google-places-reviews-pro","status":"publish","type":"product","link":"https:\/\/gpl-love.com\/fr\/produit\/google-places-reviews-pro\/","title":{"rendered":"Google Places Reviews Pro 2.4.2"},"content":{"rendered":"<h3>Google Places Reviews Pro Traits<\/h3>\n<p>Google Place Reviews Pro est un outil extr\u00eamement puissant qui aide les entreprises \u00e0 g\u00e9rer efficacement leur r\u00e9putation en ligne gr\u00e2ce \u00e0 la fourniture d&rsquo;informations approfondies et d&rsquo;analyses concernant leurs critiques Google. En utilisant ce logiciel, les entreprises peuvent surveiller et r\u00e9pondre rapidement sans effort aux avis des clients, obtenant ainsi des informations pr\u00e9cieuses sur les exp\u00e9riences de leurs clients et am\u00e9liorer par la suite leur r\u00e9putation en ligne. Cet outil exceptionnel comprend un large \u00e9ventail de fonctionnalit\u00e9s, telles que des mod\u00e8les de r\u00e9vision personnalisables, des capacit\u00e9s de filtrage d&rsquo;examen et un tableau de bord d&rsquo;analyse qui permet aux entreprises d&rsquo;acqu\u00e9rir des informations compl\u00e8tes sur le sentiment des clients. En outre, il facilite l&rsquo;identification des domaines qui n\u00e9cessitent une am\u00e9lioration et permet aux entreprises de suivre efficacement le succ\u00e8s de leurs efforts de gestion de la r\u00e9putation en ligne. En r\u00e9sum\u00e9, Google Place Reviews Pro est un outil indispensable pour toute entreprise qui aspire \u00e0 am\u00e9liorer sa r\u00e9putation en ligne, \u00e0 \u00e9lever l&rsquo;exp\u00e9rience client qu&rsquo;ils offrent et, finalement, et finalement \u00e0 g\u00e9n\u00e9rer un plus grand volume de trafic vers leur site Web.<\/p>\n<ul>\n<li>Permet aux entreprises d&rsquo;afficher Google Place les avis sur leur site Web dans un format personnalisable<\/li>\n<li>Donne aux entreprises la possibilit\u00e9 de filtrer et de trier les avis par note, date et mot-cl\u00e9<\/li>\n<li>Mise \u00e0 jour automatique les avis en temps r\u00e9el afin que les entreprises ne manquent jamais une nouvelle critique<\/li>\n<li>Offre un design r\u00e9actif qui a fi\u00e8re allure sur n&rsquo;importe quel appareil, y compris le mobile<\/li>\n<li>Fournit plusieurs options linguistiques aux entreprises avec des clients internationaux<\/li>\n<li>Permet aux entreprises de personnaliser l&rsquo;apparence de leur affichage d&rsquo;examen pour correspondre \u00e0 la marque et \u00e0 la conception de leur site Web<\/li>\n<li>Offre une option de badge \u00ab\u00a0avis v\u00e9rifi\u00e9e\u00a0\u00bb pour les entreprises qui souhaitent mettre en \u00e9vidence les avis de clients v\u00e9rifi\u00e9s<\/li>\n<li>Comprend des analyses qui suivent l&rsquo;activit\u00e9 de revue et le sentiment au fil du temps<\/li>\n<li>A un processus d&rsquo;installation simple qui ne prend que quelques minutes \u00e0 configurer sur n&rsquo;importe quelle plate-forme de site Web.<\/li>\n<\/ul>\n","protected":false},"excerpt":{"rendered":"<p>Si vous \u00eates \u00e0 la recherche d&rsquo;un outil intelligent et efficace dans le but de g\u00e9rer les avis concernant votre entreprise sur la plate-forme largement populaire connue sous le nom de Google Places, je vous implore de ne pas chercher plus loin que Google Places Reviews Pro. Cette plate-forme de pointe et avant-gardiste vous offre la capacit\u00e9 non seulement de surveiller mais \u00e9galement de r\u00e9pondre aux commentaires des clients, am\u00e9liorant ainsi votre r\u00e9putation dans le domaine virtuel et cultivant une client\u00e8le d\u00e9vou\u00e9e et d\u00e9di\u00e9e. Avec ses attributs conviviaux et ses analyses compl\u00e8tes, Google Place Reviews Pro est ind\u00e9niablement la r\u00e9ponse ultime pour les entreprises qui souhaitent maintenir une forte adh\u00e9rence sur leur gestion de la r\u00e9putation en ligne.<\/p>\n","protected":false},"featured_media":144038,"comment_status":"open","ping_status":"open","template":"","meta":[],"product_brand":[2435],"product_cat":[1189,1181,1186],"product_tag":[1231],"class_list":{"0":"post-115921","1":"product","2":"type-product","3":"status-publish","4":"has-post-thumbnail","6":"product_brand-codecanyon","7":"product_cat-personnalisation","8":"product_cat-plugins","9":"product_cat-wordpress-plugins","10":"product_tag-codecanyon","11":"member-discount","12":"discount-restricted","14":"first","15":"instock","16":"sale","17":"downloadable","18":"virtual","19":"sold-individually","20":"purchasable","21":"product-type-simple"},"_links":{"self":[{"href":"https:\/\/gpl-love.com\/fr\/wp-json\/wp\/v2\/product\/115921","targetHints":{"allow":["GET"]}}],"collection":[{"href":"https:\/\/gpl-love.com\/fr\/wp-json\/wp\/v2\/product"}],"about":[{"href":"https:\/\/gpl-love.com\/fr\/wp-json\/wp\/v2\/types\/product"}],"replies":[{"embeddable":true,"href":"https:\/\/gpl-love.com\/fr\/wp-json\/wp\/v2\/comments?post=115921"}],"wp:featuredmedia":[{"embeddable":true,"href":"https:\/\/gpl-love.com\/fr\/wp-json\/wp\/v2\/media\/144038"}],"wp:attachment":[{"href":"https:\/\/gpl-love.com\/fr\/wp-json\/wp\/v2\/media?parent=115921"}],"wp:term":[{"taxonomy":"product_brand","embeddable":true,"href":"https:\/\/gpl-love.com\/fr\/wp-json\/wp\/v2\/product_brand?post=115921"},{"taxonomy":"product_cat","embeddable":true,"href":"https:\/\/gpl-love.com\/fr\/wp-json\/wp\/v2\/product_cat?post=115921"},{"taxonomy":"product_tag","embeddable":true,"href":"https:\/\/gpl-love.com\/fr\/wp-json\/wp\/v2\/product_tag?post=115921"}],"curies":[{"name":"wp","href":"https:\/\/api.w.org\/{rel}","templated":true}]}}