{"id":115919,"date":"2025-06-03T00:00:00","date_gmt":"2025-06-02T22:00:00","guid":{"rendered":"http:\/\/gpl-love.com\/fr\/produit\/woocommerce-multistep-checkout-wizard\/"},"modified":"2026-04-10T18:47:28","modified_gmt":"2026-04-10T16:47:28","slug":"woocommerce-multistep-checkout-wizard","status":"publish","type":"product","link":"https:\/\/gpl-love.com\/fr\/produit\/woocommerce-multistep-checkout-wizard\/","title":{"rendered":"WooCommerce MultiStep Checkout Wizard 3.9.0"},"content":{"rendered":"<h3>WooCommerce MultiStep Checkout Wizard Traits<\/h3>\n<p>L&rsquo;assistant de paiement \u00e0 plusieurs \u00e9tapes WooCommerce, un outil incroyablement efficace, sert \u00e0 rationaliser la proc\u00e9dure de paiement pour votre boutique en ligne estim\u00e9e. En fragmentant le formulaire de paiement en de nombreuses \u00e9tapes, ce plugin remarquable garantit que les clients peuvent saisir de mani\u00e8re transparente leurs informations pertinentes et finaliser leurs achats avec une vitesse et une efficacit\u00e9 remarquables. Ce plugin poss\u00e8de un niveau d&rsquo;adaptabilit\u00e9 impressionnant, vous accordant la libert\u00e9 d&rsquo;adapter la proc\u00e9dure de paiement pour s&rsquo;aligner parfaitement sur les exigences distinctives de votre entreprise. En utilisant l&rsquo;assistant de paiement \u00e0 plusieurs \u00e9tapes, non seulement vous serez en mesure de r\u00e9duire la pr\u00e9valence des caddages abandonn\u00e9s, mais vous ressentirez \u00e9galement une augmentation notable des taux de conversion, renfor\u00e7ant finalement votre position financi\u00e8re. En effet, ce plugin indispensable est une n\u00e9cessit\u00e9 absolue pour tout propri\u00e9taire de magasin WooCommerce exigeant qui s&rsquo;efforce d&rsquo;am\u00e9liorer l&rsquo;exp\u00e9rience client et de g\u00e9n\u00e9rer de plus grands chiffres de vente.<\/p>\n<ul>\n<li>Processus de paiement rationalis\u00e9 pour les clients, r\u00e9duisant l&rsquo;abandon de la chariot<\/li>\n<li>Simplifie le formulaire de paiement en le divisant en \u00e9tapes g\u00e9rables<\/li>\n<li>Permet la personnalisation des champs et \u00e9tapes de paiement<\/li>\n<li>Compatible avec toutes les passerelles de paiement WooCommerce<\/li>\n<li>Option pour activer \/ d\u00e9sactiver le paiement des clients pour les clients<\/li>\n<li>Option pour afficher la barre de progression des clients pour suivre leurs progr\u00e8s<\/li>\n<li>Fournit une exp\u00e9rience utilisateur professionnelle et polie aux clients<\/li>\n<li>R\u00e9duit la confusion pour les clients, ce qui rend plus probable qu&rsquo;ils terminent leur achat<\/li>\n<li>Augmente les taux de conversion globaux pour les entreprises de commerce \u00e9lectronique utilisant WooCommerce<\/li>\n<\/ul>\n","protected":false},"excerpt":{"rendered":"<p>L&rsquo;assistant de caisse WooCommerce \u00e0 plusieurs \u00e9tapes offre une approche compl\u00e8te et efficace pour rationaliser la proc\u00e9dure de paiement pour votre boutique en ligne, assurant une exp\u00e9rience transparente pour vos clients. En mettant en \u0153uvre un processus de paiement \u00e9tape par \u00e9tape, cet outil puissant permet \u00e0 vos clients de naviguer sans effort dans chaque \u00e9tape, en terminant leurs achats avec facilit\u00e9. De plus, l&rsquo;assistant est enti\u00e8rement personnalisable, vous permettant de le personnaliser pour s&rsquo;aligner parfaitement avec l&rsquo;esth\u00e9tique et la marque de votre site Web. B\u00e9n\u00e9ficiant d&rsquo;un \u00e9ventail de fonctionnalit\u00e9s telles que les indicateurs de progression, aborde l&rsquo;auto-compl\u00e9tion et l&rsquo;examen du r\u00e9sum\u00e9 des commandes, l&rsquo;assistant de contr\u00f4le \u00e0 plusieurs \u00e9tapes r\u00e9duit efficacement les taux d&rsquo;abandon de CART et am\u00e9liore consid\u00e9rablement les taux de conversion. Il sert de solution impeccable pour toute boutique en ligne cherchant \u00e0 optimiser son processus de paiement et \u00e0 \u00e9lever l&rsquo;exp\u00e9rience client globale.<\/p>\n","protected":false},"featured_media":145932,"comment_status":"open","ping_status":"open","template":"","meta":[],"product_brand":[2435],"product_cat":[1182,1223,1181],"product_tag":[1231],"class_list":{"0":"post-115919","1":"product","2":"type-product","3":"status-publish","4":"has-post-thumbnail","6":"product_brand-codecanyon","7":"product_cat-commerce-electronique-plugins","8":"product_cat-personnalisation-commerce-electronique-plugins","9":"product_cat-plugins","10":"product_tag-codecanyon","11":"member-discount","12":"discount-restricted","14":"first","15":"instock","16":"sale","17":"downloadable","18":"virtual","19":"sold-individually","20":"purchasable","21":"product-type-simple"},"_links":{"self":[{"href":"https:\/\/gpl-love.com\/fr\/wp-json\/wp\/v2\/product\/115919","targetHints":{"allow":["GET"]}}],"collection":[{"href":"https:\/\/gpl-love.com\/fr\/wp-json\/wp\/v2\/product"}],"about":[{"href":"https:\/\/gpl-love.com\/fr\/wp-json\/wp\/v2\/types\/product"}],"replies":[{"embeddable":true,"href":"https:\/\/gpl-love.com\/fr\/wp-json\/wp\/v2\/comments?post=115919"}],"wp:featuredmedia":[{"embeddable":true,"href":"https:\/\/gpl-love.com\/fr\/wp-json\/wp\/v2\/media\/145932"}],"wp:attachment":[{"href":"https:\/\/gpl-love.com\/fr\/wp-json\/wp\/v2\/media?parent=115919"}],"wp:term":[{"taxonomy":"product_brand","embeddable":true,"href":"https:\/\/gpl-love.com\/fr\/wp-json\/wp\/v2\/product_brand?post=115919"},{"taxonomy":"product_cat","embeddable":true,"href":"https:\/\/gpl-love.com\/fr\/wp-json\/wp\/v2\/product_cat?post=115919"},{"taxonomy":"product_tag","embeddable":true,"href":"https:\/\/gpl-love.com\/fr\/wp-json\/wp\/v2\/product_tag?post=115919"}],"curies":[{"name":"wp","href":"https:\/\/api.w.org\/{rel}","templated":true}]}}