{"id":115917,"date":"2025-11-06T00:00:00","date_gmt":"2025-11-05T23:00:00","guid":{"rendered":"http:\/\/gpl-love.com\/fr\/produit\/gravity-forms-signature-addon\/"},"modified":"2026-03-20T23:18:08","modified_gmt":"2026-03-20T22:18:08","slug":"gravity-forms-signature-addon","status":"publish","type":"product","link":"https:\/\/gpl-love.com\/fr\/produit\/gravity-forms-signature-addon\/","title":{"rendered":"Gravity Forms Signature Addon 4.9.1"},"content":{"rendered":"<h3>Gravity Forms Signature Addon Traits<\/h3>\n<p>L&rsquo;addon de signature des formulaires de gravit\u00e9, un outil incroyablement puissant, donne aux utilisateurs la possibilit\u00e9 d&rsquo;incorporer de mani\u00e8re transparente les champs de signature dans leurs formes de gravit\u00e9 existantes. Cet outil particulier s&rsquo;av\u00e8re inestimable pour les entreprises et les particuliers, en particulier ceux qui ont besoin d&rsquo;obtenir des signatures \u00e0 un large \u00e9ventail d&rsquo;objectifs, allant des contrats et des accords aux d\u00e9rogations et au-del\u00e0. En utilisant l&rsquo;addon de signature des formulaires de gravit\u00e9, les utilisateurs deviennent capables d&rsquo;obtenir sans effort des signatures \u00e9lectroniques, rendant ainsi les signatures manuscrites obsol\u00e8tes. Cet addon remarquable garantit non seulement une exp\u00e9rience utilisateur transparente, mais poss\u00e8de \u00e9galement une vaste gamme d&rsquo;options de personnalisation, garantissant que les utilisateurs peuvent adapter les champs de signature en fonction de leurs besoins sp\u00e9cifiques avec une facilit\u00e9. En substance, il devient \u00e9vident que l&rsquo;addon de signature des formes de gravit\u00e9 sert de n\u00e9cessit\u00e9 absolue pour quiconque cherche \u00e0 capturer des signatures num\u00e9riques efficacement, rapide et solidement.<\/p>\n<ul>\n<li>Int\u00e9gration transparente avec le plugin de formulaires de gravit\u00e9 pour WordPress<\/li>\n<li>Permet aux utilisateurs d&rsquo;ajouter des champs de signature \u00e0 leurs formulaires<\/li>\n<li>Prend en charge les appareils \u00e0 \u00e9cran tactile pour une entr\u00e9e de signature facile<\/li>\n<li>Les signatures sont captur\u00e9es comme des images vectorielles pour l&rsquo;affichage et l&rsquo;impression de haute qualit\u00e9<\/li>\n<li>Comprend des options pour la validation et la v\u00e9rification de la signature<\/li>\n<li>Peut \u00eatre configur\u00e9 pour envoyer un e-mail \u00e0 une copie PDF du formulaire sign\u00e9 aux utilisateurs et \/ ou aux administrateurs<\/li>\n<li>Prend en charge la signature avec Stylus, doigt ou souris<\/li>\n<li>Options de personnalisation faciles pour l&rsquo;apparence et la taille du champ de signature<\/li>\n<li>Fournit une documentation d\u00e9taill\u00e9e et un support client<\/li>\n<\/ul>\n","protected":false},"excerpt":{"rendered":"<p>La gravit\u00e9 des formulaires Signature Addon, un outil incroyablement robuste, pr\u00e9sente aux utilisateurs la magnifique capacit\u00e9 de capturer les signatures de mani\u00e8re transparente dans leurs formes de gravit\u00e9. En utilisant cet addon exceptionnel, les individus peuvent g\u00e9n\u00e9rer sans effort des formulaires qui n\u00e9cessitent des signatures, y compris, mais sans s&rsquo;y limiter, des contrats, des d\u00e9rogations ou des accords, et les se procurer sans effort \u00e9lectroniquement. La configuration du champ de signature est un processus simple, encore am\u00e9lior\u00e9 par la flexibilit\u00e9 pour l&rsquo;adapter pour s&rsquo;aligner parfaitement avec sa marque distinctive ou son style pr\u00e9f\u00e9r\u00e9. Par cons\u00e9quent, la commodit\u00e9 in\u00e9gal\u00e9e accord\u00e9e par l&rsquo;addon de signature des formulaires de gravit\u00e9 permet la r\u00e9alisation de signatures sans papier, garantissant ainsi la contrainte l\u00e9gale et la plus grande s\u00e9curit\u00e9 de ses pr\u00e9cieux documents.<\/p>\n","protected":false},"featured_media":144090,"comment_status":"open","ping_status":"open","template":"","meta":[],"product_brand":[2565],"product_cat":[1189,1181,1186],"product_tag":[1275],"class_list":{"0":"post-115917","1":"product","2":"type-product","3":"status-publish","4":"has-post-thumbnail","6":"product_brand-gravityforms","7":"product_cat-personnalisation","8":"product_cat-plugins","9":"product_cat-wordpress-plugins","10":"product_tag-gravityforms","11":"member-discount","12":"discount-restricted","14":"first","15":"instock","16":"sale","17":"downloadable","18":"virtual","19":"sold-individually","20":"purchasable","21":"product-type-simple"},"_links":{"self":[{"href":"https:\/\/gpl-love.com\/fr\/wp-json\/wp\/v2\/product\/115917","targetHints":{"allow":["GET"]}}],"collection":[{"href":"https:\/\/gpl-love.com\/fr\/wp-json\/wp\/v2\/product"}],"about":[{"href":"https:\/\/gpl-love.com\/fr\/wp-json\/wp\/v2\/types\/product"}],"replies":[{"embeddable":true,"href":"https:\/\/gpl-love.com\/fr\/wp-json\/wp\/v2\/comments?post=115917"}],"wp:featuredmedia":[{"embeddable":true,"href":"https:\/\/gpl-love.com\/fr\/wp-json\/wp\/v2\/media\/144090"}],"wp:attachment":[{"href":"https:\/\/gpl-love.com\/fr\/wp-json\/wp\/v2\/media?parent=115917"}],"wp:term":[{"taxonomy":"product_brand","embeddable":true,"href":"https:\/\/gpl-love.com\/fr\/wp-json\/wp\/v2\/product_brand?post=115917"},{"taxonomy":"product_cat","embeddable":true,"href":"https:\/\/gpl-love.com\/fr\/wp-json\/wp\/v2\/product_cat?post=115917"},{"taxonomy":"product_tag","embeddable":true,"href":"https:\/\/gpl-love.com\/fr\/wp-json\/wp\/v2\/product_tag?post=115917"}],"curies":[{"name":"wp","href":"https:\/\/api.w.org\/{rel}","templated":true}]}}