{"id":115912,"date":"2021-06-17T00:00:00","date_gmt":"2021-06-16T22:00:00","guid":{"rendered":"http:\/\/gpl-love.com\/fr\/produit\/direct-checkout-pro-add-to-cart-redirect-pour-woocommerce\/"},"modified":"2026-03-20T23:00:47","modified_gmt":"2026-03-20T22:00:47","slug":"direct-checkout-pro-add-to-cart-redirect-pour-woocommerce","status":"publish","type":"product","link":"https:\/\/gpl-love.com\/fr\/produit\/direct-checkout-pro-add-to-cart-redirect-pour-woocommerce\/","title":{"rendered":"Direct Checkout Pro Add To Cart Redirect pour Woocommerce 1.3.9.11"},"content":{"rendered":"<h3>Direct Checkout Pro Add To Cart Redirect pour Woocommerce Traits<\/h3>\n<p>La caisse directe Ajouter \u00e0 CART Redirect for WooCommerce est un plugin r\u00e9volutionnaire et r\u00e9volutionnaire qui vise \u00e0 rationaliser et \u00e0 simplifier l&rsquo;exp\u00e9rience d&rsquo;achat en ligne pour les clients. En int\u00e9grant ce plugin dans leur site Web, les d\u00e9taillants peuvent offrir aux clients la possibilit\u00e9 de contourner le processus de panier d&rsquo;achat conventionnel et long, leur permettant de passer directement \u00e0 la page de paiement. Cela r\u00e9duit non seulement le nombre d&rsquo;\u00e9tapes fastidieuses n\u00e9cessaires pour effectuer un achat, mais am\u00e9liore \u00e9galement l&rsquo;efficacit\u00e9 globale et la vitesse des transactions. Par cons\u00e9quent, cette commodit\u00e9 et cette exp\u00e9dition am\u00e9lior\u00e9es peuvent potentiellement entra\u00eener des taux de conversion accrus et une augmentation du niveau de satisfaction du client. De plus, le plugin poss\u00e8de un processus d&rsquo;installation convivial et sans effort, ce qui le rend facilement accessible aux d\u00e9taillants en ligne. De plus, il offre un degr\u00e9 \u00e9lev\u00e9 de personnalisation, permettant aux d\u00e9taillants de l&rsquo;adapter \u00e0 leurs besoins et pr\u00e9f\u00e9rences sp\u00e9cifiques. En outre, le plugin est compatible avec une gamme diversifi\u00e9e de passerelles de paiement, garantissant une int\u00e9gration transparente avec divers syst\u00e8mes de transaction. Ainsi, il sert d&rsquo;outil pr\u00e9cieux et indispensable pour les d\u00e9taillants en ligne qui cherchent \u00e0 optimiser leur processus de paiement et finalement \u00e0 am\u00e9liorer leur rentabilit\u00e9 et leur succ\u00e8s.<\/p>\n<ul>\n<li>Direct Checkout Pro est un plugin facile \u00e0 utiliser qui s&rsquo;int\u00e8gre de mani\u00e8re transparente \u00e0 votre boutique WooCommerce<\/li>\n<li>Ajouter la fonction de redirection de panier vous permet d&#8217;emmener vos clients directement sur la page de paiement, en sautant enti\u00e8rement le chariot<\/li>\n<li>Aide vos clients \u00e0 gagner du temps et \u00e0 r\u00e9duire la possibilit\u00e9 d&rsquo;abandon de chariot<\/li>\n<li>Des options personnalisables vous permettent de choisir o\u00f9 vous souhaitez rediriger les clients apr\u00e8s avoir effectu\u00e9 un achat<\/li>\n<li>Les options d&rsquo;administration vous donnent un contr\u00f4le complet sur le comportement et les param\u00e8tres du plugin<\/li>\n<li>Compatible avec tous les principaux navigateurs et appareils, assurant une exp\u00e9rience de paiement fluide pour tous les clients<\/li>\n<li>Stimule les taux de conversion et augmente les revenus de votre boutique en ligne<\/li>\n<li>Gagnez du temps pour vous et vos clients, rationaliser le processus de paiement et le rendre plus efficace<\/li>\n<li>Constamment mis \u00e0 jour avec de nouvelles fonctionnalit\u00e9s et des corrections de bogues pour assurer un fonctionnement en douceur et des performances optimales.<\/li>\n<\/ul>\n","protected":false},"excerpt":{"rendered":"<p>Am\u00e9liorez les fonctionnalit\u00e9s de votre magasin WooCommerce avec notre extension directe de redirection de CART \u00e0 Checkout Pro Ajouter. Cet outil puissant offre une exp\u00e9rience d&rsquo;achat sans couture pour vos clients en les redirigeant directement vers la page de paiement, en contournant compl\u00e8tement la page CART. Cela simplifie non seulement l&rsquo;ensemble du processus, mais encourage \u00e9galement l&rsquo;achat d&rsquo;impulsions, augmentant ainsi vos ventes. Cette extension est extr\u00eamement conviviale, facile \u00e0 installer et \u00e0 configurer en fonction des besoins de votre entreprise. D\u00e9couvrez les avantages d&rsquo;un processus de paiement rationalis\u00e9 et les taux de conversion accrus avec la caisse directe Pro Ajouter \u00e0 la redirection de CART pour WooCommerce.<\/p>\n","protected":false},"featured_media":143536,"comment_status":"open","ping_status":"open","template":"","meta":[],"product_brand":[2507],"product_cat":[1182,1223,1181],"product_tag":[2203],"class_list":{"0":"post-115912","1":"product","2":"type-product","3":"status-publish","4":"has-post-thumbnail","6":"product_brand-pi-web","7":"product_cat-commerce-electronique-plugins","8":"product_cat-personnalisation-commerce-electronique-plugins","9":"product_cat-plugins","10":"product_tag-pi-web","11":"member-discount","12":"discount-restricted","14":"first","15":"instock","16":"sale","17":"downloadable","18":"virtual","19":"sold-individually","20":"purchasable","21":"product-type-simple"},"_links":{"self":[{"href":"https:\/\/gpl-love.com\/fr\/wp-json\/wp\/v2\/product\/115912","targetHints":{"allow":["GET"]}}],"collection":[{"href":"https:\/\/gpl-love.com\/fr\/wp-json\/wp\/v2\/product"}],"about":[{"href":"https:\/\/gpl-love.com\/fr\/wp-json\/wp\/v2\/types\/product"}],"replies":[{"embeddable":true,"href":"https:\/\/gpl-love.com\/fr\/wp-json\/wp\/v2\/comments?post=115912"}],"wp:featuredmedia":[{"embeddable":true,"href":"https:\/\/gpl-love.com\/fr\/wp-json\/wp\/v2\/media\/143536"}],"wp:attachment":[{"href":"https:\/\/gpl-love.com\/fr\/wp-json\/wp\/v2\/media?parent=115912"}],"wp:term":[{"taxonomy":"product_brand","embeddable":true,"href":"https:\/\/gpl-love.com\/fr\/wp-json\/wp\/v2\/product_brand?post=115912"},{"taxonomy":"product_cat","embeddable":true,"href":"https:\/\/gpl-love.com\/fr\/wp-json\/wp\/v2\/product_cat?post=115912"},{"taxonomy":"product_tag","embeddable":true,"href":"https:\/\/gpl-love.com\/fr\/wp-json\/wp\/v2\/product_tag?post=115912"}],"curies":[{"name":"wp","href":"https:\/\/api.w.org\/{rel}","templated":true}]}}