{"id":115910,"date":"2023-11-03T00:00:00","date_gmt":"2023-11-02T23:00:00","guid":{"rendered":"http:\/\/gpl-love.com\/fr\/produit\/wilson-corporation-business-agency-wordpress-theme\/"},"modified":"2026-04-10T18:45:42","modified_gmt":"2026-04-10T16:45:42","slug":"wilson-corporation-business-agency-wordpress-theme","status":"publish","type":"product","link":"https:\/\/gpl-love.com\/fr\/produit\/wilson-corporation-business-agency-wordpress-theme\/","title":{"rendered":"Wilson Corporation Business Agency WordPress Theme 1.6.4"},"content":{"rendered":"<h3>Wilson Corporation Business Agency WordPress Theme Traits<\/h3>\n<p>Le th\u00e8me WordPress de l&rsquo;agence des affaires Wilson Corporation est un th\u00e8me incroyablement polyvalent et de pointe qui a \u00e9t\u00e9 sp\u00e9cifiquement con\u00e7u pour les entreprises et les agences afin d&rsquo;\u00e9tablir une pr\u00e9sence en ligne forte et impressionnante. B\u00e9n\u00e9ficiant d&rsquo;une conception remarquablement propre et tr\u00e8s adaptable, ce th\u00e8me propose une plate-forme exceptionnelle \u00e0 partir de laquelle pr\u00e9senter votre gamme remarquable de produits et services aux clients potentiels. De plus, ce th\u00e8me est pleinement r\u00e9actif, ce qui signifie qu&rsquo;il a \u00e9t\u00e9 habilement optimis\u00e9 pour offrir une exp\u00e9rience de visualisation exceptionnelle sur un large \u00e9ventail d&rsquo;appareils, y compris les smartphones et les tablettes. De plus, ce th\u00e8me est livr\u00e9 avec un \u00e9ventail \u00e9tendu d&rsquo;options de personnalisation, vous permettant de l&rsquo;adapter pr\u00e9cis\u00e9ment \u00e0 l&rsquo;alignement avec votre marque et \u00e0 r\u00e9pondre \u00e0 vos besoins commerciaux sp\u00e9cifiques. En fin de compte, avec le th\u00e8me WordPress de l&rsquo;agence des affaires Wilson Corporation \u00e0 votre disposition, vous avez le pouvoir de cr\u00e9er sans effort un site Web extraordinairement \u00e9l\u00e9gant et extr\u00eamement professionnel qui vous distinguera sans effort de la concurrence implacable qui caract\u00e9rise le monde des affaires contemporaines.<\/p>\n<ul>\n<li>Design professionnel et moderne id\u00e9al pour les agences commerciales<\/li>\n<li>Comprend plusieurs dispositions de d\u00e9monstration et options de personnalisation pour une configuration facile<\/li>\n<li>Conception enti\u00e8rement r\u00e9active qui a fi\u00e8re allure sur n&rsquo;importe quel appareil<\/li>\n<li>Fonctionnalit\u00e9s int\u00e9gr\u00e9es telles que les portefeuilles, les membres de l&rsquo;\u00e9quipe et les sections de services<\/li>\n<li>Compatible avec les plugins WordPress populaires pour des fonctionnalit\u00e9s ajout\u00e9es<\/li>\n<li>Soutien professionnel et mises \u00e0 jour r\u00e9guli\u00e8res de l&rsquo;\u00e9quipe de Wilson Corporation<\/li>\n<li>Panneau d&rsquo;administration intuitif et convivial pour une personnalisation facile<\/li>\n<li>SEO optimis\u00e9 pour am\u00e9liorer le classement des moteurs de recherche<\/li>\n<li>Traduction pr\u00eate pour la port\u00e9e mondiale<\/li>\n<li>Importation de d\u00e9monstration en un clic pour une configuration rapide et facile.<\/li>\n<\/ul>\n","protected":false},"excerpt":{"rendered":"<p>Le th\u00e8me WordPress de l&rsquo;agence des affaires de Wilson Corporation se pr\u00e9sente comme une r\u00e9solution optimale et contemporaine du dilemme auquel sont confront\u00e9s les entreprises qui visent \u00e0 \u00e9tablir une pr\u00e9sence en ligne efficace. B\u00e9n\u00e9ficiant d&rsquo;un design \u00e0 la fois \u00e9l\u00e9gant et moderne, ce th\u00e8me permet l&rsquo;affichage transparent de services et de produits avec la plus grande commodit\u00e9. Il est rempli de dispositions personnalisables, de mod\u00e8les de plusieurs pages et d&rsquo;une pl\u00e9thore de sch\u00e9mas de couleurs parmi lesquels s\u00e9lectionner, ce qui facilite \u00e0 son tour la cr\u00e9ation d&rsquo;un site Web distinctif et professionnel, quelle que soit la nature de l&rsquo;entreprise en question. Que l&rsquo;on soit une startup naissante, une v\u00e9n\u00e9rable cabinet de conseil ou une agence de publicit\u00e9, le th\u00e8me WordPress de l&rsquo;agence des affaires de Wilson Corporation est sans \u00e9quivoque le choix id\u00e9al pour viser \u00e0 se distinguer dans le domaine du monde num\u00e9rique.<\/p>\n","protected":false},"featured_media":145770,"comment_status":"open","ping_status":"open","template":"","meta":[],"product_brand":[2433],"product_cat":[1516,1212,1213],"product_tag":[1366],"class_list":{"0":"post-115910","1":"product","2":"type-product","3":"status-publish","4":"has-post-thumbnail","6":"product_brand-themeforest","7":"product_cat-entreprise","8":"product_cat-themes","9":"product_cat-wordpress-themes","10":"product_tag-themeforest","11":"member-discount","12":"discount-restricted","14":"first","15":"instock","16":"sale","17":"downloadable","18":"virtual","19":"sold-individually","20":"purchasable","21":"product-type-simple"},"_links":{"self":[{"href":"https:\/\/gpl-love.com\/fr\/wp-json\/wp\/v2\/product\/115910","targetHints":{"allow":["GET"]}}],"collection":[{"href":"https:\/\/gpl-love.com\/fr\/wp-json\/wp\/v2\/product"}],"about":[{"href":"https:\/\/gpl-love.com\/fr\/wp-json\/wp\/v2\/types\/product"}],"replies":[{"embeddable":true,"href":"https:\/\/gpl-love.com\/fr\/wp-json\/wp\/v2\/comments?post=115910"}],"wp:featuredmedia":[{"embeddable":true,"href":"https:\/\/gpl-love.com\/fr\/wp-json\/wp\/v2\/media\/145770"}],"wp:attachment":[{"href":"https:\/\/gpl-love.com\/fr\/wp-json\/wp\/v2\/media?parent=115910"}],"wp:term":[{"taxonomy":"product_brand","embeddable":true,"href":"https:\/\/gpl-love.com\/fr\/wp-json\/wp\/v2\/product_brand?post=115910"},{"taxonomy":"product_cat","embeddable":true,"href":"https:\/\/gpl-love.com\/fr\/wp-json\/wp\/v2\/product_cat?post=115910"},{"taxonomy":"product_tag","embeddable":true,"href":"https:\/\/gpl-love.com\/fr\/wp-json\/wp\/v2\/product_tag?post=115910"}],"curies":[{"name":"wp","href":"https:\/\/api.w.org\/{rel}","templated":true}]}}