{"id":115908,"date":"2025-08-12T00:00:00","date_gmt":"2025-08-11T22:00:00","guid":{"rendered":"http:\/\/gpl-love.com\/fr\/produit\/vintwood-a-vintage-retro-wordpress-theme\/"},"modified":"2026-04-10T18:45:02","modified_gmt":"2026-04-10T16:45:02","slug":"vintwood-a-vintage-retro-wordpress-theme","status":"publish","type":"product","link":"https:\/\/gpl-love.com\/fr\/produit\/vintwood-a-vintage-retro-wordpress-theme\/","title":{"rendered":"VintWood a Vintage Retro WordPress Theme 1.1.7"},"content":{"rendered":"<h3>VintWood a Vintage Retro WordPress Theme Traits<\/h3>\n<p>Vintwood, un th\u00e8me WordPress impressionnant, poss\u00e8de la capacit\u00e9 d&rsquo;exposer votre contenu d&rsquo;une mani\u00e8re qui rappelle une \u00e9poque r\u00e9volue. Avec un assortiment d&rsquo;options personnalisables \u00e0 votre disposition, vous poss\u00e9dez la capacit\u00e9 de construire sans effort un site Web distinctif et captivant qui se distingue des masses. Ce th\u00e8me pr\u00e9sente une disposition visuellement attrayante et conviviale qui facilite la navigation transparente, ce qui le rend id\u00e9al pour les personnes engag\u00e9es dans des blogs, la photographie et les entreprises de commerce \u00e9lectronique. De plus, Vintwood est enti\u00e8rement r\u00e9actif, garantissant que votre site Web d\u00e9gage de la magnificence sur tous les appareils. Que vos aspirations impliquent la cr\u00e9ation d&rsquo;un site Web nostalgique et accueillant ou qui se vantait d&rsquo;un design plus contemporain et \u00e9l\u00e9gant, Vintwood vous offre tous les outils n\u00e9cessaires pour insuffler la vie \u00e0 votre vision.<\/p>\n<ul>\n<li>Design vintage magnifique et authentique qui donnera \u00e0 votre site Web un look unique et \u00e9l\u00e9gant.<\/li>\n<li>Enti\u00e8rement r\u00e9actif et adapt\u00e9 aux mobiles, garantissant que votre site est parfait sur tous les appareils.<\/li>\n<li>Fonctionnalit\u00e9s personnalisables, vous permettant de cr\u00e9er un site Web unique en son genre qui refl\u00e8te votre marque et votre personnalit\u00e9.<\/li>\n<li>Prise en charge int\u00e9gr\u00e9e pour les fonctionnalit\u00e9s WordPress, y compris les menus personnalis\u00e9s, les widgets et les formats de poste.<\/li>\n<li>Livr\u00e9 avec une gamme de mod\u00e8les de page pr\u00e9d\u00e9finis, y compris des dispositions de blog, des formulaires de contact, etc.<\/li>\n<li>SEO optimis\u00e9, garantissant que le contenu de votre site sera affich\u00e9 de mani\u00e8re appropri\u00e9e dans les r\u00e9sultats de recherche.<\/li>\n<li>Convivial et facile \u00e0 naviguer, offrant \u00e0 vos visiteurs une exp\u00e9rience positive pendant qu&rsquo;ils parcourent votre contenu.<\/li>\n<li>Compatible avec une gamme de plugins tiers, vous permettant d&rsquo;\u00e9tendre la fonctionnalit\u00e9 de votre site au besoin.<\/li>\n<li>R\u00e9guli\u00e8rement mis \u00e0 jour et soutenu par une \u00e9quipe de d\u00e9veloppeurs exp\u00e9riment\u00e9s, garantissant que votre site reste s\u00e9curis\u00e9 et \u00e0 jour.<\/li>\n<li>Abordable et facile \u00e0 utiliser, ce qui en fait la solution parfaite pour les blogueurs, les propri\u00e9taires d&rsquo;entreprise et toute personne qui cherche \u00e0 cr\u00e9er un site Web \u00e9tonnant sur le th\u00e8me vintage.<\/li>\n<\/ul>\n","protected":false},"excerpt":{"rendered":"<p>Vintwood est un th\u00e8me WordPress exquis con\u00e7u, m\u00e9ticuleusement con\u00e7u pour impr\u00e9gner votre site Web avec une aura d&rsquo;esth\u00e9tique vintage et r\u00e9tro. Gr\u00e2ce \u00e0 sa typographie classique organis\u00e9e avec go\u00fbt, \u00e0 des textures m\u00e9ticuleusement en d\u00e9tresse et \u00e0 sa palette de couleurs \u00e9vocatrices qui d\u00e9gage la nostalgie, Vintwood poss\u00e8de la capacit\u00e9 exceptionnelle \u00e0 d\u00e9tourner vos visiteurs estim\u00e9s dans un voyage vif vers des \u00e9poques r\u00e9volues. M\u00e9langeant de mani\u00e8re transparente l&rsquo;attrait d&rsquo;antan avec des fonctionnalit\u00e9s contemporaines, ce th\u00e8me extraordinaire r\u00e9pond \u00e0 toutes les exigences de votre site Web moderne. Que vous vous identifiiez comme un blogueur m\u00e9lancolique aspirant aux temps les plus simples, un collectionneur passionn\u00e9 ch\u00e9risant les reliques du pass\u00e9, ou un propri\u00e9taire entreprenant d&rsquo;une entreprise vintage cherchant \u00e0 vous distinguer des masses, \u00e9merge comme le choix par excellence pour montrer sans effort votre votre style distinctif et affirme votre individualit\u00e9 dans un paysage num\u00e9rique de plus en plus homog\u00e8ne.<\/p>\n","protected":false},"featured_media":145717,"comment_status":"open","ping_status":"open","template":"","meta":[],"product_brand":[2433],"product_cat":[1242,1212,1213],"product_tag":[1366],"class_list":{"0":"post-115908","1":"product","2":"type-product","3":"status-publish","4":"has-post-thumbnail","6":"product_brand-themeforest","7":"product_cat-creatif","8":"product_cat-themes","9":"product_cat-wordpress-themes","10":"product_tag-themeforest","11":"member-discount","12":"discount-restricted","14":"first","15":"instock","16":"sale","17":"downloadable","18":"virtual","19":"sold-individually","20":"purchasable","21":"product-type-simple"},"_links":{"self":[{"href":"https:\/\/gpl-love.com\/fr\/wp-json\/wp\/v2\/product\/115908","targetHints":{"allow":["GET"]}}],"collection":[{"href":"https:\/\/gpl-love.com\/fr\/wp-json\/wp\/v2\/product"}],"about":[{"href":"https:\/\/gpl-love.com\/fr\/wp-json\/wp\/v2\/types\/product"}],"replies":[{"embeddable":true,"href":"https:\/\/gpl-love.com\/fr\/wp-json\/wp\/v2\/comments?post=115908"}],"wp:featuredmedia":[{"embeddable":true,"href":"https:\/\/gpl-love.com\/fr\/wp-json\/wp\/v2\/media\/145717"}],"wp:attachment":[{"href":"https:\/\/gpl-love.com\/fr\/wp-json\/wp\/v2\/media?parent=115908"}],"wp:term":[{"taxonomy":"product_brand","embeddable":true,"href":"https:\/\/gpl-love.com\/fr\/wp-json\/wp\/v2\/product_brand?post=115908"},{"taxonomy":"product_cat","embeddable":true,"href":"https:\/\/gpl-love.com\/fr\/wp-json\/wp\/v2\/product_cat?post=115908"},{"taxonomy":"product_tag","embeddable":true,"href":"https:\/\/gpl-love.com\/fr\/wp-json\/wp\/v2\/product_tag?post=115908"}],"curies":[{"name":"wp","href":"https:\/\/api.w.org\/{rel}","templated":true}]}}