{"id":115906,"date":"2025-08-07T00:00:00","date_gmt":"2025-08-06T22:00:00","guid":{"rendered":"http:\/\/gpl-love.com\/fr\/produit\/woocommerce-pdf-invoices-et-packing-slips-professional\/"},"modified":"2026-04-10T18:47:49","modified_gmt":"2026-04-10T16:47:49","slug":"woocommerce-pdf-invoices-et-packing-slips-professional","status":"publish","type":"product","link":"https:\/\/gpl-love.com\/fr\/produit\/woocommerce-pdf-invoices-et-packing-slips-professional\/","title":{"rendered":"WooCommerce PDF Invoices et Packing Slips Professional 2.16.9"},"content":{"rendered":"<h3>WooCommerce PDF Invoices et Packing Slips Professional Traits<\/h3>\n<p>Le plugin professionnel WooCommerce PDF et les glissades d&#8217;emballage sont un outil extr\u00eamement robuste qui englobe une solution hautement efficace et rationalis\u00e9e dans le but de g\u00e9n\u00e9rer des factures professionnelles et des glissements d&#8217;emballage. En vertu de son interface conviviale, les individus ont la possibilit\u00e9 de personnaliser leurs factures et leurs bordereaux d&#8217;emballage \u00e0 travers l&rsquo;ajout de logos, de polices et d&rsquo;informations de marque. En outre, ce plugin poss\u00e8de un assortiment de fonctionnalit\u00e9s avanc\u00e9es, y compris, mais sans s&rsquo;y limiter, la g\u00e9n\u00e9ration de factures en vrac, la num\u00e9rotation des factures et la r\u00e9partition automatis\u00e9e des factures aux clients. De plus, ce plugin pr\u00e9sente une interop\u00e9rabilit\u00e9 remarquable avec une myriade de passerelles de paiement, garantissant ainsi la plus grande pr\u00e9cision dans la documentation de toutes les transactions financi\u00e8res. Sans aucun doute, les factures PDF WooCommerce et le plugin professionnel des fiches d&#8217;emballage sert d&rsquo;atout indispensable pour toute boutique en ligne qui aspire \u00e0 am\u00e9liorer leurs proc\u00e9dures de facturation et d&rsquo;exp\u00e9dition.<\/p>\n<ul>\n<li>G\u00e9n\u00e8re des factures professionnelles et des bulletins d&#8217;emballage pour les commandes WooCommerce<\/li>\n<li>Mod\u00e8les personnalisables pour les factures et les feuillets d&#8217;emballage<\/li>\n<li>Envoyez automatiquement les factures et les borderets d&#8217;emballage aux clients par e-mail<\/li>\n<li>Ajouter des champs suppl\u00e9mentaires aux factures et des bulletins d&#8217;emballage pour inclure des informations importantes<\/li>\n<li>Factures de nombre automatique et s\u00e9quentielles pour une organisation facile<\/li>\n<li>Permet l&rsquo;inclusion d&rsquo;images de produit sur les factures et les feuillets d&#8217;emballage<\/li>\n<li>Support linguistique multiple pour les clients internationaux<\/li>\n<li>Capable de t\u00e9l\u00e9charger et d&rsquo;imprimer des factures et des feuillets d&#8217;emballage en vrac<\/li>\n<li>Personnalisez facilement la facture et l&rsquo;en-t\u00eate de glissement d&#8217;emballage \/ pied de page<\/li>\n<li>Compatible avec les passerelles de paiement populaires et les m\u00e9thodes d&rsquo;exp\u00e9dition<\/li>\n<\/ul>\n","protected":false},"excerpt":{"rendered":"<p>En utilisant les factures PDF WooCommerce et les bordereaux d&#8217;emballage professionnels, les utilisateurs re\u00e7oivent la capacit\u00e9 pratique de personnaliser et de g\u00e9n\u00e9rer des factures et des bordereaux d&#8217;emballage qui d\u00e9gagent une apparence professionnelle pour leurs magasins en ligne. Ce plugin exceptionnel poss\u00e8de la capacit\u00e9 d&rsquo;envoyer sans effort les factures PDF et d&#8217;emballage aux clients, diminuant ainsi le fardeau et la main-d&rsquo;\u0153uvre impliqu\u00e9s dans les commandes de traitement manuellement. De plus, sa compatibilit\u00e9 transparente avec des passerelles de paiement pro\u00e9minentes le rend un outil essentiel et indispensable pour g\u00e9rer efficacement son magasin WooCommerce.<\/p>\n","protected":false},"featured_media":145964,"comment_status":"open","ping_status":"open","template":"","meta":[],"product_brand":[2699],"product_cat":[1183,1182,1181],"product_tag":[2202],"class_list":{"0":"post-115906","1":"product","2":"type-product","3":"status-publish","4":"has-post-thumbnail","6":"product_brand-wp-overnight","7":"product_cat-administration","8":"product_cat-commerce-electronique-plugins","9":"product_cat-plugins","10":"product_tag-wp-overnight","11":"member-discount","12":"discount-restricted","14":"first","15":"instock","16":"sale","17":"downloadable","18":"virtual","19":"sold-individually","20":"purchasable","21":"product-type-simple"},"_links":{"self":[{"href":"https:\/\/gpl-love.com\/fr\/wp-json\/wp\/v2\/product\/115906","targetHints":{"allow":["GET"]}}],"collection":[{"href":"https:\/\/gpl-love.com\/fr\/wp-json\/wp\/v2\/product"}],"about":[{"href":"https:\/\/gpl-love.com\/fr\/wp-json\/wp\/v2\/types\/product"}],"replies":[{"embeddable":true,"href":"https:\/\/gpl-love.com\/fr\/wp-json\/wp\/v2\/comments?post=115906"}],"wp:featuredmedia":[{"embeddable":true,"href":"https:\/\/gpl-love.com\/fr\/wp-json\/wp\/v2\/media\/145964"}],"wp:attachment":[{"href":"https:\/\/gpl-love.com\/fr\/wp-json\/wp\/v2\/media?parent=115906"}],"wp:term":[{"taxonomy":"product_brand","embeddable":true,"href":"https:\/\/gpl-love.com\/fr\/wp-json\/wp\/v2\/product_brand?post=115906"},{"taxonomy":"product_cat","embeddable":true,"href":"https:\/\/gpl-love.com\/fr\/wp-json\/wp\/v2\/product_cat?post=115906"},{"taxonomy":"product_tag","embeddable":true,"href":"https:\/\/gpl-love.com\/fr\/wp-json\/wp\/v2\/product_tag?post=115906"}],"curies":[{"name":"wp","href":"https:\/\/api.w.org\/{rel}","templated":true}]}}