{"id":115904,"date":"2025-11-14T00:00:00","date_gmt":"2025-11-13T23:00:00","guid":{"rendered":"http:\/\/gpl-love.com\/fr\/produit\/politix-political-campaign-wordpress-theme\/"},"modified":"2026-03-20T23:31:55","modified_gmt":"2026-03-20T22:31:55","slug":"politix-political-campaign-wordpress-theme","status":"publish","type":"product","link":"https:\/\/gpl-love.com\/fr\/produit\/politix-political-campaign-wordpress-theme\/","title":{"rendered":"Politix Political Campaign WordPress Theme 1.0.7"},"content":{"rendered":"<h3>Politix Political Campaign WordPress Theme Traits<\/h3>\n<p>Le th\u00e8me WordPress de la campagne politique politique, avec sa multitude de capacit\u00e9s et d&rsquo;adaptabilit\u00e9, sert de ressource inestimable pour les campagnes politiques, quelle que soit leur \u00e9chelle. B\u00e9n\u00e9ficiant d&rsquo;un design contemporain et d&rsquo;une interface utilisateur intuitive, il permet aux politiciens et aux organisations politiques d&rsquo;\u00e9tablir une pr\u00e9sence en ligne polie et de favoriser des interactions significatives avec leurs partisans. Ce th\u00e8me englobe un large \u00e9ventail de fonctionnalit\u00e9s, englobant des formulaires de don, des calendriers d&rsquo;\u00e9v\u00e9nements, une int\u00e9gration transparente avec les plateformes de m\u00e9dias sociaux, et l&rsquo;option de personnaliser des mod\u00e8les pour les pages et les publications. En outre, il est compl\u00e9t\u00e9 par un assortiment de dispositions pr\u00e9-con\u00e7ues, facilitant un processus d&rsquo;initiation transparente. Que l&rsquo;on se dispute une position de pouvoir ou de superviser la gestion d&rsquo;une campagne, le th\u00e8me WordPress de la campagne politique politix est sans \u00e9quivoque comme un atout indispensable pour toute entreprise politique \u00e0 la recherche d&rsquo;un triomphe.<\/p>\n<ul>\n<li>Conception de site Web de campagne politique moderne et professionnelle<\/li>\n<li>Page d&rsquo;accueil personnalisable avec diverses options de mise en page<\/li>\n<li>Divers mod\u00e8les de pages, y compris sur, les probl\u00e8mes, les \u00e9v\u00e9nements et les pages de blog<\/li>\n<li>Int\u00e9gration avec des plates-formes de dons et de marketing par e-mail populaires<\/li>\n<li>Panneau d&rsquo;options de th\u00e8me puissant pour une personnalisation facile<\/li>\n<li>Conception r\u00e9active pour une visualisation optimale sur les appareils mobiles<\/li>\n<li>Int\u00e9gration int\u00e9gr\u00e9e des m\u00e9dias sociaux pour un partage facile<\/li>\n<li>Plusieurs sch\u00e9mas de couleurs au choix<\/li>\n<li>Compatible avec les constructeurs de page WordPress populaires pour une flexibilit\u00e9 de conception suppl\u00e9mentaire<\/li>\n<li>Mises \u00e0 jour gratuites \u00e0 vie et excellent support client<\/li>\n<\/ul>\n","protected":false},"excerpt":{"rendered":"<p>Le th\u00e8me WordPress de la campagne politique politique se pr\u00e9sente comme la solution ultime adapt\u00e9e aux politiciens ou aux partis politiques \u00e0 la recherche d&rsquo;une pr\u00e9sence en ligne influente et esth\u00e9tique. B\u00e9n\u00e9ficiant d&rsquo;un design contemporain et sophistiqu\u00e9, ce th\u00e8me fournit une vaste gamme d&rsquo;outils et de caract\u00e9ristiques visant \u00e0 faciliter la communication transparente avec les supporters, \u00e0 diffuser efficacement les id\u00e9es et \u00e0 attirer de nouveaux adeptes. De l&rsquo;inclusion de widgets personnalisables et de l&rsquo;int\u00e9gration transparente avec diverses plateformes de m\u00e9dias sociaux, \u00e0 la fourniture d&rsquo;un soutien multicangue et \u00e0 l&rsquo;incorporation de formulaires de don, le politix englobe tous les composants n\u00e9cessaires n\u00e9cessaires pour fa\u00e7onner un site Web de campagne politique triomphante. Par cons\u00e9quent, si votre aspiration implique de faire une d\u00e9claration indomptable dans le domaine num\u00e9rique de la politique, soyez assur\u00e9 que ce th\u00e8me est le choix impeccable pour vous.<\/p>\n","protected":false},"featured_media":144996,"comment_status":"open","ping_status":"open","template":"","meta":[],"product_brand":[2433],"product_cat":[1242,1212,1213],"product_tag":[1366],"class_list":{"0":"post-115904","1":"product","2":"type-product","3":"status-publish","4":"has-post-thumbnail","6":"product_brand-themeforest","7":"product_cat-creatif","8":"product_cat-themes","9":"product_cat-wordpress-themes","10":"product_tag-themeforest","11":"member-discount","12":"discount-restricted","14":"first","15":"instock","16":"sale","17":"downloadable","18":"virtual","19":"sold-individually","20":"purchasable","21":"product-type-simple"},"_links":{"self":[{"href":"https:\/\/gpl-love.com\/fr\/wp-json\/wp\/v2\/product\/115904","targetHints":{"allow":["GET"]}}],"collection":[{"href":"https:\/\/gpl-love.com\/fr\/wp-json\/wp\/v2\/product"}],"about":[{"href":"https:\/\/gpl-love.com\/fr\/wp-json\/wp\/v2\/types\/product"}],"replies":[{"embeddable":true,"href":"https:\/\/gpl-love.com\/fr\/wp-json\/wp\/v2\/comments?post=115904"}],"wp:featuredmedia":[{"embeddable":true,"href":"https:\/\/gpl-love.com\/fr\/wp-json\/wp\/v2\/media\/144996"}],"wp:attachment":[{"href":"https:\/\/gpl-love.com\/fr\/wp-json\/wp\/v2\/media?parent=115904"}],"wp:term":[{"taxonomy":"product_brand","embeddable":true,"href":"https:\/\/gpl-love.com\/fr\/wp-json\/wp\/v2\/product_brand?post=115904"},{"taxonomy":"product_cat","embeddable":true,"href":"https:\/\/gpl-love.com\/fr\/wp-json\/wp\/v2\/product_cat?post=115904"},{"taxonomy":"product_tag","embeddable":true,"href":"https:\/\/gpl-love.com\/fr\/wp-json\/wp\/v2\/product_tag?post=115904"}],"curies":[{"name":"wp","href":"https:\/\/api.w.org\/{rel}","templated":true}]}}