{"id":115902,"date":"2021-06-17T00:00:00","date_gmt":"2021-06-16T22:00:00","guid":{"rendered":"http:\/\/gpl-love.com\/fr\/produit\/leganic-organic-et-food-store-wordpress-theme\/"},"modified":"2026-03-20T23:22:22","modified_gmt":"2026-03-20T22:22:22","slug":"leganic-organic-et-food-store-wordpress-theme","status":"publish","type":"product","link":"https:\/\/gpl-love.com\/fr\/produit\/leganic-organic-et-food-store-wordpress-theme\/","title":{"rendered":"Leganic Organic et Food Store WordPress Theme 1.2"},"content":{"rendered":"<h3>Leganic Organic et Food Store WordPress Theme Traits<\/h3>\n<p>Le th\u00e8me Leganic Organic and Food Store WordPress pr\u00e9sente une solution id\u00e9ale pour les personnes souhaitant \u00e9tablir une boutique en ligne pour les produits alimentaires biologiques et sains. Ce th\u00e8me offre un design vierge et contemporain qui est enti\u00e8rement personnalisable, accordant aux utilisateurs la possibilit\u00e9 de pr\u00e9senter leurs produits de la mani\u00e8re la plus impressionnante. De plus, il est \u00e9quip\u00e9 d&rsquo;une gamme d&rsquo;options pour l&rsquo;affichage du produit, la grille, la liste et les dispositions de carrousel. Le th\u00e8me assure une exp\u00e9rience utilisateur ininterrompue, avec une navigation facile et une interface qui hi\u00e9rarte la convivialit\u00e9. En outre, il pr\u00e9sente une r\u00e9activit\u00e9 exceptionnelle, garantissant une exp\u00e9rience visuelle exceptionnelle sur tous les appareils. Sa documentation compl\u00e8te et ses services de soutien exceptionnel en font la pr\u00e9f\u00e9rence ultime pour les personnes visant \u00e0 \u00e9tablir une boutique en ligne pour les produits alimentaires biologiques et sains.<\/p>\n<ul>\n<li>Un th\u00e8me WordPress r\u00e9actif et adapt\u00e9 aux mobiles con\u00e7u sp\u00e9cifiquement pour les magasins d&rsquo;aliments biologiques et les entreprises connexes.<\/li>\n<li>Construit avec une conception professionnelle propre pour cr\u00e9er une vitrine en ligne visuellement attrayante pour votre entreprise.<\/li>\n<li>Comprend des options faciles \u00e0 utiliser et personnalisables pour la disposition du site, les sch\u00e9mas de couleurs, les polices, etc.<\/li>\n<li>Comprend plusieurs mod\u00e8les de page pr\u00e9d\u00e9finis, y compris la galerie, le calendrier des \u00e9v\u00e9nements et les pages de blog, avec la possibilit\u00e9 de cr\u00e9er facilement des pages personnalis\u00e9es au besoin.<\/li>\n<li>Comprend une compatibilit\u00e9 int\u00e9gr\u00e9e avec les plugins WordPress populaires tels que WooCommerce pour des ventes et des r\u00e9servations faciles en ligne.<\/li>\n<li>Optimis\u00e9 pour la visibilit\u00e9 des moteurs de recherche pour aider les clients potentiels \u00e0 trouver votre entreprise en ligne.<\/li>\n<li>Comprend une documentation d\u00e9taill\u00e9e et un support client pour vous aider \u00e0 tirer le meilleur parti de votre th\u00e8me Leganic.<\/li>\n<\/ul>\n","protected":false},"excerpt":{"rendered":"<p>Le th\u00e8me de WordPress de magasin biologique et alimentaire Leganic est un exemplaire de conception et de style contemporains, sp\u00e9cifiquement adapt\u00e9s aux entreprises telles que les magasins d&rsquo;aliments biologiques, les march\u00e9s de producteurs et les blogueurs alimentaires durables. Son esth\u00e9tique int\u00e8gre \u00e0 la fois la modernit\u00e9 et l&rsquo;\u00e9l\u00e9gance, cr\u00e9ant une exp\u00e9rience visuellement attrayante et engageante pour les utilisateurs. De plus, ce th\u00e8me poss\u00e8de un haut degr\u00e9 d&rsquo;adaptabilit\u00e9, permettant une personnalisation sans effort pour s&rsquo;adapter aux pr\u00e9f\u00e9rences individuelles. Ceci est facilit\u00e9 par l&rsquo;inclusion de plusieurs dispositions de page d&rsquo;accueil, de pages de magasin et de filtrage de produits, offrant aux utilisateurs un \u00e9ventail diversifi\u00e9 de choix pour s&rsquo;aligner parfaitement avec leur marque unique et leurs besoins organisationnels. En outre, Leganic est construit sur les derni\u00e8res technologies Web, garantissant des performances, une vitesse et une compatibilit\u00e9 optimales. De plus, son optimisation SEO garantit une visibilit\u00e9 et une accessibilit\u00e9 accrue, permettant aux entreprises d&rsquo;atteindre un public plus large et de maximiser leur pr\u00e9sence en ligne. Avec sa conception impeccable, ses fonctionnalit\u00e9s transparentes et ses fonctionnalit\u00e9s ax\u00e9es sur l&rsquo;utilisateur, le th\u00e8me WordPress de magasin biologique et d&rsquo;alimentation leganic est ind\u00e9niablement un changeur de jeu qui peut r\u00e9volutionner votre entreprise et l&rsquo;\u00e9lever \u00e0 des hauteurs de succ\u00e8s in\u00e9gal\u00e9es.<\/p>\n","protected":false},"featured_media":144369,"comment_status":"open","ping_status":"open","template":"","meta":[],"product_brand":[2433],"product_cat":[1516,1212,1213],"product_tag":[1366],"class_list":{"0":"post-115902","1":"product","2":"type-product","3":"status-publish","4":"has-post-thumbnail","6":"product_brand-themeforest","7":"product_cat-entreprise","8":"product_cat-themes","9":"product_cat-wordpress-themes","10":"product_tag-themeforest","11":"member-discount","12":"discount-restricted","14":"first","15":"instock","16":"sale","17":"downloadable","18":"virtual","19":"sold-individually","20":"purchasable","21":"product-type-simple"},"_links":{"self":[{"href":"https:\/\/gpl-love.com\/fr\/wp-json\/wp\/v2\/product\/115902","targetHints":{"allow":["GET"]}}],"collection":[{"href":"https:\/\/gpl-love.com\/fr\/wp-json\/wp\/v2\/product"}],"about":[{"href":"https:\/\/gpl-love.com\/fr\/wp-json\/wp\/v2\/types\/product"}],"replies":[{"embeddable":true,"href":"https:\/\/gpl-love.com\/fr\/wp-json\/wp\/v2\/comments?post=115902"}],"wp:featuredmedia":[{"embeddable":true,"href":"https:\/\/gpl-love.com\/fr\/wp-json\/wp\/v2\/media\/144369"}],"wp:attachment":[{"href":"https:\/\/gpl-love.com\/fr\/wp-json\/wp\/v2\/media?parent=115902"}],"wp:term":[{"taxonomy":"product_brand","embeddable":true,"href":"https:\/\/gpl-love.com\/fr\/wp-json\/wp\/v2\/product_brand?post=115902"},{"taxonomy":"product_cat","embeddable":true,"href":"https:\/\/gpl-love.com\/fr\/wp-json\/wp\/v2\/product_cat?post=115902"},{"taxonomy":"product_tag","embeddable":true,"href":"https:\/\/gpl-love.com\/fr\/wp-json\/wp\/v2\/product_tag?post=115902"}],"curies":[{"name":"wp","href":"https:\/\/api.w.org\/{rel}","templated":true}]}}