{"id":115900,"date":"2023-11-02T00:00:00","date_gmt":"2023-11-01T23:00:00","guid":{"rendered":"http:\/\/gpl-love.com\/fr\/produit\/iceberg-simple-et-minimal-personal-theme\/"},"modified":"2026-03-20T23:20:04","modified_gmt":"2026-03-20T22:20:04","slug":"iceberg-simple-et-minimal-personal-theme","status":"publish","type":"product","link":"https:\/\/gpl-love.com\/fr\/produit\/iceberg-simple-et-minimal-personal-theme\/","title":{"rendered":"Iceberg Simple et Minimal Personal Theme 2.2.1"},"content":{"rendered":"<h3>Iceberg Simple et Minimal Personal Theme Traits<\/h3>\n<p>Le th\u00e8me personnel simple et minimal d&rsquo;Iceberg est un th\u00e8me de site Web extr\u00eamement con\u00e7u qui pr\u00e9sente une esth\u00e9tique vierge et contemporaine pour les blogs personnels ou les sites Web de portefeuille. En mettant l&rsquo;accent sur l&rsquo;\u00e9l\u00e9gance simple, ce th\u00e8me offre une approche minimaliste qui permet aux visiteurs de d\u00e9tourner leur attention uniquement vers le contenu du site Web, sans distractions \u00e9trang\u00e8res. De plus, ce th\u00e8me est pleinement r\u00e9actif, ce qui signifie qu&rsquo;il poss\u00e8de la capacit\u00e9 de s&rsquo;adapter de mani\u00e8re transparente \u00e0 un assortiment de tailles d&rsquo;\u00e9cran, garantissant ainsi l&rsquo;accessibilit\u00e9 sans effort de tout appareil. De plus, il offre une myriade d&rsquo;options de personnalisation, englobant des sch\u00e9mas de couleurs, des polices et des mises en page, permettant ainsi aux utilisateurs d&rsquo;adapter le th\u00e8me conform\u00e9ment \u00e0 leur style personnel distinctif. Dans l&rsquo;ensemble, le th\u00e8me personnel simple et minimal iceberg s&rsquo;av\u00e8re \u00eatre une s\u00e9lection exemplaire pour les individus \u00e0 la recherche d&rsquo;un th\u00e8me de site Web sans ambigu\u00eft\u00e9 et raffin\u00e9.<\/p>\n<ul>\n<li>Design propre et moderne<\/li>\n<li>Disposition minimaliste pour mettre en \u00e9vidence le contenu<\/li>\n<li>Image d&rsquo;en-t\u00eate personnalisable<\/li>\n<li>Ic\u00f4nes de m\u00e9dias sociaux inclus<\/li>\n<li>Prise en charge des cat\u00e9gories et des balises<\/li>\n<li>Conception r\u00e9active mobile<\/li>\n<li>Barre de recherche int\u00e9gr\u00e9e<\/li>\n<li>Personnalisation facile avec le personnalisateur WordPress<\/li>\n<li>Compatible avec des plugins populaires tels que Jetpack et Contact Form 7<\/li>\n<li>Bien document\u00e9 avec des instructions claires pour la configuration et la personnalisation<\/li>\n<\/ul>\n","protected":false},"excerpt":{"rendered":"<p>Le th\u00e8me personnel simple et minimal d&rsquo;Iceberg appara\u00eet comme l&rsquo;alternative ultime pour les personnes aspirant \u00e0 fa\u00e7onner un site Web personnel sophistiqu\u00e9 et raffin\u00e9. Ce th\u00e8me remarquablement convivial comprend une disposition immacul\u00e9e et contemporaine, vous offrant ainsi l&rsquo;occasion de montrer votre contenu d&rsquo;une mani\u00e8re exquise et anim\u00e9e. Gr\u00e2ce \u00e0 sa pl\u00e9thore d&rsquo;attributs personnalisables et d&rsquo;interface centr\u00e9e sur l&rsquo;utilisateur, le th\u00e8me personnel Iceberg simple et minimal est la s\u00e9lection par excellence pour les individus aspirant \u00e0 \u00e9tablir une pr\u00e9sence num\u00e9rique remarquable. Par cons\u00e9quent, pourquoi tergiverser davantage? Onitez votre voyage aujourd&rsquo;hui et \u00e9levez votre site Web personnel \u00e0 des hauteurs sans pr\u00e9c\u00e9dent en adoptant le th\u00e8me personnel simple et minimal d&rsquo;iceberg remarquable.<\/p>\n","protected":false},"featured_media":144213,"comment_status":"open","ping_status":"open","template":"","meta":[],"product_brand":[2433],"product_cat":[1220,1212,1213],"product_tag":[1366],"class_list":{"0":"post-115900","1":"product","2":"type-product","3":"status-publish","4":"has-post-thumbnail","6":"product_brand-themeforest","7":"product_cat-blog-magazine","8":"product_cat-themes","9":"product_cat-wordpress-themes","10":"product_tag-themeforest","11":"member-discount","12":"discount-restricted","14":"first","15":"instock","16":"sale","17":"downloadable","18":"virtual","19":"sold-individually","20":"purchasable","21":"product-type-simple"},"_links":{"self":[{"href":"https:\/\/gpl-love.com\/fr\/wp-json\/wp\/v2\/product\/115900","targetHints":{"allow":["GET"]}}],"collection":[{"href":"https:\/\/gpl-love.com\/fr\/wp-json\/wp\/v2\/product"}],"about":[{"href":"https:\/\/gpl-love.com\/fr\/wp-json\/wp\/v2\/types\/product"}],"replies":[{"embeddable":true,"href":"https:\/\/gpl-love.com\/fr\/wp-json\/wp\/v2\/comments?post=115900"}],"wp:featuredmedia":[{"embeddable":true,"href":"https:\/\/gpl-love.com\/fr\/wp-json\/wp\/v2\/media\/144213"}],"wp:attachment":[{"href":"https:\/\/gpl-love.com\/fr\/wp-json\/wp\/v2\/media?parent=115900"}],"wp:term":[{"taxonomy":"product_brand","embeddable":true,"href":"https:\/\/gpl-love.com\/fr\/wp-json\/wp\/v2\/product_brand?post=115900"},{"taxonomy":"product_cat","embeddable":true,"href":"https:\/\/gpl-love.com\/fr\/wp-json\/wp\/v2\/product_cat?post=115900"},{"taxonomy":"product_tag","embeddable":true,"href":"https:\/\/gpl-love.com\/fr\/wp-json\/wp\/v2\/product_tag?post=115900"}],"curies":[{"name":"wp","href":"https:\/\/api.w.org\/{rel}","templated":true}]}}