{"id":115898,"date":"2022-03-17T00:00:00","date_gmt":"2022-03-16T23:00:00","guid":{"rendered":"http:\/\/gpl-love.com\/fr\/produit\/groci-organic-food-et-grocery-market-wordpress-theme\/"},"modified":"2026-03-20T23:19:07","modified_gmt":"2026-03-20T22:19:07","slug":"groci-organic-food-et-grocery-market-wordpress-theme","status":"publish","type":"product","link":"https:\/\/gpl-love.com\/fr\/produit\/groci-organic-food-et-grocery-market-wordpress-theme\/","title":{"rendered":"Groci Organic Food et Grocery Market WordPress Theme 2.1.3"},"content":{"rendered":"<h3>Groci Organic Food et Grocery Market WordPress Theme Traits<\/h3>\n<p>Le th\u00e8me WordPress du march\u00e9 biologique et de l&rsquo;\u00e9picerie biologique est un th\u00e8me incroyablement robuste et polyvalent qui a \u00e9t\u00e9 sp\u00e9cialement con\u00e7u pour les march\u00e9s biologiques des aliments et de l&rsquo;\u00e9picerie. Avec un \u00e9ventail impressionnant de fonctionnalit\u00e9s et de fonctionnalit\u00e9s \u00e0 votre disposition, ce th\u00e8me vous permet d&rsquo;\u00e9tablir sans effort une boutique en ligne professionnelle et conviviale. Que votre intention soit de commercialiser et de vendre des fruits et l\u00e9gumes biologiques, des viandes, des produits laitiers ou tout autre alimentation, ce th\u00e8me englobe tous les outils et ressources essentiels n\u00e9cessaires pour lancer votre entreprise num\u00e9rique. B\u00e9n\u00e9ficiant d&rsquo;une conception tr\u00e8s r\u00e9active, d&rsquo;une disposition conviviale et d&rsquo;une interface de personnalisation intuitive, vous avez la libert\u00e9 de g\u00e9rer un site Web vraiment exceptionnel et captivant qui pr\u00e9sente efficacement vos produits exceptionnels et vos services de premier ordre. En outre, le th\u00e8me WordPress du march\u00e9 biologique et de l&rsquo;\u00e9picerie Groci int\u00e8gre une vaste gamme de mod\u00e8les, de widgets et de plugins pr\u00e9-construits, offrant une flexibilit\u00e9 et une commodit\u00e9 in\u00e9gal\u00e9es lorsqu&rsquo;il s&rsquo;agit d&rsquo;adapter votre site en fonction de vos exigences uniques et sp\u00e9cifiques. Que vous exploitiez une modeste entreprise \u00e0 petite \u00e9chelle ou une soci\u00e9t\u00e9 multinationale tentaculaire, ce th\u00e8me est le choix ultime pour construire une boutique en ligne prosp\u00e8re et florissante qui donne syst\u00e9matiquement des r\u00e9sultats ph\u00e9nom\u00e9naux.<\/p>\n<ul>\n<li>Design enti\u00e8rement r\u00e9actif et convivial<\/li>\n<li>6 dispositions de page d&rsquo;accueil diff\u00e9rentes au choix<\/li>\n<li>Variations de l&rsquo;en-t\u00eate et du pied de page<\/li>\n<li>Int\u00e9gration WooCommerce pour les achats en ligne faciles<\/li>\n<li>Options avanc\u00e9es de filtrage des produits<\/li>\n<li>Section de blog personnalisable pour partager des recettes et des nouvelles alimentaires<\/li>\n<li>Int\u00e9gration des m\u00e9dias sociaux pour le partage sur Facebook, Twitter et Instagram<\/li>\n<li>Google Maps int\u00e9gr\u00e9 pour un emplacement de magasin facile<\/li>\n<li>Options de personnalisation des couleurs et des polices<\/li>\n<li>Installation de d\u00e9monstration en un clic pour une configuration rapide<\/li>\n<li>Assistance d\u00e9di\u00e9e et documentation d\u00e9taill\u00e9e incluse.<\/li>\n<\/ul>\n","protected":false},"excerpt":{"rendered":"<p>Le th\u00e8me WordPress du march\u00e9 biologique et de l&rsquo;\u00e9picerie biologique pr\u00e9sente un design contemporain et poli qui est id\u00e9alement adapt\u00e9 pour r\u00e9pondre aux magasins d&rsquo;aliments biologiques et naturels, aux march\u00e9s de producteurs, aux march\u00e9s de l&rsquo;\u00e9picerie et \u00e0 toutes les autres entreprises affili\u00e9es. Ce th\u00e8me exceptionnel poss\u00e8de une pl\u00e9thore de dispositions de page d&rsquo;accueil personnalisables, assurant une touche personnalis\u00e9e. Sa conception r\u00e9active s&rsquo;adapte de mani\u00e8re transparente \u00e0 diff\u00e9rents appareils, garantissant une exp\u00e9rience de navigation optimale pour les utilisateurs. De plus, Groci propose une s\u00e9lection exquise de polices, ainsi que des curseurs de produits captivants, augmentant ainsi l&rsquo;attrait visuel de votre site Web. De plus, ce th\u00e8me est \u00e9quip\u00e9 d&rsquo;un assortiment de pages pr\u00e9d\u00e9finies, notamment une page d&rsquo;atelier, une page de blog et une page de contact, simplifiant le processus d&rsquo;\u00e9tablissement d&rsquo;une pr\u00e9sence en ligne pour votre entreprise. En tirant parti de la puissance de Groci, vous pouvez captiver sans effort votre public et pr\u00e9senter vos produits d&rsquo;une mani\u00e8re s\u00e9duisante et conviviale.<\/p>\n","protected":false},"featured_media":144153,"comment_status":"open","ping_status":"open","template":"","meta":[],"product_brand":[2433],"product_cat":[1516,1212,1213],"product_tag":[1366],"class_list":{"0":"post-115898","1":"product","2":"type-product","3":"status-publish","4":"has-post-thumbnail","6":"product_brand-themeforest","7":"product_cat-entreprise","8":"product_cat-themes","9":"product_cat-wordpress-themes","10":"product_tag-themeforest","11":"member-discount","12":"discount-restricted","14":"first","15":"instock","16":"sale","17":"downloadable","18":"virtual","19":"sold-individually","20":"purchasable","21":"product-type-simple"},"_links":{"self":[{"href":"https:\/\/gpl-love.com\/fr\/wp-json\/wp\/v2\/product\/115898","targetHints":{"allow":["GET"]}}],"collection":[{"href":"https:\/\/gpl-love.com\/fr\/wp-json\/wp\/v2\/product"}],"about":[{"href":"https:\/\/gpl-love.com\/fr\/wp-json\/wp\/v2\/types\/product"}],"replies":[{"embeddable":true,"href":"https:\/\/gpl-love.com\/fr\/wp-json\/wp\/v2\/comments?post=115898"}],"wp:featuredmedia":[{"embeddable":true,"href":"https:\/\/gpl-love.com\/fr\/wp-json\/wp\/v2\/media\/144153"}],"wp:attachment":[{"href":"https:\/\/gpl-love.com\/fr\/wp-json\/wp\/v2\/media?parent=115898"}],"wp:term":[{"taxonomy":"product_brand","embeddable":true,"href":"https:\/\/gpl-love.com\/fr\/wp-json\/wp\/v2\/product_brand?post=115898"},{"taxonomy":"product_cat","embeddable":true,"href":"https:\/\/gpl-love.com\/fr\/wp-json\/wp\/v2\/product_cat?post=115898"},{"taxonomy":"product_tag","embeddable":true,"href":"https:\/\/gpl-love.com\/fr\/wp-json\/wp\/v2\/product_tag?post=115898"}],"curies":[{"name":"wp","href":"https:\/\/api.w.org\/{rel}","templated":true}]}}