{"id":115894,"date":"2022-04-04T00:00:00","date_gmt":"2022-04-03T22:00:00","guid":{"rendered":"http:\/\/gpl-love.com\/fr\/produit\/arnold-minimal-portfolio-wordpress-theme\/"},"modified":"2026-03-20T22:55:05","modified_gmt":"2026-03-20T21:55:05","slug":"arnold-minimal-portfolio-wordpress-theme","status":"publish","type":"product","link":"https:\/\/gpl-love.com\/fr\/produit\/arnold-minimal-portfolio-wordpress-theme\/","title":{"rendered":"Arnold Minimal Portfolio WordPress Theme 2.5.0"},"content":{"rendered":"<h3>Arnold Minimal Portfolio WordPress Theme Traits<\/h3>\n<p>Le th\u00e8me WordPress de portefeuille minimal d&rsquo;Arnold, un mod\u00e8le \u00e9tonnant et de pointe, a \u00e9t\u00e9 con\u00e7u de mani\u00e8re experte dans le but de permettre aux professionnels de la cr\u00e9ation de montrer leur travail dans un domaine en ligne. B\u00e9n\u00e9ficiant d&rsquo;un design vierge et minimaliste, ce th\u00e8me souligne de mani\u00e8re experte votre portefeuille, accordant \u00e0 votre contenu la possibilit\u00e9 de briller et de captiver vraiment. Offrant une gamme d&rsquo;options de personnalisation sans effort, ce th\u00e8me vous permet d&rsquo;adapter de mani\u00e8re transparente ses fonctionnalit\u00e9s et ses \u00e9l\u00e9ments \u00e0 votre style personnel et \u00e0 votre image de marque distinctifs. De plus, il est imp\u00e9ratif de noter que ce th\u00e8me est pleinement r\u00e9actif, garantissant que votre portefeuille semblera visuellement captivant et agr\u00e9able visuellement sur tous les appareils. Avec son apparence impeccable et poli, associ\u00e9e \u00e0 sa fonctionnalit\u00e9 conviviale et intuitive, le th\u00e8me du portefeuille minimal Arnold WordPress est sans aucun doute le choix ultime pour tout individu innovant qui s&rsquo;efforce d&rsquo;\u00e9tablir une pr\u00e9sence en ligne convaincante et influente.<\/p>\n<ul>\n<li>Conception propre et minimale<\/li>\n<li>R\u00e9actif et convivial<\/li>\n<li>Personnalisation facile avec la fonction d&rsquo;aper\u00e7u en direct<\/li>\n<li>6 variations de page d&rsquo;accueil incluses<\/li>\n<li>5 dispositions de portefeuille pour pr\u00e9senter votre travail<\/li>\n<li>Sch\u00e9mas de couleurs claires et sombres disponibles<\/li>\n<li>Plugin Slider Revolution inclus (d&rsquo;une valeur de 25 $)<\/li>\n<li>Importation de d\u00e9monstration en un clic<\/li>\n<li>Compatible avec les plugins WordPress populaires (tels que le formulaire de contact 7 et Yoast SEO)<\/li>\n<li>Documentation compl\u00e8te et support client 24\/7.<\/li>\n<\/ul>\n","protected":false},"excerpt":{"rendered":"<p>Le th\u00e8me WordPress de portefeuille minimal d&rsquo;Arnold est la solution parfaite pour les professionnels et les agences cr\u00e9atifs. Ce th\u00e8me pr\u00e9sente un design propre et \u00e9l\u00e9gant avec une esth\u00e9tique moderne qui fonctionne parfaitement pour pr\u00e9senter votre portefeuille ou votre entreprise. Avec son approche minimaliste, Arnold permet \u00e0 votre travail d&rsquo;\u00eatre la star du spectacle. Il est enti\u00e8rement r\u00e9actif, garantissant que votre site est magnifique sur n&rsquo;importe quel appareil. Non seulement il est livr\u00e9 avec une interface intuitive, mais elle est \u00e9galement hautement personnalisable, ce qui vous donne la flexibilit\u00e9 pour en faire le v\u00f4tre. C&rsquo;est convivial pour le r\u00e9f\u00e9rencement, stimulant vos chances de vous faire remarquer sur les moteurs de recherche. Le th\u00e8me comprend \u00e9galement une plate-forme de blogging, excellent pour partager des informations et des nouvelles. Avec Arnold, vous recevrez des mises \u00e0 jour r\u00e9guli\u00e8res et un support client de premier ordre. Le th\u00e8me de WordPress du portefeuille minimal d&rsquo;Arnold est un investissement pr\u00e9cieux pour ceux qui veulent impressionner leur public et se d\u00e9marquer de la concurrence.<\/p>\n","protected":false},"featured_media":143159,"comment_status":"open","ping_status":"open","template":"","meta":[],"product_brand":[2433],"product_cat":[1242,1212,1213],"product_tag":[1366],"class_list":{"0":"post-115894","1":"product","2":"type-product","3":"status-publish","4":"has-post-thumbnail","6":"product_brand-themeforest","7":"product_cat-creatif","8":"product_cat-themes","9":"product_cat-wordpress-themes","10":"product_tag-themeforest","11":"member-discount","12":"discount-restricted","14":"first","15":"instock","16":"sale","17":"downloadable","18":"virtual","19":"sold-individually","20":"purchasable","21":"product-type-simple"},"_links":{"self":[{"href":"https:\/\/gpl-love.com\/fr\/wp-json\/wp\/v2\/product\/115894","targetHints":{"allow":["GET"]}}],"collection":[{"href":"https:\/\/gpl-love.com\/fr\/wp-json\/wp\/v2\/product"}],"about":[{"href":"https:\/\/gpl-love.com\/fr\/wp-json\/wp\/v2\/types\/product"}],"replies":[{"embeddable":true,"href":"https:\/\/gpl-love.com\/fr\/wp-json\/wp\/v2\/comments?post=115894"}],"wp:featuredmedia":[{"embeddable":true,"href":"https:\/\/gpl-love.com\/fr\/wp-json\/wp\/v2\/media\/143159"}],"wp:attachment":[{"href":"https:\/\/gpl-love.com\/fr\/wp-json\/wp\/v2\/media?parent=115894"}],"wp:term":[{"taxonomy":"product_brand","embeddable":true,"href":"https:\/\/gpl-love.com\/fr\/wp-json\/wp\/v2\/product_brand?post=115894"},{"taxonomy":"product_cat","embeddable":true,"href":"https:\/\/gpl-love.com\/fr\/wp-json\/wp\/v2\/product_cat?post=115894"},{"taxonomy":"product_tag","embeddable":true,"href":"https:\/\/gpl-love.com\/fr\/wp-json\/wp\/v2\/product_tag?post=115894"}],"curies":[{"name":"wp","href":"https:\/\/api.w.org\/{rel}","templated":true}]}}