{"id":115892,"date":"2023-01-07T00:00:00","date_gmt":"2023-01-06T23:00:00","guid":{"rendered":"http:\/\/gpl-love.com\/fr\/produit\/notio-creative-portfolio-wordpress-theme\/"},"modified":"2026-04-10T18:34:51","modified_gmt":"2026-04-10T16:34:51","slug":"notio-creative-portfolio-wordpress-theme","status":"publish","type":"product","link":"https:\/\/gpl-love.com\/fr\/produit\/notio-creative-portfolio-wordpress-theme\/","title":{"rendered":"Notio Creative Portfolio WordPress Theme 5.6.2"},"content":{"rendered":"<h3>Notio Creative Portfolio WordPress Theme Traits<\/h3>\n<p>Le th\u00e8me WordPress du portefeuille Creative Notio est un produit remarquablement exceptionnel qui a \u00e9t\u00e9 m\u00e9ticuleusement con\u00e7u pour pr\u00e9senter efficacement votre cr\u00e9ativit\u00e9 illimit\u00e9e et vos comp\u00e9tences artistiques in\u00e9gal\u00e9es au monde vaste et en constante \u00e9volution. Ce th\u00e8me extraordinaire est enrichi d&rsquo;une pl\u00e9thore de caract\u00e9ristiques remarquables et impressionnantes qui facilitent sans effort la cr\u00e9ation d&rsquo;un portefeuille en ligne exceptionnel qui est destin\u00e9 \u00e0 laisser une impression ind\u00e9l\u00e9bile sur tous ceux qui lui ont pos\u00e9 les yeux. Dans son essence, le th\u00e8me d\u00e9gage une aura inn\u00e9e de sophistication et de professionnalisme, captivant instantan\u00e9ment votre public et \u00e9tablissant une plate-forme immacul\u00e9e pour pr\u00e9senter votre travail inestimable. Avec le th\u00e8me WordPress du portefeuille NOIO Creative, vous obtenez un acc\u00e8s sans entrave \u00e0 un panneau d&rsquo;administration remarquablement intuitif et convivial, ce qui vous permet de personnaliser de mani\u00e8re transparente tous les aspects de votre site Web conform\u00e9ment \u00e0 votre go\u00fbt unique et exigeant. Depuis une vaste gamme de dispositions extr\u00eamement pr\u00e9d\u00e9finies \u00e0 une vaste s\u00e9lection de polices esth\u00e9tiquement agr\u00e9ables et de sch\u00e9mas de couleurs m\u00e9ticuleusement con\u00e7us, vous poss\u00e9dez la libert\u00e9 artistique de g\u00e9rer un site Web vraiment fascinant qui sert de reflet resplendissant de l&rsquo;identit\u00e9 de votre marque. De plus, le th\u00e8me incarne la r\u00e9activit\u00e9 et l&rsquo;adaptabilit\u00e9, en veillant \u00e0 ce que votre site Web s&rsquo;adapte sans effort et s&rsquo;adapte parfaitement \u00e0 toutes sortes d&rsquo;appareils, que ce soit des ordinateurs de bureau, des ordinateurs portables, des tablettes ou des smartphones. Cette r\u00e9activit\u00e9 in\u00e9gal\u00e9e rend votre site Web captivant visuellement et captivant compl\u00e8tement, quel que soit le support par lequel il est accessible. De plus, le th\u00e8me WordPress du portefeuille Creative Notio est m\u00e9ticuleusement con\u00e7u pour \u00eatre adapt\u00e9 \u00e0 l&rsquo;optimisation des moteurs de recherche, propulsant ainsi votre site Web \u00e0 des hauteurs \u00e9lev\u00e9es en renfor\u00e7ant son classement sur divers moteurs de recherche. La convivialit\u00e9 inh\u00e9rente du th\u00e8me est un atout inestimable et garantit que votre travail remarquable attire l&rsquo;attention et la reconnaissance qu&rsquo;il m\u00e9rite \u00e0 juste titre. En r\u00e9sum\u00e9, le th\u00e8me WordPress du portefeuille cr\u00e9atif Notio est un choix sans \u00e9quivoque pour quiconque, quel que soit leur domaine professionnel ou leur discipline cr\u00e9ative, qui aspire \u00e0 exposer leur travail d&rsquo;une mani\u00e8re qui est \u00e0 la fois incontestablement professionnelle et visuellement saisissante.<\/p>\n<ul>\n<li>Conception polyvalente adapt\u00e9e aux professionnels cr\u00e9atifs, aux pigistes et aux agences<\/li>\n<li>Construit avec les derni\u00e8res technologies Web, y compris le framework bootstrap et les animations CSS3<\/li>\n<li>Enti\u00e8rement r\u00e9actif et optimis\u00e9 pour tous les appareils, y compris les ordinateurs de bureau, les tablettes et les smartphones<\/li>\n<li>Builateur de page de glisser-d\u00e9poser et de drop facile \u00e0 utiliser avec plus de 30 \u00e9l\u00e9ments personnalis\u00e9s<\/li>\n<li>Panneau d&rsquo;options de th\u00e8me puissant pour une personnalisation compl\u00e8te et un contr\u00f4le sur votre site Web<\/li>\n<li>Plus de 10 pages d&rsquo;accueil pr\u00e9-con\u00e7ues et d\u00e9mos pour lancer votre projet<\/li>\n<li>Plusieurs dispositions de portefeuille pour pr\u00e9senter votre travail avec style avec des filtres et des animations<\/li>\n<li>Disposages en t\u00eate et pied de page personnalisables avec plusieurs styles et configurations<\/li>\n<li>Int\u00e9gration avec des plugins populaires, y compris le formulaire de contact 7, MailChimp et Yoast SEO<\/li>\n<li>\u00c9quipe d&rsquo;importation de d\u00e9monstration en un clic et d&rsquo;assistance d\u00e9di\u00e9e pour vous aider \u00e0 d\u00e9marrer rapidement et facilement<\/li>\n<\/ul>\n","protected":false},"excerpt":{"rendered":"<p>Le th\u00e8me WordPress du portefeuille cr\u00e9atif Notio est un mod\u00e8le de conception Web tr\u00e8s convivial et largement personnalisable qui est sur mesure pour les personnes dans l&rsquo;industrie cr\u00e9ative, telles que les artistes, les pigistes, les photographes, les blogueurs et les concepteurs. Il sert de plate-forme id\u00e9ale pour pr\u00e9senter vos travaux, produits ou services exceptionnels, ainsi que pour \u00e9tablir une pr\u00e9sence en ligne captivante qui capture sans effort l&rsquo;attention de votre public cible. Notio boasts an impressive array of cutting-edge features, including but not limited to a visually stunning fullscreen slider, aesthetically pleasing masonry layouts, visually striking gallery posts, a vast selection of customizable widgets, headers that can be personalized to your specific preferences, and Dispos\u00e9s flexibles de pied de page. Avec Notio, vous poss\u00e9dez l&rsquo;incroyable capacit\u00e9 \u00e0 organiser un site Web vraiment unique qui r\u00e9sume vraiment votre vision artistique, le tout sans avoir besoin d&rsquo;une expertise de codage ou de rencontrer des difficult\u00e9s techniques. Il est \u00e9galement crucial de noter que Notio est con\u00e7u pour \u00eatre enti\u00e8rement r\u00e9actif sur divers appareils et est m\u00e9ticuleusement optimis\u00e9 pour garantir des vitesses de chargement rapides, garantissant que votre site Web appara\u00eetra parfaitement et visuellement impeccable, qu&rsquo;il soit accessible via un bureau ou un bureau ou un bureau ou un bureau ou un bureau appareil mobile.<\/p>\n","protected":false},"featured_media":144828,"comment_status":"open","ping_status":"open","template":"","meta":[],"product_brand":[2433],"product_cat":[1220,1212,1213],"product_tag":[1366],"class_list":{"0":"post-115892","1":"product","2":"type-product","3":"status-publish","4":"has-post-thumbnail","6":"product_brand-themeforest","7":"product_cat-blog-magazine","8":"product_cat-themes","9":"product_cat-wordpress-themes","10":"product_tag-themeforest","11":"member-discount","12":"discount-restricted","14":"first","15":"instock","16":"sale","17":"downloadable","18":"virtual","19":"sold-individually","20":"purchasable","21":"product-type-simple"},"_links":{"self":[{"href":"https:\/\/gpl-love.com\/fr\/wp-json\/wp\/v2\/product\/115892","targetHints":{"allow":["GET"]}}],"collection":[{"href":"https:\/\/gpl-love.com\/fr\/wp-json\/wp\/v2\/product"}],"about":[{"href":"https:\/\/gpl-love.com\/fr\/wp-json\/wp\/v2\/types\/product"}],"replies":[{"embeddable":true,"href":"https:\/\/gpl-love.com\/fr\/wp-json\/wp\/v2\/comments?post=115892"}],"wp:featuredmedia":[{"embeddable":true,"href":"https:\/\/gpl-love.com\/fr\/wp-json\/wp\/v2\/media\/144828"}],"wp:attachment":[{"href":"https:\/\/gpl-love.com\/fr\/wp-json\/wp\/v2\/media?parent=115892"}],"wp:term":[{"taxonomy":"product_brand","embeddable":true,"href":"https:\/\/gpl-love.com\/fr\/wp-json\/wp\/v2\/product_brand?post=115892"},{"taxonomy":"product_cat","embeddable":true,"href":"https:\/\/gpl-love.com\/fr\/wp-json\/wp\/v2\/product_cat?post=115892"},{"taxonomy":"product_tag","embeddable":true,"href":"https:\/\/gpl-love.com\/fr\/wp-json\/wp\/v2\/product_tag?post=115892"}],"curies":[{"name":"wp","href":"https:\/\/api.w.org\/{rel}","templated":true}]}}