{"id":115890,"date":"2021-06-17T00:00:00","date_gmt":"2021-06-16T22:00:00","guid":{"rendered":"http:\/\/gpl-love.com\/fr\/produit\/zoom-integration-pour-woocommerce-bookings\/"},"modified":"2026-03-20T23:54:49","modified_gmt":"2026-03-20T22:54:49","slug":"zoom-integration-pour-woocommerce-bookings","status":"publish","type":"product","link":"https:\/\/gpl-love.com\/fr\/produit\/zoom-integration-pour-woocommerce-bookings\/","title":{"rendered":"Zoom Integration pour WooCommerce Bookings 2.3.6"},"content":{"rendered":"<h3>Zoom Integration pour WooCommerce Bookings Traits<\/h3>\n<p>L&rsquo;int\u00e9gration de zoom pour les r\u00e9servations WooCommerce sert d&rsquo;outil tr\u00e8s efficace et robuste, facilitant la connexion transparente entre les syst\u00e8mes de r\u00e9servation en ligne des entreprises et la conf\u00e9rence de zoom, permettant ainsi un moyen pratique et efficace de communication et de collaboration avec les clients. En incorporant cette int\u00e9gration, les clients sont en mesure de planifier et de participer sans effort \u00e0 des r\u00e9unions vid\u00e9o directement \u00e0 partir du site Web de WooCommerce, ce qui en fait une m\u00e9thode d&rsquo;interaction exceptionnellement pratique et efficace. Cette int\u00e9gration est particuli\u00e8rement bien adapt\u00e9e aux entreprises qui offrent des consultations en ligne, des webinaires ou des s\u00e9ances de formation. En int\u00e9grant Zoom dans les r\u00e9servations WooCommerce, les entreprises peuvent optimiser leurs proc\u00e9dures de planification de rendez-vous et am\u00e9liorer la satisfaction du client en offrant une exp\u00e9rience de r\u00e9servation parfaitement rationalis\u00e9e et sans tracas.<\/p>\n<ul>\n<li>Int\u00e9grez de mani\u00e8re transparente vos r\u00e9servations WooCommerce avec Zoom Video Conferencing Software<\/li>\n<li>Offrez des rendez-vous virtuels ou des r\u00e9unions pour vos clients via votre boutique en ligne<\/li>\n<li>Cr\u00e9ez automatiquement des liens de r\u00e9union zoom pour chaque r\u00e9servation faite<\/li>\n<li>G\u00e9rer et suivre facilement les r\u00e9unions de zoom dans vos d\u00e9tails de commande WooCommerce<\/li>\n<li>Envoyez des e-mails de rappel personnalis\u00e9s avec des liens de r\u00e9union Zoom vers les clients avant les rendez-vous planifi\u00e9s<\/li>\n<li>Am\u00e9liorez la communication avec les clients en fournissant une plate-forme pratique et famili\u00e8re pour les r\u00e9unions virtuelles<\/li>\n<li>\u00c9conomisez du temps et des ressources en incorporant des rendez-vous virtuels dans votre mod\u00e8le d&rsquo;entreprise avec facilit\u00e9<\/li>\n<li>Compatible avec les r\u00e9servations de participants c\u00e9libataires et multiples<\/li>\n<li>Une plus grande flexibilit\u00e9 pour vos clients avec la possibilit\u00e9 de choisir des rendez-vous virtuels ou en personne.<\/li>\n<\/ul>\n","protected":false},"excerpt":{"rendered":"<p>L&rsquo;int\u00e9gration de zoom de pointe pour les r\u00e9servations WooCommerce pr\u00e9sente une r\u00e9solution complexe qui confonde les utilisateurs de WooCommerce ayant la capacit\u00e9 d&rsquo;incorporer de mani\u00e8re transparente le formidable logiciel de conf\u00e9rence vid\u00e9o de zoom dans leur syst\u00e8me de r\u00e9servation virtuel. En raison de cette int\u00e9gration transparente, les entreprises peuvent sans effort tracer et administrer le rendez-vous virtuel avec leur client\u00e8le estim\u00e9 ou leurs clients, tout en op\u00e9rant dans les limites de leur site Web WooCommerce. Cette solution tr\u00e8s accessible et conviviale simplifie la t\u00e2che ardue de planifier des rendez-vous, permettant ainsi aux entreprises de fournir sans effort une myriade de services ou de consultations. Avec l&rsquo;aide de l&rsquo;int\u00e9gration Zoom pour les r\u00e9servations WooCommerce, les entreprises sont uniquement positionn\u00e9es pour \u00e9lever l&rsquo;exp\u00e9rience client globale, amplifier les chiffres de vente et cultiver une pr\u00e9sence de marque plus importante sur le march\u00e9.<\/p>\n","protected":false},"featured_media":146489,"comment_status":"open","ping_status":"open","template":"","meta":[],"product_brand":[2753],"product_cat":[1182,1223,1181],"product_tag":[2201],"class_list":{"0":"post-115890","1":"product","2":"type-product","3":"status-publish","4":"has-post-thumbnail","6":"product_brand-codemanas","7":"product_cat-commerce-electronique-plugins","8":"product_cat-personnalisation-commerce-electronique-plugins","9":"product_cat-plugins","10":"product_tag-codemanas","11":"member-discount","12":"discount-restricted","14":"first","15":"instock","16":"sale","17":"downloadable","18":"virtual","19":"sold-individually","20":"purchasable","21":"product-type-simple"},"_links":{"self":[{"href":"https:\/\/gpl-love.com\/fr\/wp-json\/wp\/v2\/product\/115890","targetHints":{"allow":["GET"]}}],"collection":[{"href":"https:\/\/gpl-love.com\/fr\/wp-json\/wp\/v2\/product"}],"about":[{"href":"https:\/\/gpl-love.com\/fr\/wp-json\/wp\/v2\/types\/product"}],"replies":[{"embeddable":true,"href":"https:\/\/gpl-love.com\/fr\/wp-json\/wp\/v2\/comments?post=115890"}],"wp:featuredmedia":[{"embeddable":true,"href":"https:\/\/gpl-love.com\/fr\/wp-json\/wp\/v2\/media\/146489"}],"wp:attachment":[{"href":"https:\/\/gpl-love.com\/fr\/wp-json\/wp\/v2\/media?parent=115890"}],"wp:term":[{"taxonomy":"product_brand","embeddable":true,"href":"https:\/\/gpl-love.com\/fr\/wp-json\/wp\/v2\/product_brand?post=115890"},{"taxonomy":"product_cat","embeddable":true,"href":"https:\/\/gpl-love.com\/fr\/wp-json\/wp\/v2\/product_cat?post=115890"},{"taxonomy":"product_tag","embeddable":true,"href":"https:\/\/gpl-love.com\/fr\/wp-json\/wp\/v2\/product_tag?post=115890"}],"curies":[{"name":"wp","href":"https:\/\/api.w.org\/{rel}","templated":true}]}}