{"id":115888,"date":"2023-10-20T00:00:00","date_gmt":"2023-10-19T22:00:00","guid":{"rendered":"http:\/\/gpl-love.com\/fr\/produit\/openswatch-woocommerce-variations-image-swatch\/"},"modified":"2026-03-20T23:30:00","modified_gmt":"2026-03-20T22:30:00","slug":"openswatch-woocommerce-variations-image-swatch","status":"publish","type":"product","link":"https:\/\/gpl-love.com\/fr\/produit\/openswatch-woocommerce-variations-image-swatch\/","title":{"rendered":"Openswatch Woocommerce variations image swatch 6.1"},"content":{"rendered":"<h3>Openswatch Woocommerce variations image swatch Traits<\/h3>\n<p>Le plugin Swatch OpenSwatch WooCommerce Variations est un outil incroyablement pr\u00e9cieux qui sert \u00e0 faciliter l&rsquo;acc\u00e8s des clients \u00e0 la gamme diversifi\u00e9e de variations offertes par un produit sp\u00e9cifique. En offrant aux entreprises la possibilit\u00e9 de pr\u00e9senter visuellement et interactivement un \u00e9ventail de couleurs et de styles, ce plugin simplifie efficacement le processus de prise de d\u00e9cision pour les clients potentiels, ce qui entra\u00eene une augmentation des ventes. Notamment, ce plugin poss\u00e8de un tableau impressionnant de fonctionnalit\u00e9s, y compris la possibilit\u00e9 de personnaliser les formes d&rsquo;\u00e9chantillons, d&rsquo;impl\u00e9menter des effets de survol et d&rsquo;incorporer des info-bulleurs. Par cons\u00e9quent, l&rsquo;exp\u00e9rience utilisateur global est consid\u00e9rablement am\u00e9lior\u00e9e, ce qui rend plus probable que les clients effectuent un achat. De plus, gr\u00e2ce \u00e0 son int\u00e9gration transparente avec WooCommerce, ce plugin peut \u00eatre incorpor\u00e9 sans effort dans n&rsquo;importe quelle boutique en ligne, contribuant ainsi \u00e0 am\u00e9liorer les taux de conversion des ventes.<\/p>\n<ul>\n<li>Ajoute des \u00e9chantillons d&rsquo;image visuellement attrayants aux variations de produit dans WooCommerce<\/li>\n<li>Permet aux clients de s\u00e9lectionner facilement une option de variation en cliquant sur l&rsquo;\u00e9chantillon d&rsquo;image correspondant<\/li>\n<li>Aide \u00e0 pr\u00e9venir la confusion et les erreurs lors de la s\u00e9lection des variations de produit<\/li>\n<li>Permet aux propri\u00e9taires de magasins de pr\u00e9senter leurs produits d&rsquo;une mani\u00e8re plus immersive et engageante<\/li>\n<li>Interface simple et facile \u00e0 utiliser pour g\u00e9rer et ajouter des \u00e9chantillons d&rsquo;image aux variations<\/li>\n<li>Compatible avec n&rsquo;importe quel th\u00e8me WooCommerce et s&rsquo;int\u00e8gre parfaitement \u00e0 votre disposition de magasin<\/li>\n<li>Am\u00e9liore l&rsquo;exp\u00e9rience utilisateur globale et la satisfaction du client sur votre site Web<\/li>\n<li>Augmente les taux de conversion en encourageant les clients \u00e0 parcourir et \u00e0 s\u00e9lectionner facilement les variations de produits.<\/li>\n<\/ul>\n","protected":false},"excerpt":{"rendered":"<p>Le plugin Swatch OpenSWatch WooCommerce Variations est un outil incroyablement robuste qui vous donne la capacit\u00e9 d&rsquo;incorporer sans effort les \u00e9chantillons d&rsquo;image exquis dans les variations de produit de votre plate-forme WooCommerce. Gr\u00e2ce \u00e0 l&rsquo;utilisation de ce plugin exceptionnel, votre client\u00e8le estim\u00e9e peut identifier sans effort leur variante de produit pr\u00e9f\u00e9r\u00e9e en s&rsquo;engageant simplement avec l&rsquo;\u00e9chantillon de couleur ou d&rsquo;image visuellement captivante qui correspond \u00e0 leurs d\u00e9sirs. Assimilation harmonieusement dans le tissu m\u00eame de votre magasin WooCommerce, ce plugin assure une exp\u00e9rience incroyablement conviviale et s\u00e9duisante visuellement pour toutes les personnes qui ornent votre vitrine num\u00e9rique. Pascez pas de temps et acqu\u00e9rir le plugin d&rsquo;image de swatch des variations OpenSwatch Variations WooCommerce, augmentant ainsi la polyvalence et l&rsquo;attractivit\u00e9 de vos variations de produit \u00e0 des hauteurs in\u00e9gal\u00e9es!<\/p>\n","protected":false},"featured_media":144869,"comment_status":"open","ping_status":"open","template":"","meta":[],"product_brand":[2435],"product_cat":[1182,1223,1181],"product_tag":[1231],"class_list":{"0":"post-115888","1":"product","2":"type-product","3":"status-publish","4":"has-post-thumbnail","6":"product_brand-codecanyon","7":"product_cat-commerce-electronique-plugins","8":"product_cat-personnalisation-commerce-electronique-plugins","9":"product_cat-plugins","10":"product_tag-codecanyon","11":"member-discount","12":"discount-restricted","14":"first","15":"instock","16":"sale","17":"downloadable","18":"virtual","19":"sold-individually","20":"purchasable","21":"product-type-simple"},"_links":{"self":[{"href":"https:\/\/gpl-love.com\/fr\/wp-json\/wp\/v2\/product\/115888","targetHints":{"allow":["GET"]}}],"collection":[{"href":"https:\/\/gpl-love.com\/fr\/wp-json\/wp\/v2\/product"}],"about":[{"href":"https:\/\/gpl-love.com\/fr\/wp-json\/wp\/v2\/types\/product"}],"replies":[{"embeddable":true,"href":"https:\/\/gpl-love.com\/fr\/wp-json\/wp\/v2\/comments?post=115888"}],"wp:featuredmedia":[{"embeddable":true,"href":"https:\/\/gpl-love.com\/fr\/wp-json\/wp\/v2\/media\/144869"}],"wp:attachment":[{"href":"https:\/\/gpl-love.com\/fr\/wp-json\/wp\/v2\/media?parent=115888"}],"wp:term":[{"taxonomy":"product_brand","embeddable":true,"href":"https:\/\/gpl-love.com\/fr\/wp-json\/wp\/v2\/product_brand?post=115888"},{"taxonomy":"product_cat","embeddable":true,"href":"https:\/\/gpl-love.com\/fr\/wp-json\/wp\/v2\/product_cat?post=115888"},{"taxonomy":"product_tag","embeddable":true,"href":"https:\/\/gpl-love.com\/fr\/wp-json\/wp\/v2\/product_tag?post=115888"}],"curies":[{"name":"wp","href":"https:\/\/api.w.org\/{rel}","templated":true}]}}