{"id":115886,"date":"2024-02-03T00:00:00","date_gmt":"2024-02-02T23:00:00","guid":{"rendered":"http:\/\/gpl-love.com\/fr\/produit\/nitan-fashion-woocommerce-wordpress-theme\/"},"modified":"2026-04-10T18:34:39","modified_gmt":"2026-04-10T16:34:39","slug":"nitan-fashion-woocommerce-wordpress-theme","status":"publish","type":"product","link":"https:\/\/gpl-love.com\/fr\/produit\/nitan-fashion-woocommerce-wordpress-theme\/","title":{"rendered":"Nitan Fashion WooCommerce WordPress Theme 3.0"},"content":{"rendered":"<h3>Nitan Fashion WooCommerce WordPress Theme Traits<\/h3>\n<p>Le th\u00e8me WordPress WooCommerce de la mode Nitan poss\u00e8de une gamme impressionnante de fonctionnalit\u00e9s et un design chic et contemporain qui est sur mesure pour les sites de mode et de v\u00eatements. Ce th\u00e8me offre une multitude d&rsquo;options personnalisables, vous permettant de personnaliser votre boutique en ligne au contenu de votre c\u0153ur. Sa fonctionnalit\u00e9 avanc\u00e9e garantit que vous pouvez cr\u00e9er sans effort une exp\u00e9rience d&rsquo;achat professionnelle et conviviale pour vos clients. Construit sur la plate-forme WooCommerce fiable et polyvalente, ce th\u00e8me fournit tous les outils n\u00e9cessaires pour vendre avec succ\u00e8s vos produits en ligne, y compris les pages de produits dynamiques, un panier d&rsquo;achat transparent, des processus de paiement s\u00e9curis\u00e9s et une int\u00e9gration de paiement transparent. Avec le th\u00e8me WordPress WooCommerce de la mode Nitan \u00e0 votre disposition, vous avez le pouvoir de cr\u00e9er un site Web visuellement captivant qui pr\u00e9sente efficacement vos produits et augmente la pr\u00e9sence de votre marque.<\/p>\n<ul>\n<li>Design moderne et \u00e9l\u00e9gant pour les sites Web de commerce \u00e9lectronique de la mode<\/li>\n<li>Construit sp\u00e9cifiquement pour une utilisation avec WooCommerce et WordPress<\/li>\n<li>Enti\u00e8rement r\u00e9actif et convivial pour une exp\u00e9rience utilisateur optimale sur tous les appareils<\/li>\n<li>Page d&rsquo;accueil personnalisable avec diff\u00e9rentes options de mise en page pour les produits en vedette, les banni\u00e8res et plus encore<\/li>\n<li>Comprend l&rsquo;int\u00e9gration avec les plateformes de m\u00e9dias sociaux populaires pour un partage social facile et un engagement client<\/li>\n<li>Prend en charge plusieurs options de paiement pour r\u00e9pondre aux diff\u00e9rentes pr\u00e9f\u00e9rences des clients<\/li>\n<li>Livr\u00e9 avec plusieurs pages pr\u00e9-construites, y compris une boutique, un panier, un paiement et une page de blog<\/li>\n<li>Capacit\u00e9 \u00e0 pr\u00e9senter les variations de produits, telles que diff\u00e9rentes couleurs ou tailles, avec facilit\u00e9<\/li>\n<li>Comprend des options de filtrage des produits pour aider les clients \u00e0 trouver rapidement ce qu&rsquo;ils recherchent<\/li>\n<li>Le chargement rapide et optimis\u00e9 pour le r\u00e9f\u00e9rencement pour am\u00e9liorer les classements des moteurs de recherche et augmenter le trafic du site Web.<\/li>\n<\/ul>\n","protected":false},"excerpt":{"rendered":"<p>Nitan Fashion, un th\u00e8me WooCommerce WordPress, d\u00e9gage un air de sophistication et de flair contemporain, sp\u00e9cialement adapt\u00e9 aux \u00e9tablissements de mode et de v\u00eatements. Ce th\u00e8me poss\u00e8de une vaste s\u00e9lection de pages et d&rsquo;\u00e9l\u00e9ments pr\u00e9d\u00e9finis, accordant une cr\u00e9ation sans effort d&rsquo;un site Web exceptionnellement poli. Avec son design \u00e9pur\u00e9 et discret, Nitan Fashion met strat\u00e9giquement les projecteurs de votre marchandise, garantissant que chaque produit attire l&rsquo;attention. De plus, son adaptabilit\u00e9 entre divers appareils garantit que les clients potentiels peuvent parcourir facilement vos offres, quelle que soit leur plate-forme de navigation pr\u00e9f\u00e9r\u00e9e. Que votre inventaire comprenne des v\u00eatements, des chaussures, des accessoires ou tout autre article avant-gardiste, la mode Nitan est l&rsquo;incarnation ultime d&rsquo;un th\u00e8me, pr\u00e9sentant efficacement vos produits et propulsant votre entreprise vers une croissance exponentielle.<\/p>\n","protected":false},"featured_media":144814,"comment_status":"open","ping_status":"open","template":"","meta":[],"product_brand":[2433],"product_cat":[1238,1444,1212],"product_tag":[1366],"class_list":{"0":"post-115886","1":"product","2":"type-product","3":"status-publish","4":"has-post-thumbnail","6":"product_brand-themeforest","7":"product_cat-commerce-electronique-themes","8":"product_cat-creatif-commerce-electronique-themes","9":"product_cat-themes","10":"product_tag-themeforest","11":"member-discount","12":"discount-restricted","14":"first","15":"instock","16":"sale","17":"downloadable","18":"virtual","19":"sold-individually","20":"purchasable","21":"product-type-simple"},"_links":{"self":[{"href":"https:\/\/gpl-love.com\/fr\/wp-json\/wp\/v2\/product\/115886","targetHints":{"allow":["GET"]}}],"collection":[{"href":"https:\/\/gpl-love.com\/fr\/wp-json\/wp\/v2\/product"}],"about":[{"href":"https:\/\/gpl-love.com\/fr\/wp-json\/wp\/v2\/types\/product"}],"replies":[{"embeddable":true,"href":"https:\/\/gpl-love.com\/fr\/wp-json\/wp\/v2\/comments?post=115886"}],"wp:featuredmedia":[{"embeddable":true,"href":"https:\/\/gpl-love.com\/fr\/wp-json\/wp\/v2\/media\/144814"}],"wp:attachment":[{"href":"https:\/\/gpl-love.com\/fr\/wp-json\/wp\/v2\/media?parent=115886"}],"wp:term":[{"taxonomy":"product_brand","embeddable":true,"href":"https:\/\/gpl-love.com\/fr\/wp-json\/wp\/v2\/product_brand?post=115886"},{"taxonomy":"product_cat","embeddable":true,"href":"https:\/\/gpl-love.com\/fr\/wp-json\/wp\/v2\/product_cat?post=115886"},{"taxonomy":"product_tag","embeddable":true,"href":"https:\/\/gpl-love.com\/fr\/wp-json\/wp\/v2\/product_tag?post=115886"}],"curies":[{"name":"wp","href":"https:\/\/api.w.org\/{rel}","templated":true}]}}