{"id":115885,"date":"2022-02-14T00:00:00","date_gmt":"2022-02-13T23:00:00","guid":{"rendered":"http:\/\/gpl-love.com\/fr\/produit\/wp-online-contract\/"},"modified":"2026-03-20T23:50:19","modified_gmt":"2026-03-20T22:50:19","slug":"wp-online-contract","status":"publish","type":"product","link":"https:\/\/gpl-love.com\/fr\/produit\/wp-online-contract\/","title":{"rendered":"WP Online Contract 5.1.4"},"content":{"rendered":"<h3>WP Online Contract Traits<\/h3>\n<p>Le contrat en ligne WP est un instrument incroyablement robuste et convivial qui rationalise le processus de g\u00e9n\u00e9ration de contrats et d&rsquo;accords en ligne. Ce logiciel simplifie la cr\u00e9ation de contrats d&rsquo;apparence professionnelle pour votre entreprise, \u00e9liminant la n\u00e9cessit\u00e9 de toute comp\u00e9tence ou connaissance technique sp\u00e9cialis\u00e9e. Offrant une pl\u00e9thore de mod\u00e8les personnalisables, cet outil vous donne la possibilit\u00e9 d&rsquo;adapter vos contrats pour correspondre pr\u00e9cis\u00e9ment \u00e0 vos exigences uniques. De plus, le suivi des contrats et la gestion sont accomplis sans effort gr\u00e2ce \u00e0 des rappels et notifications automatis\u00e9s, en vous assurant de rester bien inform\u00e9 et \u00e0 jour. Que vous ayez besoin de fabriquer des accords simples ou des contrats juridiques complexes, le contrat en ligne WP sert de solution fiable et tr\u00e8s efficace qui vous fait gagner efficacement le temps et am\u00e9liore votre flux de travail.<\/p>\n<ul>\n<li>Outil de gestion des contrats en ligne s\u00e9curis\u00e9 et efficace<\/li>\n<li>Mod\u00e8les de contrat personnalisables \u00e0 diverses industries et \u00e0 des fins<\/li>\n<li>Interface facile \u00e0 utiliser pour la cr\u00e9ation, l&rsquo;\u00e9dition et la signature de contrats en ligne<\/li>\n<li>Int\u00e9gration avec des passerelles de paiement populaires pour accepter les paiements pour les services rendus<\/li>\n<li>Fonctionnalit\u00e9s de suivi et de rapport pour surveiller l&rsquo;\u00e9tat du contrat et les performances<\/li>\n<li>Option pour recevoir des notifications sur les jalons et les d\u00e9lais du contrat<\/li>\n<li>Cr\u00e9er et stocker des contrats en toute s\u00e9curit\u00e9 en ligne pour un acc\u00e8s rapide et une r\u00e9cup\u00e9ration facile<\/li>\n<li>Rationalisez votre processus de gestion des contrats et \u00e9conomisez du temps et de l&rsquo;argent<\/li>\n<li>Solution abordable pour les entreprises de toutes tailles et types<\/li>\n<li>Des plans d&rsquo;abonnement flexibles pour r\u00e9pondre \u00e0 vos besoins sp\u00e9cifiques de gestion des contrats.<\/li>\n<\/ul>\n","protected":false},"excerpt":{"rendered":"<p>Le contrat en ligne WP est un outil extr\u00eamement puissant qui vous offre la capacit\u00e9 de g\u00e9n\u00e9rer et de superviser les contrats contraignants l\u00e9galement directement \u00e0 partir de votre site Web. En utilisant le contrat en ligne WP, vous avez la commodit\u00e9 d&rsquo;adapter sans effort des mod\u00e8les de contrat pour r\u00e9pondre \u00e0 vos besoins sp\u00e9cifiques, en incorporant des signatures \u00e9lectroniques et en surveillant l&rsquo;avancement des contrats, le tout dans une plate-forme singuli\u00e8re, simple et conviviale. Adieu aux documents laborieux et la t\u00e2che lourde de la gestion des contrats manuels &#8211; le contrat en ligne WP rationalise l&rsquo;ensemble du processus, vous offrant ainsi le luxe de gagner du temps pr\u00e9cieux et d&rsquo;\u00e9viter les inconv\u00e9nients inutiles. Essayez-le aujourd&rsquo;hui et assistez \u00e0 l&rsquo;optimisation transparente de vos efforts de gestion des contrats.<\/p>\n","protected":false},"featured_media":146183,"comment_status":"open","ping_status":"open","template":"","meta":[],"product_brand":[2435],"product_cat":[1189,1181,1186],"product_tag":[1231],"class_list":{"0":"post-115885","1":"product","2":"type-product","3":"status-publish","4":"has-post-thumbnail","6":"product_brand-codecanyon","7":"product_cat-personnalisation","8":"product_cat-plugins","9":"product_cat-wordpress-plugins","10":"product_tag-codecanyon","11":"member-discount","12":"discount-restricted","14":"first","15":"instock","16":"sale","17":"downloadable","18":"virtual","19":"sold-individually","20":"purchasable","21":"product-type-simple"},"_links":{"self":[{"href":"https:\/\/gpl-love.com\/fr\/wp-json\/wp\/v2\/product\/115885","targetHints":{"allow":["GET"]}}],"collection":[{"href":"https:\/\/gpl-love.com\/fr\/wp-json\/wp\/v2\/product"}],"about":[{"href":"https:\/\/gpl-love.com\/fr\/wp-json\/wp\/v2\/types\/product"}],"replies":[{"embeddable":true,"href":"https:\/\/gpl-love.com\/fr\/wp-json\/wp\/v2\/comments?post=115885"}],"wp:featuredmedia":[{"embeddable":true,"href":"https:\/\/gpl-love.com\/fr\/wp-json\/wp\/v2\/media\/146183"}],"wp:attachment":[{"href":"https:\/\/gpl-love.com\/fr\/wp-json\/wp\/v2\/media?parent=115885"}],"wp:term":[{"taxonomy":"product_brand","embeddable":true,"href":"https:\/\/gpl-love.com\/fr\/wp-json\/wp\/v2\/product_brand?post=115885"},{"taxonomy":"product_cat","embeddable":true,"href":"https:\/\/gpl-love.com\/fr\/wp-json\/wp\/v2\/product_cat?post=115885"},{"taxonomy":"product_tag","embeddable":true,"href":"https:\/\/gpl-love.com\/fr\/wp-json\/wp\/v2\/product_tag?post=115885"}],"curies":[{"name":"wp","href":"https:\/\/api.w.org\/{rel}","templated":true}]}}