{"id":115883,"date":"2023-11-03T00:00:00","date_gmt":"2023-11-02T23:00:00","guid":{"rendered":"http:\/\/gpl-love.com\/fr\/produit\/born-to-give-charity-crowdfunding-responsive-wordpress-theme\/"},"modified":"2026-03-20T22:57:17","modified_gmt":"2026-03-20T21:57:17","slug":"born-to-give-charity-crowdfunding-responsive-wordpress-theme","status":"publish","type":"product","link":"https:\/\/gpl-love.com\/fr\/produit\/born-to-give-charity-crowdfunding-responsive-wordpress-theme\/","title":{"rendered":"Born To Give Charity Crowdfunding Responsive WordPress Theme 3.3"},"content":{"rendered":"<h3>Born To Give Charity Crowdfunding Responsive WordPress Theme Traits<\/h3>\n<p>N\u00e9 pour donner un th\u00e8me WordPress r\u00e9actif de financement de la charit\u00e9, r\u00e9put\u00e9 pour ses capacit\u00e9s exceptionnelles et son adaptabilit\u00e9, a \u00e9t\u00e9 m\u00e9ticuleusement con\u00e7u dans le seul but de s&rsquo;adresser aux organisations \u00e0 but non lucratif et aux campagnes de financement cumul\u00e9. Son design de pointe et \u00e9l\u00e9gant coupl\u00e9 \u00e0 une interface utilisateur intuitive le rend absolument parfait pour pr\u00e9senter efficacement votre noble mission et inspirer votre public estim\u00e9 \u00e0 contribuer g\u00e9n\u00e9reusement \u00e0 votre cause. Ce th\u00e8me est enti\u00e8rement personnalisable, vous permettant de l&rsquo;adapter de mani\u00e8re complexe en fonction de vos exigences et pr\u00e9f\u00e9rences sp\u00e9cifiques, assurant ainsi une pr\u00e9sence en ligne vraiment personnalis\u00e9e. De plus, sa compatibilit\u00e9 transparente avec les appareils mobiles et tablettes garantit une exp\u00e9rience utilisateur in\u00e9gal\u00e9e sur diverses plates-formes. Tirer parti de la derni\u00e8re technologie WordPress, n\u00e9e pour donner est exceptionnellement \u00e9quip\u00e9 d&rsquo;une gamme de fonctionnalit\u00e9s avanc\u00e9es, notamment, mais sans s&rsquo;y limiter, des outils sophistiqu\u00e9s de financement participatif, des widgets de collecte de fonds et des syst\u00e8mes de gestion robuste des dons. Peu importe que vous repr\u00e9sentez un modeste organisation \u00e0 but non lucratif ou une illustre organisation caritative, ne cherchez pas plus loin que de donner pour donner car il r\u00e9pond sans effort \u00e0 tous vos besoins, vous permettant d&rsquo;\u00e9tablir une pr\u00e9sence en ligne poli, captivante et tr\u00e8s percutante pour votre noble cause.<\/p>\n<ul>\n<li>Th\u00e8me WordPress ax\u00e9 sur la charit\u00e9 sp\u00e9cialement con\u00e7u pour les projets de financement participatif<\/li>\n<li>Enti\u00e8rement r\u00e9actif et convivial pour une exp\u00e9rience utilisateur sans couture sur tous les appareils<\/li>\n<li>Livr\u00e9 avec des widgets de don int\u00e9gr\u00e9s pour faciliter le don des utilisateurs<\/li>\n<li>Comprend des types de publication personnalis\u00e9s pour les campagnes et les causes, ce qui facilite la gestion et la pr\u00e9sentation de diff\u00e9rents projets<\/li>\n<li>Caract\u00e9ristiques avanc\u00e9es de suivi et de rapports de dons pour garder une trace de tous les dons et de leurs sources<\/li>\n<li>Conception personnalisable avec plusieurs options de disposition et sch\u00e9mas de couleurs<\/li>\n<li>Int\u00e9gration avec des passerelles de paiement populaires comme PayPal et Stripe<\/li>\n<li>Importation de d\u00e9monstration en un clic pour commencer rapidement et facilement<\/li>\n<li>Livr\u00e9 avec une documentation approfondie et un soutien d\u00e9di\u00e9 des d\u00e9veloppeurs de th\u00e8mes.<\/li>\n<\/ul>\n","protected":false},"excerpt":{"rendered":"<p>Pr\u00e9sentation du th\u00e8me WordPress r\u00e9actif de Born pour donner \u00e0 la charit\u00e9 &#8211; une plate-forme polyvalente et conviviale con\u00e7ue pour toute cause caritative. Ce th\u00e8me est enti\u00e8rement r\u00e9actif, garantissant que votre site Web fonctionnera de mani\u00e8re transparente sur n&rsquo;importe quel appareil, des ordinateurs de bureau aux t\u00e9l\u00e9phones mobiles. Avec le th\u00e8me Born to Give, vous pouvez facilement mettre en place des campagnes de financement participatif et g\u00e9rer efficacement les dons. Ce th\u00e8me permet \u00e9galement un degr\u00e9 \u00e9lev\u00e9 de personnalisation, vous pouvez donc vous assurer que votre site Web repr\u00e9sente vraiment votre cause. L&rsquo;interface utilisateur est intuitive et facile \u00e0 naviguer, ce qui rend le processus de don aussi simple que possible pour les contributeurs potentiels. De plus, sa compatibilit\u00e9 WordPress rend simple \u00e0 int\u00e9grer des fonctionnalit\u00e9s suppl\u00e9mentaires. Autonomiser votre organisme de bienfaisance et inspirer l&rsquo;action avec le th\u00e8me WordPress r\u00e9actif du financement de la charit\u00e9.<\/p>\n","protected":false},"featured_media":143307,"comment_status":"open","ping_status":"open","template":"","meta":[],"product_brand":[2433],"product_cat":[1242,1212,1213],"product_tag":[1366],"class_list":{"0":"post-115883","1":"product","2":"type-product","3":"status-publish","4":"has-post-thumbnail","6":"product_brand-themeforest","7":"product_cat-creatif","8":"product_cat-themes","9":"product_cat-wordpress-themes","10":"product_tag-themeforest","11":"member-discount","12":"discount-restricted","14":"first","15":"instock","16":"sale","17":"downloadable","18":"virtual","19":"sold-individually","20":"purchasable","21":"product-type-simple"},"_links":{"self":[{"href":"https:\/\/gpl-love.com\/fr\/wp-json\/wp\/v2\/product\/115883","targetHints":{"allow":["GET"]}}],"collection":[{"href":"https:\/\/gpl-love.com\/fr\/wp-json\/wp\/v2\/product"}],"about":[{"href":"https:\/\/gpl-love.com\/fr\/wp-json\/wp\/v2\/types\/product"}],"replies":[{"embeddable":true,"href":"https:\/\/gpl-love.com\/fr\/wp-json\/wp\/v2\/comments?post=115883"}],"wp:featuredmedia":[{"embeddable":true,"href":"https:\/\/gpl-love.com\/fr\/wp-json\/wp\/v2\/media\/143307"}],"wp:attachment":[{"href":"https:\/\/gpl-love.com\/fr\/wp-json\/wp\/v2\/media?parent=115883"}],"wp:term":[{"taxonomy":"product_brand","embeddable":true,"href":"https:\/\/gpl-love.com\/fr\/wp-json\/wp\/v2\/product_brand?post=115883"},{"taxonomy":"product_cat","embeddable":true,"href":"https:\/\/gpl-love.com\/fr\/wp-json\/wp\/v2\/product_cat?post=115883"},{"taxonomy":"product_tag","embeddable":true,"href":"https:\/\/gpl-love.com\/fr\/wp-json\/wp\/v2\/product_tag?post=115883"}],"curies":[{"name":"wp","href":"https:\/\/api.w.org\/{rel}","templated":true}]}}