{"id":115881,"date":"2023-11-03T00:00:00","date_gmt":"2023-11-02T23:00:00","guid":{"rendered":"http:\/\/gpl-love.com\/fr\/produit\/loud-a-modern-wordpress-theme-pour-the-music-industry\/"},"modified":"2026-03-20T23:22:48","modified_gmt":"2026-03-20T22:22:48","slug":"loud-a-modern-wordpress-theme-pour-the-music-industry","status":"publish","type":"product","link":"https:\/\/gpl-love.com\/fr\/produit\/loud-a-modern-wordpress-theme-pour-the-music-industry\/","title":{"rendered":"Loud A Modern WordPress Th\u00e8me pour the Music Industry 2.4.6"},"content":{"rendered":"<h3>Loud A Modern WordPress Th\u00e8me pour the Music Industry Traits<\/h3>\n<p>Loud est un th\u00e8me WordPress avanc\u00e9 et de pointe qui a \u00e9t\u00e9 sp\u00e9cifiquement et exclusivement con\u00e7u pour r\u00e9pondre aux exigences uniques et sp\u00e9cifiques de l&rsquo;industrie musicale tr\u00e8s dynamique et en constante \u00e9volution. Avec son design impeccablement \u00e9l\u00e9gant et parfaitement contemporain, il fait appel sans effort et sans faille aux go\u00fbts et aux attentes exigeants d&rsquo;une gamme incroyablement diversifi\u00e9e de professionnels et de passionn\u00e9s de la musique, y compris, mais sans s&rsquo;y limiter, des musiciens, des groupes, des DJ et des producteurs de musique. Ce th\u00e8me extraordinaire poss\u00e8de un vaste r\u00e9pertoire de fonctionnalit\u00e9s innovantes et tr\u00e8s recherch\u00e9es, qui ont toutes \u00e9t\u00e9 m\u00e9ticuleusement con\u00e7ues et m\u00e9ticuleusement mises en \u0153uvre pour s&rsquo;assurer que chaque aspect de l&rsquo;industrie musicale est compl\u00e8tement abord\u00e9 et comprim\u00e9.<\/p>\n<p>L&rsquo;une des caract\u00e9ristiques les plus notables et les plus remarquables de Loud est sa page d&rsquo;accueil personnalisable remarquable et exceptionnelle, qui permet aux utilisateurs de personnaliser et d&rsquo;adapter sans effort et d&rsquo;adapter sans effort l&rsquo;apparence et la disposition de leur site Web pour r\u00e9pondre \u00e0 leurs pr\u00e9f\u00e9rences et exigences uniques et individuelles. Cette fonctionnalit\u00e9 stimulante et globale permet aux utilisateurs d&rsquo;exercer un contr\u00f4le cr\u00e9atif complet et une libert\u00e9 artistique, facilitant ainsi la cr\u00e9ation d&rsquo;une plate-forme en ligne vraiment distinctive et exceptionnelle qui refl\u00e8te avec pr\u00e9cision et fid\u00e8lement leur identit\u00e9 et leur marque musicales.<\/p>\n<p>De plus, ce th\u00e8me extraordinaire poss\u00e8de \u00e9galement une disposition pleinement r\u00e9active et tr\u00e8s adaptable, qui ajuste et s&rsquo;adapte de mani\u00e8re transparente et de mani\u00e8re transparente \u00e0 diverses tailles et appareils d&rsquo;\u00e9cran. Cette fonctionnalit\u00e9 inestimable et indispensable garantit que les sites Web des utilisateurs maintiennent de mani\u00e8re transparente et sans effort leur apparence et fonctionnalit\u00e9 impeccables et visuellement \u00e9tonnantes, qu&rsquo;elles soient accessibles via un ordinateur de bureau, une tablette ou un t\u00e9l\u00e9phone mobile. Cette r\u00e9activit\u00e9 in\u00e9gal\u00e9e et in\u00e9gal\u00e9e garantit que les sites Web des utilisateurs seront toujours accessibles et optimalement fonctionnels, maximisant ainsi leur port\u00e9e et leur impact.<\/p>\n<p>De plus, l&rsquo;interface utilisateur de Loud a \u00e9t\u00e9 con\u00e7ue de mani\u00e8re r\u00e9fl\u00e9chie et m\u00e9ticuleusement avec la plus grande attention aux d\u00e9tails et \u00e0 l&rsquo;entreprise. Cette interface intuitive et navigable sans effort garantit que les utilisateurs peuvent pr\u00e9senter de mani\u00e8re transparente et facilement pr\u00e9senter leur musique, leurs vid\u00e9os, leurs horaires de tourn\u00e9e et leurs marchandises, leur permettant ainsi de se connecter efficacement et efficacement et de s&rsquo;engager avec leur public et leur base de fans. Cette interface rationalis\u00e9e et rationalis\u00e9e \u00e9limine la complexit\u00e9 et la confusion inutiles, ce qui permet aux utilisateurs de se concentrer sur ce qui compte vraiment: leur musique.<\/p>\n<p>En plus de son large \u00e9ventail de fonctionnalit\u00e9s int\u00e9gr\u00e9es, Loud fournit \u00e9galement une prise en charge compl\u00e8te d&rsquo;une pl\u00e9thore de plugins polyvalents et hautement fonctionnels, y compris, mais sans s&rsquo;y limiter, WooCommerce, le formulaire de contact 7 et MailChimp. Ces plugins indispensables et inestimables servent \u00e0 am\u00e9liorer et \u00e0 \u00e9lever davantage l&rsquo;exp\u00e9rience utilisateur, permettant aux utilisateurs d&rsquo;int\u00e9grer et d&rsquo;int\u00e9grer sans effort et de mani\u00e8re transparente une multitude de fonctionnalit\u00e9s et de capacit\u00e9s suppl\u00e9mentaires dans leurs sites Web. Ce support in\u00e9gal\u00e9 et in\u00e9gal\u00e9<\/p>\n<ul>\n<li>Design \u00e9l\u00e9gant et moderne sp\u00e9cifiquement adapt\u00e9 \u00e0 l&rsquo;industrie musicale<\/li>\n<li>Disposition r\u00e9active optimis\u00e9e pour les appareils et tablettes mobiles<\/li>\n<li>Options de personnalisation faciles qui vous permettent de cr\u00e9er un site Web unique et personnalis\u00e9<\/li>\n<li>Lecteur audio int\u00e9gr\u00e9 qui prend en charge divers formats audio et vous permet de pr\u00e9senter votre musique<\/li>\n<li>Int\u00e9gration avec des plates-formes musicales populaires telles que Spotify et SoundCloud pour le partage transparent de vos morceaux<\/li>\n<li>Structure et code conviviaux pour vous aider \u00e0 vous classer plus haut dans les moteurs de recherche<\/li>\n<li>Mod\u00e8les de plusieurs pages, y compris les dates de tourn\u00e9e, la discographie et les nouvelles pour une pr\u00e9sence Web compl\u00e8te<\/li>\n<li>Compatible avec les plugins tiers populaires tels que WooCommerce pour le marchandisage en ligne facile<\/li>\n<li>Mises \u00e0 jour r\u00e9guli\u00e8res et soutien de d\u00e9veloppeurs exp\u00e9riment\u00e9s pour assurer une fonctionnalit\u00e9 continue et une compatibilit\u00e9 avec les derni\u00e8res mises \u00e0 jour WordPress.<\/li>\n<\/ul>\n","protected":false},"excerpt":{"rendered":"<p>Pr\u00e9sentation d&rsquo;un th\u00e8me WordPress forte, exquis et contemporain qui a \u00e9t\u00e9 m\u00e9ticuleusement con\u00e7u pour r\u00e9pondre aux exigences uniques de l&rsquo;industrie musicale. Que vous soyez un musicien dou\u00e9, un groupe en herbe, un DJ talentueux, une maison de disques estim\u00e9e ou un festival de musique acclam\u00e9, Loud offre une vaste gamme de fonctionnalit\u00e9s indispensables qui vous permettra de fa\u00e7onner une identit\u00e9 en ligne extraordinaire qui saisira sans aucun doute l&rsquo;attention de votre public cible. Avec ses dispositions remarquablement adaptables, sa vaste s\u00e9lection de sch\u00e9mas de couleurs frappants et un assortiment d&rsquo;options de police captivantes, vous accordez fort la capacit\u00e9 in\u00e9gal\u00e9e \u00e0 personnaliser sans effort chaque facette du th\u00e8me, l&rsquo;alignant sans effort avec les attributs distinctifs et le caract\u00e8re de votre marque. Pr\u00e9sentez sans effort vos prochaines dates de tourn\u00e9e, vos derni\u00e8res sorties musicales et les biographies d\u00e9taill\u00e9es de vos artistes estim\u00e9s, gr\u00e2ce \u00e0 l&rsquo;interface remarquablement intuitive et conviviale de Loud. Alors pourquoi attendre plus longtemps? Saisissez cette opportunit\u00e9 exceptionnelle pour agrandir la trajectoire de votre carri\u00e8re musicale en embrassant les capacit\u00e9s impressionnantes de Loud sans d\u00e9lai.<\/p>\n","protected":false},"featured_media":144398,"comment_status":"open","ping_status":"open","template":"","meta":[],"product_brand":[2433],"product_cat":[1242,1212,1213],"product_tag":[1366],"class_list":{"0":"post-115881","1":"product","2":"type-product","3":"status-publish","4":"has-post-thumbnail","6":"product_brand-themeforest","7":"product_cat-creatif","8":"product_cat-themes","9":"product_cat-wordpress-themes","10":"product_tag-themeforest","11":"member-discount","12":"discount-restricted","14":"first","15":"instock","16":"sale","17":"downloadable","18":"virtual","19":"sold-individually","20":"purchasable","21":"product-type-simple"},"_links":{"self":[{"href":"https:\/\/gpl-love.com\/fr\/wp-json\/wp\/v2\/product\/115881","targetHints":{"allow":["GET"]}}],"collection":[{"href":"https:\/\/gpl-love.com\/fr\/wp-json\/wp\/v2\/product"}],"about":[{"href":"https:\/\/gpl-love.com\/fr\/wp-json\/wp\/v2\/types\/product"}],"replies":[{"embeddable":true,"href":"https:\/\/gpl-love.com\/fr\/wp-json\/wp\/v2\/comments?post=115881"}],"wp:featuredmedia":[{"embeddable":true,"href":"https:\/\/gpl-love.com\/fr\/wp-json\/wp\/v2\/media\/144398"}],"wp:attachment":[{"href":"https:\/\/gpl-love.com\/fr\/wp-json\/wp\/v2\/media?parent=115881"}],"wp:term":[{"taxonomy":"product_brand","embeddable":true,"href":"https:\/\/gpl-love.com\/fr\/wp-json\/wp\/v2\/product_brand?post=115881"},{"taxonomy":"product_cat","embeddable":true,"href":"https:\/\/gpl-love.com\/fr\/wp-json\/wp\/v2\/product_cat?post=115881"},{"taxonomy":"product_tag","embeddable":true,"href":"https:\/\/gpl-love.com\/fr\/wp-json\/wp\/v2\/product_tag?post=115881"}],"curies":[{"name":"wp","href":"https:\/\/api.w.org\/{rel}","templated":true}]}}