{"id":115877,"date":"2026-04-07T00:00:00","date_gmt":"2026-04-06T22:00:00","guid":{"rendered":"http:\/\/gpl-love.com\/fr\/produit\/editor-enhancer-addon-pour-oxygen-builder\/"},"modified":"2026-04-08T00:30:19","modified_gmt":"2026-04-07T22:30:19","slug":"editor-enhancer-addon-pour-oxygen-builder","status":"publish","type":"product","link":"https:\/\/gpl-love.com\/fr\/produit\/editor-enhancer-addon-pour-oxygen-builder\/","title":{"rendered":"Editor Enhancer Addon pour Oxygen Builder 4.9.6"},"content":{"rendered":"<h3>Editor Enhancer Addon pour Oxygen Builder Traits<\/h3>\n<p>L&rsquo;addition de r\u00e9daction Addon pour Oxygen Builder est un outil exceptionnel qui r\u00e9pond aux besoins des d\u00e9veloppeurs Web qui cherchent \u00e0 \u00e9lever et \u00e0 enrichir leur exp\u00e9rience d&rsquo;\u00e9dition. Cet addon va au-del\u00e0 en augmentant l&rsquo;\u00e9diteur pr\u00e9existant de Oxygen Builder avec une pl\u00e9thore de fonctionnalit\u00e9s ing\u00e9nieuses, favorisant ainsi un flux de travail plus transparent et plus gratifiant. Certaines des am\u00e9liorations notables incluent une mise en \u00e9vidence remarquablement am\u00e9lior\u00e9e par syntaxe, une interface qui d\u00e9gage une brillance intuitive, ainsi que des outils de navigation de code de pointe qui facilitent les man\u0153uvres rapides et sans effort. De plus, l&rsquo;addon poss\u00e8de un \u00e9ventail de param\u00e8tres suppl\u00e9mentaires et d&rsquo;options de personnalisation qui permettent aux d\u00e9veloppeurs de mieux adapter finement leur exp\u00e9rience d&rsquo;\u00e9dition en fonction de leurs exigences et pr\u00e9f\u00e9rences distinctes. Gr\u00e2ce \u00e0 l&rsquo;addition de r\u00e9daction d&rsquo;am\u00e9liorants, les utilisateurs d&rsquo;Oxygen Builder peuvent rationaliser leurs efforts, maximiser la productivit\u00e9 et concocter sans effort des conceptions Web exquises d&rsquo;une qualit\u00e9 in\u00e9gal\u00e9e dans des d\u00e9lais consid\u00e9rablement r\u00e9duits.<\/p>\n<ul>\n<li>Am\u00e9lioration de l&rsquo;exp\u00e9rience d&rsquo;\u00e9dition pour les utilisateurs de constructeurs d&rsquo;oxyg\u00e8ne<\/li>\n<li>Meilleure organisation et gestion du contenu du site Web gr\u00e2ce \u00e0 un ensemble d&rsquo;outils am\u00e9lior\u00e9<\/li>\n<li>Interface enti\u00e8rement personnalisable pour les utilisateurs pour adapter leur environnement d&rsquo;\u00e9dition \u00e0 leur go\u00fbt<\/li>\n<li>Flux de travail rationalis\u00e9 pour la cr\u00e9ation et l&rsquo;\u00e9dition de contenu plus rapides<\/li>\n<li>Productivit\u00e9 et efficacit\u00e9 accrue gr\u00e2ce \u00e0 des fonctionnalit\u00e9s de r\u00e9dacteur avanc\u00e9 telles que la mise en \u00e9vidence du code et l&rsquo;acc\u00e8s rapide aux \u00e9l\u00e9ments fr\u00e9quemment utilis\u00e9s<\/li>\n<li>Capacit\u00e9s de collaboration am\u00e9lior\u00e9es pour les \u00e9quipes gr\u00e2ce \u00e0 un acc\u00e8s partag\u00e9 aux param\u00e8tres personnalis\u00e9s et \u00e0 la biblioth\u00e8que de contenu<\/li>\n<li>Int\u00e9gration avec des outils tiers populaires pour des fonctionnalit\u00e9s et une flexibilit\u00e9 encore plus importantes<\/li>\n<li>Mises \u00e0 jour r\u00e9guli\u00e8res et soutien continu pour l&rsquo;am\u00e9lioration et le d\u00e9veloppement continus.<\/li>\n<\/ul>\n","protected":false},"excerpt":{"rendered":"<p>L&rsquo;addition de r\u00e9dacteur Addon pour Oxygen Builder est un outil incroyablement pr\u00e9cieux qui am\u00e9liore consid\u00e9rablement votre exp\u00e9rience d&rsquo;\u00e9dition globale. Cet addon remarquablement robuste offre une vaste gamme de fonctionnalit\u00e9s qui non seulement augmentent mais r\u00e9volutionnent compl\u00e8tement vos capacit\u00e9s d&rsquo;\u00e9dition. De la possibilit\u00e9 de cr\u00e9er des sch\u00e9mas de couleurs sur mesure \u00e0 l&rsquo;utilisation d&rsquo;options de navigation avanc\u00e9es, cet addon exceptionnel garantit une efficacit\u00e9 plus importante dans l&rsquo;\u00e9laboration de vos conceptions personnalis\u00e9es sans effort. Avec le r\u00e9dacteur Addon pour Oxygen Builder, vous \u00eates accord\u00e9 \u00e0 l&rsquo;incroyable pouvoir de cr\u00e9er et de modifier parfaitement tout le design que vous d\u00e9sirez, assurant une perfection absolue. Ne perdez pas de temps et saisissez l&rsquo;opportunit\u00e9 d&rsquo;obtenir cet extraordinaire Addon de constructeur d&rsquo;oxyg\u00e8ne aujourd&rsquo;hui!<\/p>\n","protected":false},"featured_media":143671,"comment_status":"open","ping_status":"open","template":"","meta":[],"product_brand":[2526],"product_cat":[1189,1181,1186],"product_tag":[2199],"class_list":{"0":"post-115877","1":"product","2":"type-product","3":"status-publish","4":"has-post-thumbnail","6":"product_brand-editor-enhancer","7":"product_cat-personnalisation","8":"product_cat-plugins","9":"product_cat-wordpress-plugins","10":"product_tag-editor-enhancer","11":"member-discount","12":"discount-restricted","14":"first","15":"instock","16":"sale","17":"downloadable","18":"virtual","19":"sold-individually","20":"purchasable","21":"product-type-simple"},"_links":{"self":[{"href":"https:\/\/gpl-love.com\/fr\/wp-json\/wp\/v2\/product\/115877","targetHints":{"allow":["GET"]}}],"collection":[{"href":"https:\/\/gpl-love.com\/fr\/wp-json\/wp\/v2\/product"}],"about":[{"href":"https:\/\/gpl-love.com\/fr\/wp-json\/wp\/v2\/types\/product"}],"replies":[{"embeddable":true,"href":"https:\/\/gpl-love.com\/fr\/wp-json\/wp\/v2\/comments?post=115877"}],"wp:featuredmedia":[{"embeddable":true,"href":"https:\/\/gpl-love.com\/fr\/wp-json\/wp\/v2\/media\/143671"}],"wp:attachment":[{"href":"https:\/\/gpl-love.com\/fr\/wp-json\/wp\/v2\/media?parent=115877"}],"wp:term":[{"taxonomy":"product_brand","embeddable":true,"href":"https:\/\/gpl-love.com\/fr\/wp-json\/wp\/v2\/product_brand?post=115877"},{"taxonomy":"product_cat","embeddable":true,"href":"https:\/\/gpl-love.com\/fr\/wp-json\/wp\/v2\/product_cat?post=115877"},{"taxonomy":"product_tag","embeddable":true,"href":"https:\/\/gpl-love.com\/fr\/wp-json\/wp\/v2\/product_tag?post=115877"}],"curies":[{"name":"wp","href":"https:\/\/api.w.org\/{rel}","templated":true}]}}