{"id":115875,"date":"2021-06-17T00:00:00","date_gmt":"2021-06-16T22:00:00","guid":{"rendered":"http:\/\/gpl-love.com\/fr\/produit\/nouveau-multipurpose-wordpress-theme\/"},"modified":"2026-04-10T18:34:51","modified_gmt":"2026-04-10T16:34:51","slug":"nouveau-multipurpose-wordpress-theme","status":"publish","type":"product","link":"https:\/\/gpl-love.com\/fr\/produit\/nouveau-multipurpose-wordpress-theme\/","title":{"rendered":"Nouveau Multipurpose WordPress Theme 4.3"},"content":{"rendered":"<h3>Nouveau Multipurpose WordPress Theme Traits<\/h3>\n<p>Le th\u00e8me WordPress multipurpose Nouveau est un th\u00e8me remarquablement polyvalent et convivial qui r\u00e9pond \u00e0 un large \u00e9ventail de besoins de site Web. Ce th\u00e8me donne aux utilisateurs la possibilit\u00e9 de personnaliser sans effort leurs sites Web, tout en offrant une s\u00e9lection impressionnante de mod\u00e8les pr\u00e9-con\u00e7us. Par cons\u00e9quent, le processus de cr\u00e9ation d&rsquo;un site Web professionnel et moderne n&rsquo;a jamais \u00e9t\u00e9 aussi rationalis\u00e9. De plus, il est essentiel de reconna\u00eetre que le th\u00e8me WordPress polyvalent Nouveau est enti\u00e8rement r\u00e9actif, garantissant ainsi que votre site Web maintient une apparence attrayante sur tous les appareils. En plus de sa r\u00e9activit\u00e9, ce th\u00e8me poss\u00e8de une multitude de fonctionnalit\u00e9s puissantes, notamment un constructeur de pages de glisser-d\u00e9poser remarquablement pratique, une pl\u00e9thore d&rsquo;options de widget et une int\u00e9gration transparente avec WooCommerce pour les sites de commerce \u00e9lectronique qui fonctionnent. Il est important de souligner que la polyvalence de ce th\u00e8me lui permet d&rsquo;\u00eatre un choix appropri\u00e9 pour divers projets de site Web, que ce soit un blog, un site Web d&rsquo;entreprise ou une boutique en ligne.<\/p>\n<ul>\n<li>Conception facilement personnalisable avec de nombreuses d\u00e9mos pr\u00e9d\u00e9finies<\/li>\n<li>Disposition r\u00e9active qui s&rsquo;adapte \u00e0 toutes les tailles et appareils d&rsquo;\u00e9cran<\/li>\n<li>Styles d&rsquo;en-t\u00eate et de pied de page multiples, vous offrant une flexibilit\u00e9 plus cr\u00e9ative<\/li>\n<li>Int\u00e9gration avec des plugins populaires tels que WooCommerce et Formulaire de contact 7<\/li>\n<li>Site Web de chargement fluide et rapide gr\u00e2ce \u00e0 son codage optimis\u00e9 et son chargement paresseux<\/li>\n<li>SEO optimis\u00e9 pour aider votre site Web \u00e0 se classer plus haut dans les r\u00e9sultats des moteurs de recherche<\/li>\n<li>Disposages de plusieurs pages \/ publiques et widgets personnalis\u00e9s disponibles pour la personnalisation<\/li>\n<li>Traduction pr\u00eate pour les sites Web multilingues<\/li>\n<li>Mises \u00e0 jour r\u00e9guli\u00e8res et soutien d\u00e9di\u00e9 des experts derri\u00e8re le th\u00e8me<\/li>\n<li>Instagram Post et int\u00e9gration de flux pour la promotion des m\u00e9dias sociaux<\/li>\n<\/ul>\n","protected":false},"excerpt":{"rendered":"<p>Pr\u00e9sentation du th\u00e8me WordPress polyvalent Nouveau, une solution exceptionnelle qui r\u00e9pond de mani\u00e8re compl\u00e8te \u00e0 toutes les exigences de votre site Web! Ce th\u00e8me remarquablement robuste et dynamique a \u00e9t\u00e9 m\u00e9ticuleusement con\u00e7u pour accueillir une multitude d&rsquo;industries, allant des agences artistiques et innovantes aux entreprises \u00e0 grande \u00e9chelle. Avec sa conception de pointe et sophistiqu\u00e9e, des fonctionnalit\u00e9s personnalisables sans effort, ainsi qu&rsquo;une interface incroyablement conviviale, la construction d&rsquo;un site Web extr\u00eamement captivant n&rsquo;a jamais \u00e9t\u00e9 plus accessible. Que vous cherchiez \u00e0 afficher un portefeuille impressionnant, \u00e0 vous engager dans la vente r\u00e9ussie de produits ou de services, ou de promouvoir efficacement votre marque estim\u00e9e, le th\u00e8me multipurpose Nouveau embrasse fi\u00e8rement et atteint fi\u00e8rement ces objectifs. Ne perdez pas de temps, commencez votre voyage aujourd&rsquo;hui et augmentez sans effort votre pr\u00e9sence en ligne estim\u00e9e avec ce th\u00e8me WordPress extr\u00eamement fiable et extraordinairement polyvalent!<\/p>\n","protected":false},"featured_media":144829,"comment_status":"open","ping_status":"open","template":"","meta":[],"product_brand":[2433],"product_cat":[1214,1212,1213],"product_tag":[1366],"class_list":{"0":"post-115875","1":"product","2":"type-product","3":"status-publish","4":"has-post-thumbnail","6":"product_brand-themeforest","7":"product_cat-polyvalent","8":"product_cat-themes","9":"product_cat-wordpress-themes","10":"product_tag-themeforest","11":"member-discount","12":"discount-restricted","14":"first","15":"instock","16":"sale","17":"downloadable","18":"virtual","19":"sold-individually","20":"purchasable","21":"product-type-simple"},"_links":{"self":[{"href":"https:\/\/gpl-love.com\/fr\/wp-json\/wp\/v2\/product\/115875","targetHints":{"allow":["GET"]}}],"collection":[{"href":"https:\/\/gpl-love.com\/fr\/wp-json\/wp\/v2\/product"}],"about":[{"href":"https:\/\/gpl-love.com\/fr\/wp-json\/wp\/v2\/types\/product"}],"replies":[{"embeddable":true,"href":"https:\/\/gpl-love.com\/fr\/wp-json\/wp\/v2\/comments?post=115875"}],"wp:featuredmedia":[{"embeddable":true,"href":"https:\/\/gpl-love.com\/fr\/wp-json\/wp\/v2\/media\/144829"}],"wp:attachment":[{"href":"https:\/\/gpl-love.com\/fr\/wp-json\/wp\/v2\/media?parent=115875"}],"wp:term":[{"taxonomy":"product_brand","embeddable":true,"href":"https:\/\/gpl-love.com\/fr\/wp-json\/wp\/v2\/product_brand?post=115875"},{"taxonomy":"product_cat","embeddable":true,"href":"https:\/\/gpl-love.com\/fr\/wp-json\/wp\/v2\/product_cat?post=115875"},{"taxonomy":"product_tag","embeddable":true,"href":"https:\/\/gpl-love.com\/fr\/wp-json\/wp\/v2\/product_tag?post=115875"}],"curies":[{"name":"wp","href":"https:\/\/api.w.org\/{rel}","templated":true}]}}