{"id":115868,"date":"2026-02-24T00:00:00","date_gmt":"2026-02-23T23:00:00","guid":{"rendered":"http:\/\/gpl-love.com\/fr\/produit\/woocommerce-simple-auctions\/"},"modified":"2026-03-20T23:47:49","modified_gmt":"2026-03-20T22:47:49","slug":"woocommerce-simple-auctions","status":"publish","type":"product","link":"https:\/\/gpl-love.com\/fr\/produit\/woocommerce-simple-auctions\/","title":{"rendered":"WooCommerce Simple Auctions 3.0.7"},"content":{"rendered":"<h3>WooCommerce Simple Auctions Traits<\/h3>\n<p>WooCommerce Simple Auctions est un plugin incroyablement robuste et convivial qui sert d&rsquo;outil exceptionnel pour les propri\u00e9taires de magasins en ligne. Sa fonction principale est de faciliter l&rsquo;\u00e9tablissement et le fonctionnement sans effort des ench\u00e8res dans leur magasin WooCommerce. Le plugin permet aux utilisateurs de g\u00e9n\u00e9rer sans effort des produits d&rsquo;ench\u00e8res avec des heures de d\u00e9part et de fin, des prix de r\u00e9serve et des incr\u00e9ments de soumission. De plus, il offre la commodit\u00e9 de pr\u00e9senter ces produits d&rsquo;ench\u00e8res sur la vitrine, accordant par la suite aux clients la possibilit\u00e9 de placer facilement des offres, de parcourir l&rsquo;historique des ench\u00e8res et de recevoir des notifications par e-mail automatique. En outre, ce plugin hautement sophistiqu\u00e9 comprend une gamme de fonctionnalit\u00e9s avanc\u00e9es, y compris, mais sans s&rsquo;y limiter, les fonctionnalit\u00e9s anti-sniping et l&rsquo;extension des ench\u00e8res automatique. Il va sans dire que WooCommerce Simple Auctions est un plugin indispensable que chaque individu exigeant cherchant \u00e0 infuser sa boutique en ligne avec un \u00e9l\u00e9ment d&rsquo;excitation et de rentabilit\u00e9 devrait acqu\u00e9rir.<\/p>\n<ul>\n<li>Active les fonctionnalit\u00e9s d&rsquo;ench\u00e8res sur votre site WooCommerce<\/li>\n<li>Cr\u00e9ez des ench\u00e8res pour tout produit sur votre site<\/li>\n<li>Choisissez de d\u00e9marrer l&rsquo;offre, le prix de r\u00e9serve et la dur\u00e9e des ench\u00e8res<\/li>\n<li>Incr\u00e9ments d&rsquo;appel d&rsquo;offres automatis\u00e9s pour maintenir un processus d&rsquo;appel d&rsquo;offres \u00e9quitable<\/li>\n<li>Processus de configuration rapide et simple<\/li>\n<li>Option pour afficher l&rsquo;\u00e9tat des ench\u00e8res sur les pages de produits<\/li>\n<li>Capacit\u00e9 \u00e0 fermer manuellement les ench\u00e8res ou \u00e0 fixer un prix d&rsquo;offre maximal<\/li>\n<li>Voir l&rsquo;historique des ench\u00e8res pour surveiller l&rsquo;activit\u00e9 des ench\u00e8res<\/li>\n<li>Compatible avec d&rsquo;autres extensions de woocommerce<\/li>\n<\/ul>\n","protected":false},"excerpt":{"rendered":"<p>WooCommerce Simple Auctions, r\u00e9put\u00e9 pour ses immenses capacit\u00e9s, offre une solution exquise pour les personnes cherchant \u00e0 mener des ench\u00e8res sur leurs sites Web ax\u00e9s sur le WooCommerce. Arm\u00e9s de ce plugin tr\u00e8s puissant, les utilisateurs peuvent sans effort \u00e9tablir, administrer et superviser les ench\u00e8res relatives \u00e0 n&rsquo;importe quelle cat\u00e9gorie de produit. Le plugin poss\u00e8de en outre une interface utilisateur simpliste et intuitive, vous permettant de d\u00e9finir les r\u00e9glementations sur les ench\u00e8res, de provoquer des prix de d\u00e9but, d&rsquo;\u00e9tablir des r\u00e9serves et de d\u00e9signer des dur\u00e9es de conclusion. De plus, il vous donne la fonctionnalit\u00e9 avantageuse pour sp\u00e9cifier les incr\u00e9ments d&rsquo;offre et les prix de l&rsquo;achat. En simplifiant le processus d&rsquo;appel d&rsquo;offres et en facilitant la surveillance des ench\u00e8res en temps r\u00e9el, les ench\u00e8res simples WooCommerce garantissent la plus grande commodit\u00e9 pour votre client\u00e8le estim\u00e9e. Ce plugin sert sans \u00e9quivoque comme un actif inestimable pour les entreprises aspirant \u00e0 renforcer les chiffres des ventes et \u00e0 augmenter la g\u00e9n\u00e9ration globale des revenus.<\/p>\n","protected":false},"featured_media":146026,"comment_status":"open","ping_status":"open","template":"","meta":[],"product_brand":[2435],"product_cat":[1182,1223,1181],"product_tag":[1231],"class_list":{"0":"post-115868","1":"product","2":"type-product","3":"status-publish","4":"has-post-thumbnail","6":"product_brand-codecanyon","7":"product_cat-commerce-electronique-plugins","8":"product_cat-personnalisation-commerce-electronique-plugins","9":"product_cat-plugins","10":"product_tag-codecanyon","11":"member-discount","12":"discount-restricted","14":"first","15":"instock","16":"sale","17":"downloadable","18":"virtual","19":"sold-individually","20":"purchasable","21":"product-type-simple"},"_links":{"self":[{"href":"https:\/\/gpl-love.com\/fr\/wp-json\/wp\/v2\/product\/115868","targetHints":{"allow":["GET"]}}],"collection":[{"href":"https:\/\/gpl-love.com\/fr\/wp-json\/wp\/v2\/product"}],"about":[{"href":"https:\/\/gpl-love.com\/fr\/wp-json\/wp\/v2\/types\/product"}],"replies":[{"embeddable":true,"href":"https:\/\/gpl-love.com\/fr\/wp-json\/wp\/v2\/comments?post=115868"}],"wp:featuredmedia":[{"embeddable":true,"href":"https:\/\/gpl-love.com\/fr\/wp-json\/wp\/v2\/media\/146026"}],"wp:attachment":[{"href":"https:\/\/gpl-love.com\/fr\/wp-json\/wp\/v2\/media?parent=115868"}],"wp:term":[{"taxonomy":"product_brand","embeddable":true,"href":"https:\/\/gpl-love.com\/fr\/wp-json\/wp\/v2\/product_brand?post=115868"},{"taxonomy":"product_cat","embeddable":true,"href":"https:\/\/gpl-love.com\/fr\/wp-json\/wp\/v2\/product_cat?post=115868"},{"taxonomy":"product_tag","embeddable":true,"href":"https:\/\/gpl-love.com\/fr\/wp-json\/wp\/v2\/product_tag?post=115868"}],"curies":[{"name":"wp","href":"https:\/\/api.w.org\/{rel}","templated":true}]}}