{"id":115866,"date":"2025-12-25T00:00:00","date_gmt":"2025-12-24T23:00:00","guid":{"rendered":"http:\/\/gpl-love.com\/fr\/produit\/gravity-forms-advanced-post-creation-addon\/"},"modified":"2026-03-20T23:17:32","modified_gmt":"2026-03-20T22:17:32","slug":"gravity-forms-advanced-post-creation-addon","status":"publish","type":"product","link":"https:\/\/gpl-love.com\/fr\/produit\/gravity-forms-advanced-post-creation-addon\/","title":{"rendered":"Gravity Forms Advanced Post Creation Addon 1.6.1"},"content":{"rendered":"<h3>Gravity Forms Advanced Post Creation Addon Traits<\/h3>\n<p>La Gravity Forms Advanced Post Creation Addon, un plugin tr\u00e8s efficace et convivial con\u00e7u exclusivement pour les utilisateurs de WordPress, offre une multitude d&rsquo;avantages. Gr\u00e2ce \u00e0 l&rsquo;utilisation de cet outil puissant, les utilisateurs peuvent cr\u00e9er des formulaires personnalis\u00e9s sans effort et les relier directement \u00e0 leurs publications WordPress, rationalisant ainsi leur processus de cr\u00e9ation de contenu. De plus, cet addon poss\u00e8de un \u00e9ventail impressionnant de fonctionnalit\u00e9s avanc\u00e9es qui permettent aux utilisateurs de concevoir et de personnaliser facilement leurs formulaires en fonction de leurs pr\u00e9f\u00e9rences. De plus, ce plugin fournit une interface intuitive qui simplifie la configuration et la configuration des formulaires pour r\u00e9pondre aux besoins individuels. Avec l&rsquo;incorporation de l&rsquo;addon de cr\u00e9ation de postes avanc\u00e9 des formulaires de gravit\u00e9, les utilisateurs peuvent cr\u00e9er, mettre \u00e0 jour et g\u00e9rer de mani\u00e8re transparente leurs publications WordPress sans aucun inconv\u00e9nient. Que vous soyez un blogueur d\u00e9di\u00e9, un sp\u00e9cialiste du marketing astucieux ou un propri\u00e9taire de site Web chevronn\u00e9, cet outil exceptionnel est garanti pour vous faire gagner du temps et am\u00e9liorer votre productivit\u00e9 globale.<\/p>\n<ul>\n<li>Simplifie le processus de cr\u00e9ation de post en permettant aux utilisateurs de cr\u00e9er des articles directement \u00e0 partir des soumissions de formulaires de gravit\u00e9<\/li>\n<li>Ajoute des types de messages et des taxonomies personnalis\u00e9s pour des options de publication plus flexibles<\/li>\n<li>Permet l&rsquo;\u00e9tat du poste d\u00e9fini par l&rsquo;utilisateur et les champs personnalis\u00e9s pour plus de contr\u00f4le sur la cr\u00e9ation de contenu<\/li>\n<li>Prend en charge la cr\u00e9ation du post frontal et back-end<\/li>\n<li>S&rsquo;int\u00e8gre aux services de marketing par e-mail populaires pour le b\u00e2timent de la liste transparente<\/li>\n<li>Permet \u00e0 la logique conditionnelle de cr\u00e9er des flux de travail dynamiques<\/li>\n<li>Fonctionne avec plusieurs soumissions d&rsquo;entr\u00e9e simultan\u00e9ment pour une cr\u00e9ation de poteau plus rapide<\/li>\n<li>Fournit une journalisation d&rsquo;entr\u00e9e d\u00e9taill\u00e9e pour une meilleure gestion postale<\/li>\n<li>Comprend des options de personnalisation avanc\u00e9es pour une exp\u00e9rience utilisateur personnalis\u00e9e<\/li>\n<li>Offre un excellent support client et des mises \u00e0 jour fr\u00e9quentes pour assurer des performances optimales.<\/li>\n<\/ul>\n","protected":false},"excerpt":{"rendered":"<p>Les formulaires Gravity Forms Advanced Post Creation Addon, qui est un outil tr\u00e8s efficace, vous offre la commodit\u00e9 de g\u00e9n\u00e9rer sans effort des publications, des pages, ainsi que des types de publication personnalis\u00e9s directement \u00e0 partir des soumissions faites via vos formulaires de gravit\u00e9. En utilisant cet addon, vous aurez une plus grande autorit\u00e9 en termes de d\u00e9termination des types de publication, des cat\u00e9gories, des balises et des champs personnalis\u00e9s sp\u00e9cifiques, qui peuvent tous \u00eatre g\u00e9r\u00e9s et modifi\u00e9s facilement dans votre formulaire de gravit\u00e9. En incorporant cet addon dans votre flux de travail, vous pourrez optimiser et rationaliser votre proc\u00e9dure de cr\u00e9ation de contenu, ce qui entra\u00eene finalement des \u00e9conomies de temps et d&rsquo;efforts substantielles.<\/p>\n","protected":false},"featured_media":144051,"comment_status":"open","ping_status":"open","template":"","meta":[],"product_brand":[2565],"product_cat":[1189,1181,1186],"product_tag":[1275],"class_list":{"0":"post-115866","1":"product","2":"type-product","3":"status-publish","4":"has-post-thumbnail","6":"product_brand-gravityforms","7":"product_cat-personnalisation","8":"product_cat-plugins","9":"product_cat-wordpress-plugins","10":"product_tag-gravityforms","11":"member-discount","12":"discount-restricted","14":"first","15":"instock","16":"sale","17":"downloadable","18":"virtual","19":"sold-individually","20":"purchasable","21":"product-type-simple"},"_links":{"self":[{"href":"https:\/\/gpl-love.com\/fr\/wp-json\/wp\/v2\/product\/115866","targetHints":{"allow":["GET"]}}],"collection":[{"href":"https:\/\/gpl-love.com\/fr\/wp-json\/wp\/v2\/product"}],"about":[{"href":"https:\/\/gpl-love.com\/fr\/wp-json\/wp\/v2\/types\/product"}],"replies":[{"embeddable":true,"href":"https:\/\/gpl-love.com\/fr\/wp-json\/wp\/v2\/comments?post=115866"}],"wp:featuredmedia":[{"embeddable":true,"href":"https:\/\/gpl-love.com\/fr\/wp-json\/wp\/v2\/media\/144051"}],"wp:attachment":[{"href":"https:\/\/gpl-love.com\/fr\/wp-json\/wp\/v2\/media?parent=115866"}],"wp:term":[{"taxonomy":"product_brand","embeddable":true,"href":"https:\/\/gpl-love.com\/fr\/wp-json\/wp\/v2\/product_brand?post=115866"},{"taxonomy":"product_cat","embeddable":true,"href":"https:\/\/gpl-love.com\/fr\/wp-json\/wp\/v2\/product_cat?post=115866"},{"taxonomy":"product_tag","embeddable":true,"href":"https:\/\/gpl-love.com\/fr\/wp-json\/wp\/v2\/product_tag?post=115866"}],"curies":[{"name":"wp","href":"https:\/\/api.w.org\/{rel}","templated":true}]}}