{"id":115845,"date":"2025-10-17T00:00:00","date_gmt":"2025-10-16T22:00:00","guid":{"rendered":"http:\/\/gpl-love.com\/fr\/produit\/customize-my-account-pour-woocommerce\/"},"modified":"2026-03-20T23:00:23","modified_gmt":"2026-03-20T22:00:23","slug":"customize-my-account-pour-woocommerce","status":"publish","type":"product","link":"https:\/\/gpl-love.com\/fr\/produit\/customize-my-account-pour-woocommerce\/","title":{"rendered":"Customize My Account pour WooCommerce 2.0.1"},"content":{"rendered":"<h3>Customize My Account pour WooCommerce Traits<\/h3>\n<p>Personnaliser mon compte pour WooCommerce est un plugin incroyablement robuste et puissant qui vous offre la capacit\u00e9 exceptionnelle de personnaliser et d&rsquo;adapter votre compte WooCommerce pour s&rsquo;aligner parfaitement avec votre marque et r\u00e9pondre aux besoins uniques de votre entreprise. Ce plugin propose une vaste gamme de fonctionnalit\u00e9s et de fonctionnalit\u00e9s qui vous permettent de personnaliser sans effort votre page de compte, d&rsquo;apporter des modifications aux points de terminaison WooCommerce par d\u00e9faut, d&rsquo;int\u00e9grer des points de terminaison personnalis\u00e9s et m\u00eame de personnaliser les liens de menu. De plus, vous avez la possibilit\u00e9 de modifier la disposition, les couleurs et les polices de votre page de compte afin de cultiver une esth\u00e9tique plus professionnelle et captivante. Il convient \u00e9galement de noter que la personnalisation de mon compte pour WooCommerce est remarquablement conviviale et intuitive, garantissant que m\u00eame les individus ayant des connaissances \u00e0 codage limit\u00e9es peuvent naviguer et l&rsquo;utiliser avec facilit\u00e9. Que votre objectif soit de cr\u00e9er une page de connexion sur mesure, d&rsquo;int\u00e9grer des liens sur les r\u00e9seaux sociaux ou de fournir \u00e0 vos clients des recommandations personnalis\u00e9es, ce plugin change vraiment la donne qui peut vous aider \u00e0 accomplir ces aspirations et \u00e0 am\u00e9liorer l&rsquo;exp\u00e9rience globale de votre pr\u00e9cieuse client\u00e8le. Par cons\u00e9quent, si vous cherchez \u00e0 \u00e9lever et \u00e0 optimiser votre magasin WooCommerce, il serait tr\u00e8s conseill\u00e9 d&rsquo;envisager s\u00e9rieusement d&rsquo;incorporer la personnalisation de mon compte pour WooCommerce dans vos op\u00e9rations, car son impact profond sur votre entreprise serait sans aucun doute \u00e0 la fois significatif et transformateur.<\/p>\n<ul>\n<li>Permet aux clients de cr\u00e9er et de g\u00e9rer leurs propres comptes sur votre site WooCommerce<\/li>\n<li>Compte personnalisable pageschoose qui d\u00e9taille les clients peuvent voir et modifier dans leur compte<\/li>\n<li>Permet aux clients de visualiser l&rsquo;historique des commandes, de suivre les exp\u00e9ditions et de mettre \u00e0 jour leurs informations d&rsquo;exp\u00e9dition et de facturation<\/li>\n<li>Notifications par courrier \u00e9lectronique personnalisables Gardez vos clients inform\u00e9s de leurs commandes avec des e-mails personnalis\u00e9s<\/li>\n<li>Int\u00e9gration avec les passerelles de paiement populaires et les fournisseurs d&rsquo;exp\u00e9dition<\/li>\n<li>Interface conviviale suffisamment pour les clients de toutes les capacit\u00e9s techniques \u00e0 utiliser<\/li>\n<li>Enti\u00e8rement compatible avec la conception et la mise en page du site Web WordPress<\/li>\n<li>Am\u00e9liore la satisfaction et la fid\u00e9lit\u00e9 des clients en leur donnant le contr\u00f4le de leurs comptes et des informations de commande.<\/li>\n<\/ul>\n","protected":false},"excerpt":{"rendered":"<p>Personnaliser mon compte pour WooCommerce est un outil unique con\u00e7u pour am\u00e9liorer l&rsquo;exp\u00e9rience utilisateur de votre boutique en ligne. Ce plugin puissant vous permet d&rsquo;adapter votre page de compte WooCommerce, en le gardant organis\u00e9 et convivial. Avec son interface facile \u00e0 utiliser, vous pouvez personnaliser la disposition du compte, ajouter \/ supprimer des onglets et cr\u00e9er de nouveaux points de terminaison. Il est \u00e9galement possible de modifier les couleurs, les \u00e9tiquettes et les ic\u00f4nes qui conviennent \u00e0 l&rsquo;esth\u00e9tique de votre marque. Ce plugin offre une exp\u00e9rience de navigation transparente \u00e0 vos clients, ce qui leur permet de g\u00e9rer plus facilement leurs commandes, t\u00e9l\u00e9chargements et d\u00e9tails personnels. La mise en \u0153uvre de personnaliser mon compte pour WooCommerce augmente non seulement l&rsquo;apparence de votre boutique en ligne, mais r\u00e9pond \u00e9galement aux besoins de vos clients, ce qui a entra\u00een\u00e9 une am\u00e9lioration de la satisfaction et de la fid\u00e9lit\u00e9 des clients.<\/p>\n","protected":false},"featured_media":143508,"comment_status":"open","ping_status":"open","template":"","meta":[],"product_brand":[2440],"product_cat":[1182,1223,1181],"product_tag":[1398],"class_list":{"0":"post-115845","1":"product","2":"type-product","3":"status-publish","4":"has-post-thumbnail","6":"product_brand-woocommerce","7":"product_cat-commerce-electronique-plugins","8":"product_cat-personnalisation-commerce-electronique-plugins","9":"product_cat-plugins","10":"product_tag-woocommerce","11":"member-discount","12":"discount-restricted","14":"first","15":"instock","16":"sale","17":"downloadable","18":"virtual","19":"sold-individually","20":"purchasable","21":"product-type-simple"},"_links":{"self":[{"href":"https:\/\/gpl-love.com\/fr\/wp-json\/wp\/v2\/product\/115845","targetHints":{"allow":["GET"]}}],"collection":[{"href":"https:\/\/gpl-love.com\/fr\/wp-json\/wp\/v2\/product"}],"about":[{"href":"https:\/\/gpl-love.com\/fr\/wp-json\/wp\/v2\/types\/product"}],"replies":[{"embeddable":true,"href":"https:\/\/gpl-love.com\/fr\/wp-json\/wp\/v2\/comments?post=115845"}],"wp:featuredmedia":[{"embeddable":true,"href":"https:\/\/gpl-love.com\/fr\/wp-json\/wp\/v2\/media\/143508"}],"wp:attachment":[{"href":"https:\/\/gpl-love.com\/fr\/wp-json\/wp\/v2\/media?parent=115845"}],"wp:term":[{"taxonomy":"product_brand","embeddable":true,"href":"https:\/\/gpl-love.com\/fr\/wp-json\/wp\/v2\/product_brand?post=115845"},{"taxonomy":"product_cat","embeddable":true,"href":"https:\/\/gpl-love.com\/fr\/wp-json\/wp\/v2\/product_cat?post=115845"},{"taxonomy":"product_tag","embeddable":true,"href":"https:\/\/gpl-love.com\/fr\/wp-json\/wp\/v2\/product_tag?post=115845"}],"curies":[{"name":"wp","href":"https:\/\/api.w.org\/{rel}","templated":true}]}}