{"id":115843,"date":"2023-02-24T00:00:00","date_gmt":"2023-02-23T23:00:00","guid":{"rendered":"http:\/\/gpl-love.com\/fr\/produit\/aki-multipurpose-kids-wordpress-theme\/"},"modified":"2026-03-20T22:54:13","modified_gmt":"2026-03-20T21:54:13","slug":"aki-multipurpose-kids-wordpress-theme","status":"publish","type":"product","link":"https:\/\/gpl-love.com\/fr\/produit\/aki-multipurpose-kids-wordpress-theme\/","title":{"rendered":"Aki Multipurpose Kids WordPress Theme 1.3.5"},"content":{"rendered":"<h3>Aki Multipurpose Kids WordPress Theme Traits<\/h3>\n<p>Le th\u00e8me WordPress des enfants AKI multipurpose se pr\u00e9sente comme une r\u00e9solution adaptable et imaginative dans le but de fabriquer des sites Web qui s&rsquo;adressent aux int\u00e9r\u00eats des enfants. Gr\u00e2ce \u00e0 son interface conviviale, il permet aux personnes qui manquent d&rsquo;expertise technique pour personnaliser sans effort leur site Web et fabriquer un contenu \u00e0 la fois distinctif et captivant. Ce th\u00e8me fournit un assortiment de mod\u00e8les de pages pr\u00e9con\u00e7us ainsi qu&rsquo;une vari\u00e9t\u00e9 de widgets modifiables, facilitant la cr\u00e9ation d&rsquo;un site Web qui est adapt\u00e9 \u00e0 des exigences sp\u00e9cifiques des enfants. De plus, ce th\u00e8me poss\u00e8de un \u00e9ventail de fonctionnalit\u00e9s englobant la typographie personnalisable, les sch\u00e9mas de couleurs et les galeries d&rsquo;images avanc\u00e9es, garantissant ainsi que chaque composant du site Web est m\u00e9ticuleusement con\u00e7u. En vertu du th\u00e8me WordPress des enfants AKI, le processus de construction d&rsquo;un site Web attrayant et immersif ciblant les enfants est rendu remarquablement facile.<\/p>\n<ul>\n<li>Un th\u00e8me WordPress polyvalent sp\u00e9cialement con\u00e7u pour les sites Web pour enfants et enfants.<\/li>\n<li>Livr\u00e9 avec des mod\u00e8les et des d\u00e9mos pr\u00e9d\u00e9finis, ce qui facilite la cr\u00e9ation d&rsquo;un site Web pour une garderie, une maternelle, une \u00e9cole ou m\u00eame un magasin de v\u00eatements pour enfants.<\/li>\n<li>Des options de conception et de couleurs personnalisables vous permettent de cr\u00e9er un site Web unique qui correspond parfaitement \u00e0 votre marque et \u00e0 votre style.<\/li>\n<li>Une interface conviviale facilite la navigation et la gestion du contenu de votre site Web.<\/li>\n<li>Comprend l&rsquo;int\u00e9gration avec des plugins populaires tels que WooCommerce, le formulaire de contact 7 et le builder de page WPBakery.<\/li>\n<li>Construit avec la vitesse et les performances \u00e0 l&rsquo;esprit, garantissant que votre site Web se charge rapidement et en douceur.<\/li>\n<li>R\u00e9guli\u00e8rement mis \u00e0 jour avec de nouvelles fonctionnalit\u00e9s et am\u00e9liorations, donc votre site Web reste \u00e0 jour avec les derni\u00e8res tendances et technologies.<\/li>\n<li>\u00c9quipe de support client d\u00e9di\u00e9e disponible pour aider \u00e0 tous les probl\u00e8mes ou questions que vous pourriez avoir.<\/li>\n<li>Dans l&rsquo;ensemble, une solution compl\u00e8te et pratique pour tous ceux qui cherchent \u00e0 cr\u00e9er un site Web professionnel et engageant pour les enfants et les enfants.<\/li>\n<\/ul>\n","protected":false},"excerpt":{"rendered":"<p>Lib\u00e9rez le v\u00e9ritable potentiel de votre site Web avec le th\u00e8me WordPress pour enfants AKI, une interface polyvalente et conviviale con\u00e7ue avec les enfants. Ce th\u00e8me WordPress est riche en fonctionnalit\u00e9s, avec un design ludique et dynamique qui maintient les enfants engag\u00e9s tout en facilitant la navigation. Le th\u00e8me AKI est parfait pour les sites Web li\u00e9s \u00e0 l&rsquo;\u00e9ducation des enfants, aux jouets, aux jeux, aux arts et \u00e0 l&rsquo;artisanat ou \u00e0 toute entreprise ax\u00e9e sur les enfants. Avec ses fonctionnalit\u00e9s personnalisables, vous pouvez adapter le th\u00e8me pour vous aligner sur votre marque, en cr\u00e9ant un site uniquement le v\u00f4tre. Le th\u00e8me garantit \u00e9galement une conception r\u00e9active, garantissant que votre site est superbe sur tous les appareils. Que vous soyez un d\u00e9butant ou un d\u00e9veloppeur exp\u00e9riment\u00e9, le th\u00e8me WordPress des enfants polyvalents AKI fait de la construction de sites un jeu d&rsquo;enfant. D\u00e9couvrez les avantages d&rsquo;un th\u00e8me aussi amusant que fonctionnel.<\/p>\n","protected":false},"featured_media":143103,"comment_status":"open","ping_status":"open","template":"","meta":[],"product_brand":[2433],"product_cat":[1242,1212,1213],"product_tag":[1366],"class_list":{"0":"post-115843","1":"product","2":"type-product","3":"status-publish","4":"has-post-thumbnail","6":"product_brand-themeforest","7":"product_cat-creatif","8":"product_cat-themes","9":"product_cat-wordpress-themes","10":"product_tag-themeforest","11":"member-discount","12":"discount-restricted","14":"first","15":"instock","16":"sale","17":"downloadable","18":"virtual","19":"sold-individually","20":"purchasable","21":"product-type-simple"},"_links":{"self":[{"href":"https:\/\/gpl-love.com\/fr\/wp-json\/wp\/v2\/product\/115843","targetHints":{"allow":["GET"]}}],"collection":[{"href":"https:\/\/gpl-love.com\/fr\/wp-json\/wp\/v2\/product"}],"about":[{"href":"https:\/\/gpl-love.com\/fr\/wp-json\/wp\/v2\/types\/product"}],"replies":[{"embeddable":true,"href":"https:\/\/gpl-love.com\/fr\/wp-json\/wp\/v2\/comments?post=115843"}],"wp:featuredmedia":[{"embeddable":true,"href":"https:\/\/gpl-love.com\/fr\/wp-json\/wp\/v2\/media\/143103"}],"wp:attachment":[{"href":"https:\/\/gpl-love.com\/fr\/wp-json\/wp\/v2\/media?parent=115843"}],"wp:term":[{"taxonomy":"product_brand","embeddable":true,"href":"https:\/\/gpl-love.com\/fr\/wp-json\/wp\/v2\/product_brand?post=115843"},{"taxonomy":"product_cat","embeddable":true,"href":"https:\/\/gpl-love.com\/fr\/wp-json\/wp\/v2\/product_cat?post=115843"},{"taxonomy":"product_tag","embeddable":true,"href":"https:\/\/gpl-love.com\/fr\/wp-json\/wp\/v2\/product_tag?post=115843"}],"curies":[{"name":"wp","href":"https:\/\/api.w.org\/{rel}","templated":true}]}}