{"id":115839,"date":"2026-03-03T00:00:00","date_gmt":"2026-03-02T23:00:00","guid":{"rendered":"http:\/\/gpl-love.com\/fr\/produit\/jobhunt-job-board-pour-wp-job-manager\/"},"modified":"2026-03-20T23:21:07","modified_gmt":"2026-03-20T22:21:07","slug":"jobhunt-job-board-pour-wp-job-manager","status":"publish","type":"product","link":"https:\/\/gpl-love.com\/fr\/produit\/jobhunt-job-board-pour-wp-job-manager\/","title":{"rendered":"Jobhunt Job Board pour WP Job Manager 2.0.5"},"content":{"rendered":"<h3>Jobhunt Job Board pour WP Job Manager Traits<\/h3>\n<p>JobHunt Job Board pour WP Job Manager est un plugin incroyablement puissant et multiforme qui vous accorde la possibilit\u00e9 de cr\u00e9er un tableau de travail enti\u00e8rement fonctionnel et op\u00e9rationnel sur votre site Web WordPress. Ce plugin remarquable poss\u00e8de une interface conviviale et des fonctionnalit\u00e9s qui sont navigables sans effort, en vous assurant que vous pouvez rapidement \u00e9tablir un conseil d&rsquo;administration qui captivera et supervisera efficacement les demandeurs d&#8217;emploi et les employeurs. De plus, le plugin est remarquablement personnalisable, permettant une adaptation facile en fonction de vos besoins et pr\u00e9f\u00e9rences individuelles. Ce plugin propose \u00e9galement des capacit\u00e9s de recherche et de filtrage avanc\u00e9es, facilitant ainsi les demandeurs d&#8217;emploi pour localiser la correspondance id\u00e9ale pour leurs comp\u00e9tences sp\u00e9cifiques et leurs ant\u00e9c\u00e9dents professionnels. En outre, les employeurs peuvent publier des listes d&#8217;emplois, g\u00e9rer sans effort les applications et communiquer de mani\u00e8re transparente avec les candidats potentiels. En conclusion, le JobHunt Job Board pour WP Job Manager est un outil indispensable pour tout site Web qui aspire \u00e0 fournir des services complets de recherche d&#8217;emploi et de recrutement.<\/p>\n<ul>\n<li>Interface du tableau de travail convivial con\u00e7u pour les sites Web WordPress<\/li>\n<li>INTRESTE SEMBLABLEMENT AVEC WP JOB Manager, le plugin de la carte de travail le plus populaire pour WordPress<\/li>\n<li>Options pour les employeurs et les demandeurs d&#8217;emploi, permettant un processus d&#8217;embauche complet<\/li>\n<li>Mod\u00e8les et conceptions personnalisables pour correspondre \u00e0 l&rsquo;apparence de votre site Web<\/li>\n<li>Des options de recherche et de filtrage faciles pour les demandeurs d&#8217;emploi pour trouver rapidement leur travail souhait\u00e9<\/li>\n<li>Tableau de bord de l&#8217;employeur avanc\u00e9 fournissant des listes d&#8217;emplois d\u00e9taill\u00e9es et un suivi des candidats<\/li>\n<li>Une conception du conseil d&#8217;emploi adapt\u00e9 aux mobiles pour r\u00e9pondre aux utilisateurs mobiles croissants<\/li>\n<li>Processus de soumission d&#8217;emploi facile pour les employeurs<\/li>\n<li>Listes d&#8217;emplois compl\u00e8tes et consultables pour les demandeurs d&#8217;emploi<\/li>\n<li>Acc\u00e8s \u00e0 des fonctionnalit\u00e9s avanc\u00e9es telles que les alertes de travail, le t\u00e9l\u00e9chargement de CV et la demande de messagerie<\/li>\n<li>Support multilingue pour une port\u00e9e plus large et une meilleure exp\u00e9rience utilisateur \u00e0 travers votre public mondial.<\/li>\n<\/ul>\n","protected":false},"excerpt":{"rendered":"<p>Le JobHunt Job Board, un plugin tr\u00e8s sophistiqu\u00e9 sp\u00e9cialement d\u00e9velopp\u00e9 pour le WP Job Manager, vous offre la capacit\u00e9 incroyable d&rsquo;\u00e9tablir un conseil d&#8217;emploi complet directement sur votre site Web WordPress. En utilisant ce plugin, vous pouvez superviser sans effort tous les aspects des affectations d&#8217;emploi, des demandes d&#8217;emploi et des profils de candidats, tous facilement accessibles dans les limites famili\u00e8res du tableau de bord WordPress. Que vous soyez propri\u00e9taire d&rsquo;une entreprise \u00e0 petite \u00e9chelle ou d&rsquo;une agence de recrutement pro\u00e9minente, le Jobunt Job Board repr\u00e9sente la solution id\u00e9ale pour optimiser votre processus de recrutement et pincer efficacement les candidats les plus exceptionnels pour vos postes vacants. Avec son interface remarquablement conviviale et ses fonctionnalit\u00e9s exceptionnellement robustes, la cr\u00e9ation d&rsquo;un comit\u00e9 d&#8217;emploi vraiment professionnel et l&rsquo;\u00e9tablissement de connexions significatives avec les demandeurs d&#8217;emploi de votre industrie sp\u00e9cifique n&rsquo;ont jamais \u00e9t\u00e9 r\u00e9alis\u00e9es sans effort.<\/p>\n","protected":false},"featured_media":144286,"comment_status":"open","ping_status":"open","template":"","meta":[],"product_brand":[2433],"product_cat":[1242,1212,1213],"product_tag":[1366],"class_list":{"0":"post-115839","1":"product","2":"type-product","3":"status-publish","4":"has-post-thumbnail","6":"product_brand-themeforest","7":"product_cat-creatif","8":"product_cat-themes","9":"product_cat-wordpress-themes","10":"product_tag-themeforest","11":"member-discount","12":"discount-restricted","14":"first","15":"instock","16":"sale","17":"downloadable","18":"virtual","19":"sold-individually","20":"purchasable","21":"product-type-simple"},"_links":{"self":[{"href":"https:\/\/gpl-love.com\/fr\/wp-json\/wp\/v2\/product\/115839","targetHints":{"allow":["GET"]}}],"collection":[{"href":"https:\/\/gpl-love.com\/fr\/wp-json\/wp\/v2\/product"}],"about":[{"href":"https:\/\/gpl-love.com\/fr\/wp-json\/wp\/v2\/types\/product"}],"replies":[{"embeddable":true,"href":"https:\/\/gpl-love.com\/fr\/wp-json\/wp\/v2\/comments?post=115839"}],"wp:featuredmedia":[{"embeddable":true,"href":"https:\/\/gpl-love.com\/fr\/wp-json\/wp\/v2\/media\/144286"}],"wp:attachment":[{"href":"https:\/\/gpl-love.com\/fr\/wp-json\/wp\/v2\/media?parent=115839"}],"wp:term":[{"taxonomy":"product_brand","embeddable":true,"href":"https:\/\/gpl-love.com\/fr\/wp-json\/wp\/v2\/product_brand?post=115839"},{"taxonomy":"product_cat","embeddable":true,"href":"https:\/\/gpl-love.com\/fr\/wp-json\/wp\/v2\/product_cat?post=115839"},{"taxonomy":"product_tag","embeddable":true,"href":"https:\/\/gpl-love.com\/fr\/wp-json\/wp\/v2\/product_tag?post=115839"}],"curies":[{"name":"wp","href":"https:\/\/api.w.org\/{rel}","templated":true}]}}