{"id":115837,"date":"2023-11-03T00:00:00","date_gmt":"2023-11-02T23:00:00","guid":{"rendered":"http:\/\/gpl-love.com\/fr\/produit\/moody-corporate-business-agency-wordpress-theme\/"},"modified":"2026-04-10T18:32:05","modified_gmt":"2026-04-10T16:32:05","slug":"moody-corporate-business-agency-wordpress-theme","status":"publish","type":"product","link":"https:\/\/gpl-love.com\/fr\/produit\/moody-corporate-business-agency-wordpress-theme\/","title":{"rendered":"Moody Corporate Business Agency WordPress Theme 2.5.3"},"content":{"rendered":"<h3>Moody Corporate Business Agency WordPress Theme Traits<\/h3>\n<p>Le th\u00e8me WordPress de l&rsquo;agence d&rsquo;entreprise Moody Corpory est un th\u00e8me de haut niveau sp\u00e9cialement con\u00e7u pour les entreprises souhaitant \u00e9tablir une pr\u00e9sence en ligne robuste avec la plus grande finesse. Ce th\u00e8me d\u00e9gage une esth\u00e9tique \u00e9l\u00e9gante et moderne, associ\u00e9e \u00e0 un haut niveau de personnalisation, ce qui le rend parfait pour toutes les entreprises visant \u00e0 pr\u00e9senter leur diversit\u00e9 de produits et services d&rsquo;une mani\u00e8re extr\u00eamement professionnelle et visuellement captivante. Notamment, le th\u00e8me poss\u00e8de une vaste gamme de mod\u00e8les, de mises en page et de widgets pr\u00e9-con\u00e7us, qui peuvent tous \u00eatre adapt\u00e9s sans effort pour s&rsquo;aligner sur l&rsquo;identit\u00e9 unique de votre marque. De plus, le formidable panneau d&rsquo;administration du th\u00e8me vous permet de g\u00e9rer sans effort votre contenu et de personnaliser votre site Web sans toute prouesse de codage. Il convient de souligner que le th\u00e8me de l&rsquo;agence d&rsquo;entreprise de Moody Corporate WordPress est fier d&rsquo;\u00eatre pleinement r\u00e9actif et optimis\u00e9 pour une vision transparente sur tous les appareils, y compris, mais sans s&rsquo;y limiter, des ordinateurs de bureau, des ordinateurs portables, des tablettes et des smartphones. En tirant parti de ce th\u00e8me exceptionnel, vous poss\u00e9dez la capacit\u00e9 de fabriquer un site Web impressionnant qui non seulement attire mais engage \u00e9galement activement votre public cible convoit\u00e9.<\/p>\n<ul>\n<li>Un th\u00e8me WordPress enti\u00e8rement r\u00e9actif con\u00e7u sp\u00e9cifiquement pour les entreprises d&rsquo;entreprise<\/li>\n<li>Design propre et moderne, en mettant l&rsquo;accent sur la typographie et le placement d&rsquo;image<\/li>\n<li>Options de disposition de page d&rsquo;accueil personnalisables, y compris des sections pr\u00e9-con\u00e7ues pour les services, les bios d&rsquo;\u00e9quipe, les t\u00e9moignages, et plus encore<\/li>\n<li>Prise en charge int\u00e9gr\u00e9e pour les plugins populaires comme le formulaire de contact 7, Yoast SEO et WooCommerce<\/li>\n<li>Sch\u00e9ma de couleurs flexible et options de police, vous permettant d&rsquo;adapter le th\u00e8me \u00e0 l&rsquo;identit\u00e9 visuelle de votre marque<\/li>\n<li>Comprend un large \u00e9ventail de contenu de d\u00e9monstration pour vous aider \u00e0 d\u00e9marrer, y compris les images et le texte d&rsquo;espace r\u00e9serv\u00e9<\/li>\n<li>Panneau d&rsquo;options de th\u00e8me facile \u00e0 utiliser pour la personnalisation rapide des param\u00e8tres cl\u00e9s<\/li>\n<li>Base de code bien document\u00e9e et \u00e9quipe d&rsquo;assistance amicale pour vous aider avec tous les probl\u00e8mes qui peuvent survenir<\/li>\n<li>Compatible avec tous les navigateurs et appareils modernes, assurant une exp\u00e9rience utilisateur transparente pour les visiteurs sur n&rsquo;importe quelle plate-forme<\/li>\n<\/ul>\n","protected":false},"excerpt":{"rendered":"<p>Permettez-nous de pr\u00e9senter le th\u00e8me WordPress de l&rsquo;agence d&rsquo;entreprise de Moody Extraordinary Moody, un mod\u00e8le extr\u00eamement con\u00e7u et sophistiqu\u00e9 m\u00e9ticuleusement con\u00e7u pour r\u00e9pondre aux exigences complexes des entreprises contemporaines. Cette cr\u00e9ation exceptionnelle est impr\u00e9gn\u00e9e des technologies de d\u00e9veloppement Web les plus avanc\u00e9es et une pl\u00e9thore de fonctionnalit\u00e9s de pointe, aboutissant \u00e0 une exp\u00e9rience utilisateur parfaitement transparente qui laisse une impression ind\u00e9l\u00e9bile. B\u00e9n\u00e9ficiant d&rsquo;une conception r\u00e9active et d&rsquo;une abondance d&rsquo;options personnalisables, ce th\u00e8me vous offre la capacit\u00e9 in\u00e9gal\u00e9e \u00e0 adapter sans effort l&rsquo;esth\u00e9tique et l&rsquo;ambiance de votre site Web, projetant efficacement votre identit\u00e9 de marque distinctive sur le domaine num\u00e9rique. Que vous soyez une startup ambitieuse, une entreprise bien \u00e9tablie ou une agence de cr\u00e9ation innovante, le th\u00e8me WordPress de l&rsquo;agence d&rsquo;entreprise de Moody \u00e9merge sans \u00e9quivoque comme le choix immacul\u00e9 pour votre manifestation en ligne.<\/p>\n","protected":false},"featured_media":144588,"comment_status":"open","ping_status":"open","template":"","meta":[],"product_brand":[2433],"product_cat":[1242,1212,1213],"product_tag":[1366],"class_list":{"0":"post-115837","1":"product","2":"type-product","3":"status-publish","4":"has-post-thumbnail","6":"product_brand-themeforest","7":"product_cat-creatif","8":"product_cat-themes","9":"product_cat-wordpress-themes","10":"product_tag-themeforest","11":"member-discount","12":"discount-restricted","14":"first","15":"instock","16":"sale","17":"downloadable","18":"virtual","19":"sold-individually","20":"purchasable","21":"product-type-simple"},"_links":{"self":[{"href":"https:\/\/gpl-love.com\/fr\/wp-json\/wp\/v2\/product\/115837","targetHints":{"allow":["GET"]}}],"collection":[{"href":"https:\/\/gpl-love.com\/fr\/wp-json\/wp\/v2\/product"}],"about":[{"href":"https:\/\/gpl-love.com\/fr\/wp-json\/wp\/v2\/types\/product"}],"replies":[{"embeddable":true,"href":"https:\/\/gpl-love.com\/fr\/wp-json\/wp\/v2\/comments?post=115837"}],"wp:featuredmedia":[{"embeddable":true,"href":"https:\/\/gpl-love.com\/fr\/wp-json\/wp\/v2\/media\/144588"}],"wp:attachment":[{"href":"https:\/\/gpl-love.com\/fr\/wp-json\/wp\/v2\/media?parent=115837"}],"wp:term":[{"taxonomy":"product_brand","embeddable":true,"href":"https:\/\/gpl-love.com\/fr\/wp-json\/wp\/v2\/product_brand?post=115837"},{"taxonomy":"product_cat","embeddable":true,"href":"https:\/\/gpl-love.com\/fr\/wp-json\/wp\/v2\/product_cat?post=115837"},{"taxonomy":"product_tag","embeddable":true,"href":"https:\/\/gpl-love.com\/fr\/wp-json\/wp\/v2\/product_tag?post=115837"}],"curies":[{"name":"wp","href":"https:\/\/api.w.org\/{rel}","templated":true}]}}