{"id":115835,"date":"2021-06-14T00:00:00","date_gmt":"2021-06-13T22:00:00","guid":{"rendered":"http:\/\/gpl-love.com\/fr\/produit\/uvo-seo-et-digital-marketing-theme\/"},"modified":"2026-04-10T18:44:50","modified_gmt":"2026-04-10T16:44:50","slug":"uvo-seo-et-digital-marketing-theme","status":"publish","type":"product","link":"https:\/\/gpl-love.com\/fr\/produit\/uvo-seo-et-digital-marketing-theme\/","title":{"rendered":"UVO SEO et Digital Marketing Theme 1.0.2"},"content":{"rendered":"<h3>UVO SEO et Digital Marketing Theme Traits<\/h3>\n<p>Le th\u00e8me du r\u00e9f\u00e9rencement UVO et du marketing num\u00e9rique est une solution incroyablement robuste et compl\u00e8te qui est id\u00e9ale pour les entreprises qui cherchent \u00e0 am\u00e9liorer leur pr\u00e9sence en ligne dans toute la mesure du possible. Ce th\u00e8me a \u00e9t\u00e9 sp\u00e9cifiquement con\u00e7u dans le but d&rsquo;optimiser votre site Web pour l&rsquo;optimisation des moteurs de recherche et le marketing num\u00e9rique, garantissant qu&rsquo;il est parfaitement adapt\u00e9 pour \u00e9lever la visibilit\u00e9 et les performances de votre site Web dans les recherches en ligne. Avec son interface conviviale et instinctive, vous pouvez g\u00e9n\u00e9rer sans effort un contenu de premier plan, affiner votre site Web pour maximiser son potentiel de r\u00e9f\u00e9rencement et mettre en \u0153uvre efficacement les strat\u00e9gies de marketing num\u00e9rique. De plus, ce th\u00e8me est \u00e9quip\u00e9 d&rsquo;une gamme diversifi\u00e9e d&rsquo;options personnalisables, vous offrant ainsi la possibilit\u00e9 de personnaliser \u00e0 la fois la conception et la fonctionnalit\u00e9 de votre site Web pour r\u00e9pondre \u00e0 vos exigences individualis\u00e9es. Que vous aspirez \u00e0 am\u00e9liorer le classement de votre site Web, \u00e0 amplifier votre trafic ou \u00e0 optimiser les conversions, vous pouvez \u00eatre assur\u00e9 que le SEO UVO et le th\u00e8me du marketing num\u00e9rique se r\u00e9v\u00e9lent \u00eatre un choix vraiment impeccable pour toute entreprise aspirant \u00e0 r\u00e9ussir le succ\u00e8s du num\u00e9rique dans le num\u00e9rique dans le num\u00e9rique dans le num\u00e9rique dans le num\u00e9rique dans le num\u00e9rique dans le num\u00e9rique dans le num\u00e9rique dans le num\u00e9rique dans le num\u00e9rique dans le num\u00e9rique dans le num\u00e9rique dans le num\u00e9rique dans le num\u00e9rique dans le num\u00e9rique dans le num\u00e9rique Digital royaume.<\/p>\n<ul>\n<li>SEO enti\u00e8rement personnalisable et th\u00e8me marketing num\u00e9rique pour WordPress<\/li>\n<li>Variations de page d&rsquo;accueil multiples et mod\u00e8les de page inclus<\/li>\n<li>Prise en charge int\u00e9gr\u00e9e pour les plugins SEO populaires, y compris Yoast et tout-en-un SEO Pack<\/li>\n<li>Conception adapt\u00e9e aux mobiles et r\u00e9active pour une visualisation optimale sur tous les appareils<\/li>\n<li>Options de t\u00eate et de pied de page personnalisables<\/li>\n<li>Builder de page puissant avec une interface de glisser-d\u00e9poser pour une cr\u00e9ation et une personnalisation de contenu faciles<\/li>\n<li>Widgets personnalis\u00e9s pour afficher les flux de m\u00e9dias sociaux, les t\u00e9moignages et plus encore<\/li>\n<li>Int\u00e9gr\u00e9 aux plugins de commerce \u00e9lectronique populaires, y compris WooCommerce et les t\u00e9l\u00e9chargements num\u00e9riques faciles<\/li>\n<li>Int\u00e9gration facile avec les services de marketing par e-mail populaires, y compris MailChimp et ConvertKit<\/li>\n<li>Fonction d&rsquo;importation de d\u00e9monstration en un clic pour une configuration et un d\u00e9marrage faciles.<\/li>\n<\/ul>\n","protected":false},"excerpt":{"rendered":"<p>Nous sommes fiers de pr\u00e9senter le SEO UVO et le th\u00e8me du marketing num\u00e9rique, un outil global qui vise \u00e0 r\u00e9volutionner et \u00e0 \u00e9lever votre pr\u00e9sence en ligne \u00e0 de nouveaux sommets! M\u00e9ticuleusement con\u00e7u avec la plus grande consid\u00e9ration pour les strat\u00e9gies d&rsquo;optimisation du r\u00e9f\u00e9rencement et de marketing num\u00e9rique, ce th\u00e8me poss\u00e8de une pl\u00e9thore de fonctionnalit\u00e9s personnalisables qui vous permettra de cr\u00e9er un site Web qui \u00e9blouit et captive. De son interface utilisateur con\u00e7ue intuitivement \u00e0 son cadre de mani\u00e8re transparente, UVO est fabriqu\u00e9 sur mesure pour les entreprises qui cherchent \u00e0 augmenter leur visibilit\u00e9 en ligne et \u00e0 attirer une augmentation du trafic vers leurs portes virtuelles. Immergez-vous dans la myriade de fonctionnalit\u00e9s avanc\u00e9es que UVO propose, telles que la possibilit\u00e9 de personnaliser des widgets, d&rsquo;int\u00e9grer de mani\u00e8re transparente les plateformes de m\u00e9dias sociaux, et d&rsquo;opter pour des \u00e9l\u00e9ments de conception \u00e9l\u00e9gants et \u00e9l\u00e9gants, qui visent tous \u00e0 construire et \u00e0 solidifier votre marque tout en captivant votre jamais -Discuire le public. Embrassez la puissance de UVO et pr\u00e9parez-vous \u00e0 un voyage sans pr\u00e9c\u00e9dent qui propulsera vos efforts de marketing num\u00e9rique \u00e0 des territoires inexplor\u00e9s!<\/p>\n","protected":false},"featured_media":145700,"comment_status":"open","ping_status":"open","template":"","meta":[],"product_brand":[2433],"product_cat":[1242,1212,1213],"product_tag":[1366],"class_list":{"0":"post-115835","1":"product","2":"type-product","3":"status-publish","4":"has-post-thumbnail","6":"product_brand-themeforest","7":"product_cat-creatif","8":"product_cat-themes","9":"product_cat-wordpress-themes","10":"product_tag-themeforest","11":"member-discount","12":"discount-restricted","14":"first","15":"instock","16":"sale","17":"downloadable","18":"virtual","19":"sold-individually","20":"purchasable","21":"product-type-simple"},"_links":{"self":[{"href":"https:\/\/gpl-love.com\/fr\/wp-json\/wp\/v2\/product\/115835","targetHints":{"allow":["GET"]}}],"collection":[{"href":"https:\/\/gpl-love.com\/fr\/wp-json\/wp\/v2\/product"}],"about":[{"href":"https:\/\/gpl-love.com\/fr\/wp-json\/wp\/v2\/types\/product"}],"replies":[{"embeddable":true,"href":"https:\/\/gpl-love.com\/fr\/wp-json\/wp\/v2\/comments?post=115835"}],"wp:featuredmedia":[{"embeddable":true,"href":"https:\/\/gpl-love.com\/fr\/wp-json\/wp\/v2\/media\/145700"}],"wp:attachment":[{"href":"https:\/\/gpl-love.com\/fr\/wp-json\/wp\/v2\/media?parent=115835"}],"wp:term":[{"taxonomy":"product_brand","embeddable":true,"href":"https:\/\/gpl-love.com\/fr\/wp-json\/wp\/v2\/product_brand?post=115835"},{"taxonomy":"product_cat","embeddable":true,"href":"https:\/\/gpl-love.com\/fr\/wp-json\/wp\/v2\/product_cat?post=115835"},{"taxonomy":"product_tag","embeddable":true,"href":"https:\/\/gpl-love.com\/fr\/wp-json\/wp\/v2\/product_tag?post=115835"}],"curies":[{"name":"wp","href":"https:\/\/api.w.org\/{rel}","templated":true}]}}