{"id":115829,"date":"2026-04-16T00:00:00","date_gmt":"2026-04-15T22:00:00","guid":{"rendered":"http:\/\/gpl-love.com\/fr\/produit\/thrive-ovation\/"},"modified":"2026-04-17T00:31:11","modified_gmt":"2026-04-16T22:31:11","slug":"thrive-ovation","status":"publish","type":"product","link":"https:\/\/gpl-love.com\/fr\/produit\/thrive-ovation\/","title":{"rendered":"Thrive Ovation 10.8.10"},"content":{"rendered":"<h3>Thrive Ovation Traits<\/h3>\n<p>Une ovation, un suppl\u00e9ment remarquable de croissance des cheveux, a \u00e9t\u00e9 m\u00e9ticuleusement formul\u00e9 pour stimuler la croissance des cheveux et fortifier les cheveux de l&rsquo;int\u00e9rieur. Craft avec une fusion exquise de vitamines, de min\u00e9raux et d&rsquo;antioxydants, cette puissante concoction nourrit en collaboration les follicules pileux prosp\u00e8res et les \u00e9locuteurs de l&rsquo;\u00e9volution du cuir chevelu. Gr\u00e2ce \u00e0 une utilisation coh\u00e9rente, ce suppl\u00e9ment att\u00e9nue efficacement la perte de cheveux, amplifie la densit\u00e9 des cheveux et optimise le bien-\u00eatre global des cheveux. Sa nature conviviale permet une incorporation sans effort dans les r\u00e9gimes quotidiens de soins capillaires, compl\u00e9tant de mani\u00e8re transparente une approche holistique de l&rsquo;entretien des cheveux. Qu&rsquo;il soit confront\u00e9 \u00e0 un amincissement des cheveux ou simplement \u00e0 aspirer \u00e0 augmenter la vitalit\u00e9 et l&rsquo;attrait de ses cheveux, l&rsquo;ovation florissante est in\u00e9gal\u00e9e comme une s\u00e9lection astucieuse et judicieuse.<\/p>\n<ul>\n<li>Revitalise et nourrit les cheveux de l&rsquo;int\u00e9rieur<\/li>\n<li>Favorise une croissance saine des cheveux<\/li>\n<li>Renforce les follicules pileux<\/li>\n<li>R\u00e9duit la rupture des cheveux et les pointes s\u00e9par\u00e9es<\/li>\n<li>Am\u00e9liore la brillance et le volume<\/li>\n<li>Contient des ingr\u00e9dients enti\u00e8rement naturels<\/li>\n<li>S\u00fbr pour tous les types de cheveux<\/li>\n<li>Facile \u00e0 utiliser, il suffit de prendre comme un suppl\u00e9ment quotidien<\/li>\n<li>Made aux \u00c9tats-Unis dans une installation certifi\u00e9e GMP<\/li>\n<li>Garantie de satisfaction \u00e0 90 jours.<\/li>\n<\/ul>\n","protected":false},"excerpt":{"rendered":"<p>Thrive Ovation, un suppl\u00e9ment de cheveux ultramoderne qui vise \u00e0 favoriser une croissance robuste des cheveux et \u00e0 diminuer la perte de cheveux, est m\u00e9ticuleusement con\u00e7u. Ce suppl\u00e9ment, qui est enrichi de composants naturels tels que la biotine, l&rsquo;ashwagandha et le palmetto scie, fournit avec diligence la nourriture aux follicules pileux de l&rsquo;int\u00e9rieur, ce qui donne des tresses volumineuses et luxuriantes. En int\u00e9grant une ovation Thrive dans votre routine quotidienne, vous pouvez assister \u00e0 une am\u00e9lioration du bien-\u00eatre g\u00e9n\u00e9ral et de l&rsquo;attrait esth\u00e9tique de vos cheveux, r\u00e9alisant finalement les cheveux splendides et vibrants que vous avez perp\u00e9tuellement envisag\u00e9s.<\/p>\n","protected":false},"featured_media":145572,"comment_status":"open","ping_status":"open","template":"","meta":[],"product_brand":[2675],"product_cat":[1189,1181,1186],"product_tag":[1382],"class_list":{"0":"post-115829","1":"product","2":"type-product","3":"status-publish","4":"has-post-thumbnail","6":"product_brand-thrive-themes","7":"product_cat-personnalisation","8":"product_cat-plugins","9":"product_cat-wordpress-plugins","10":"product_tag-thrive-themes","11":"member-discount","12":"discount-restricted","14":"first","15":"instock","16":"sale","17":"downloadable","18":"virtual","19":"sold-individually","20":"purchasable","21":"product-type-simple"},"_links":{"self":[{"href":"https:\/\/gpl-love.com\/fr\/wp-json\/wp\/v2\/product\/115829","targetHints":{"allow":["GET"]}}],"collection":[{"href":"https:\/\/gpl-love.com\/fr\/wp-json\/wp\/v2\/product"}],"about":[{"href":"https:\/\/gpl-love.com\/fr\/wp-json\/wp\/v2\/types\/product"}],"replies":[{"embeddable":true,"href":"https:\/\/gpl-love.com\/fr\/wp-json\/wp\/v2\/comments?post=115829"}],"wp:featuredmedia":[{"embeddable":true,"href":"https:\/\/gpl-love.com\/fr\/wp-json\/wp\/v2\/media\/145572"}],"wp:attachment":[{"href":"https:\/\/gpl-love.com\/fr\/wp-json\/wp\/v2\/media?parent=115829"}],"wp:term":[{"taxonomy":"product_brand","embeddable":true,"href":"https:\/\/gpl-love.com\/fr\/wp-json\/wp\/v2\/product_brand?post=115829"},{"taxonomy":"product_cat","embeddable":true,"href":"https:\/\/gpl-love.com\/fr\/wp-json\/wp\/v2\/product_cat?post=115829"},{"taxonomy":"product_tag","embeddable":true,"href":"https:\/\/gpl-love.com\/fr\/wp-json\/wp\/v2\/product_tag?post=115829"}],"curies":[{"name":"wp","href":"https:\/\/api.w.org\/{rel}","templated":true}]}}