{"id":115828,"date":"2026-03-27T00:00:00","date_gmt":"2026-03-26T23:00:00","guid":{"rendered":"http:\/\/gpl-love.com\/fr\/produit\/thrive-optimize\/"},"modified":"2026-04-10T18:43:20","modified_gmt":"2026-04-10T16:43:20","slug":"thrive-optimize","status":"publish","type":"product","link":"https:\/\/gpl-love.com\/fr\/produit\/thrive-optimize\/","title":{"rendered":"Thrive Optimize 10.8.9.1"},"content":{"rendered":"<h3>Thrive Optimize Traits<\/h3>\n<p>Thrive Optimize appara\u00eet comme un puissant plugin pour l&rsquo;optimisation des taux de conversion, permettant aux utilisateurs de concevoir et d&rsquo;\u00e9valuer sans effort les versions de plusieurs versions des pages de destination de leur site Web, des pages de vente et des formulaires d&rsquo;opt-in. En utilisant son \u00e9diteur de glisser-d\u00e9poser, convivial, les utilisateurs peuvent rapidement g\u00e9n\u00e9rer de nouvelles it\u00e9rations de leurs pages, d\u00e9pourvues de n\u00e9cessit\u00e9 de coder l&rsquo;expertise. Ce plugin englobe \u00e9galement des fonctionnalit\u00e9s de ciblage et de segmentation sophistiqu\u00e9es, ce qui permet aux utilisateurs de pr\u00e9senter des variations sp\u00e9cifiques \u00e0 divers publics bas\u00e9s sur des facteurs pivots tels que l&#8217;emplacement g\u00e9ographique, l&rsquo;appareil et les mod\u00e8les comportementaux. En offrant des rapports complets d&rsquo;analyse et de tests A \/ B, Thrive Optimize aide les utilisateurs \u00e0 prendre des d\u00e9cisions \u00e9clair\u00e9es fond\u00e9es sur les donn\u00e9es, am\u00e9liorant ainsi le taux de conversion global de leur site Web. En fin de compte, cet outil global de recommandation s&rsquo;av\u00e8re indispensable aux personnes cherchant \u00e0 optimiser le taux de conversion de leur site Web tout en augmentant simultan\u00e9ment leurs revenus commerciaux en ligne.<\/p>\n<ul>\n<li>Un plugin WordPress qui vous aide \u00e0 augmenter les taux de conversion sur votre site Web<\/li>\n<li>Offre des tests A \/ B pour d\u00e9terminer l&rsquo;efficacit\u00e9 des diff\u00e9rents choix de conception de sites Web et de contenu<\/li>\n<li>Vous permet de cr\u00e9er des pages de destination personnalis\u00e9es et d&rsquo;ex\u00e9cuter des tests multivari\u00e9s pour les optimiser pour des conversions accrues<\/li>\n<li>S&rsquo;int\u00e8gre facilement \u00e0 d&rsquo;autres produits Thrive Th\u00e8mes pour une suite compl\u00e8te d&rsquo;optimisation du site Web<\/li>\n<li>Fournit des analyses et des rapports d\u00e9taill\u00e9s pour vous aider \u00e0 prendre des d\u00e9cisions bas\u00e9es sur les donn\u00e9es concernant la conception et le contenu de votre site Web<\/li>\n<li>Peut \u00eatre utilis\u00e9 sur n&rsquo;importe quel site Web WordPress, quel que soit le th\u00e8me ou la mise en page<\/li>\n<li>Livr\u00e9 avec une interface conviviale et une documentation d\u00e9taill\u00e9e pour une configuration et une utilisation faciles<\/li>\n<li>Offre une vari\u00e9t\u00e9 de mod\u00e8les de conception personnalisables pour vous aider \u00e0 cr\u00e9er rapidement des pages de destination efficaces et un contenu ax\u00e9 sur la conversion<\/li>\n<li>Comprend une biblioth\u00e8que de boutons et formulaires d&rsquo;appel pr\u00e9-con\u00e7us pour encourager les visiteurs du site Web \u00e0 agir<\/li>\n<li>Con\u00e7u par des experts d&rsquo;optimisation des taux de conversion pour fournir un outil puissant et efficace pour am\u00e9liorer les performances du site Web.<\/li>\n<\/ul>\n","protected":false},"excerpt":{"rendered":"<p>Thrive Optimize, un outil incroyablement robuste pour optimiser les conversions, est sp\u00e9cifiquement con\u00e7u pour \u00e9lever les performances globales de votre site Web et augmenter vos ventes. \u00c9quip\u00e9e de capacit\u00e9s de test A \/ B de pointe, cet outil vous permet de g\u00e9n\u00e9rer et d&rsquo;\u00e9valuer sans effort diverses variantes de pages pour d\u00e9terminer quelle version recueille le plus grand nombre de clics, de vues ou de conversions. Son interface remarquablement conviviale et intuitive garantit que quiconque, quel que soit son niveau d&rsquo;expertise technique ou de programmation, peut l&rsquo;utiliser avec la plus grande facilit\u00e9. Par cons\u00e9quent, si vous aspirez \u00e0 r\u00e9volutionner votre site Web en une machine extr\u00eamement efficace et g\u00e9n\u00e9rateurs de revenus, Thrive Optimize \u00e9merge ind\u00e9niablement comme la solution id\u00e9ale pour vous!<\/p>\n","protected":false},"featured_media":145571,"comment_status":"open","ping_status":"open","template":"","meta":[],"product_brand":[2675],"product_cat":[1189,1181,1186],"product_tag":[1382],"class_list":{"0":"post-115828","1":"product","2":"type-product","3":"status-publish","4":"has-post-thumbnail","6":"product_brand-thrive-themes","7":"product_cat-personnalisation","8":"product_cat-plugins","9":"product_cat-wordpress-plugins","10":"product_tag-thrive-themes","11":"member-discount","12":"discount-restricted","14":"first","15":"instock","16":"sale","17":"downloadable","18":"virtual","19":"sold-individually","20":"purchasable","21":"product-type-simple"},"_links":{"self":[{"href":"https:\/\/gpl-love.com\/fr\/wp-json\/wp\/v2\/product\/115828","targetHints":{"allow":["GET"]}}],"collection":[{"href":"https:\/\/gpl-love.com\/fr\/wp-json\/wp\/v2\/product"}],"about":[{"href":"https:\/\/gpl-love.com\/fr\/wp-json\/wp\/v2\/types\/product"}],"replies":[{"embeddable":true,"href":"https:\/\/gpl-love.com\/fr\/wp-json\/wp\/v2\/comments?post=115828"}],"wp:featuredmedia":[{"embeddable":true,"href":"https:\/\/gpl-love.com\/fr\/wp-json\/wp\/v2\/media\/145571"}],"wp:attachment":[{"href":"https:\/\/gpl-love.com\/fr\/wp-json\/wp\/v2\/media?parent=115828"}],"wp:term":[{"taxonomy":"product_brand","embeddable":true,"href":"https:\/\/gpl-love.com\/fr\/wp-json\/wp\/v2\/product_brand?post=115828"},{"taxonomy":"product_cat","embeddable":true,"href":"https:\/\/gpl-love.com\/fr\/wp-json\/wp\/v2\/product_cat?post=115828"},{"taxonomy":"product_tag","embeddable":true,"href":"https:\/\/gpl-love.com\/fr\/wp-json\/wp\/v2\/product_tag?post=115828"}],"curies":[{"name":"wp","href":"https:\/\/api.w.org\/{rel}","templated":true}]}}