{"id":115826,"date":"2022-02-25T00:00:00","date_gmt":"2022-02-24T23:00:00","guid":{"rendered":"http:\/\/gpl-love.com\/fr\/produit\/thrive-headline-optimizer\/"},"modified":"2026-04-10T18:43:18","modified_gmt":"2026-04-10T16:43:18","slug":"thrive-headline-optimizer","status":"publish","type":"product","link":"https:\/\/gpl-love.com\/fr\/produit\/thrive-headline-optimizer\/","title":{"rendered":"Thrive Headline Optimizer 2.3.1"},"content":{"rendered":"<h3>Thrive Headline Optimizer Traits<\/h3>\n<p>Thrive Headline Optimizer, un plugin WordPress incroyablement robuste, se r\u00e9v\u00e8le \u00eatre un changement de jeu pour augmenter le trafic de site Web, l&rsquo;engagement et les conversions gr\u00e2ce \u00e0 l&rsquo;optimisation de la copie g\u00e9n\u00e9rale. Cet outil extraordinaire examine et diss\u00e8que de mani\u00e8re approfondie vos titres pour identifier les plus efficaces, vous pr\u00e9sentant des informations et des recommandations pr\u00e9cieuses sur l&rsquo;am\u00e9lioration de leur impact. En exploitant la puissance de Thrive Titre Optimizer, vous gagnez la possibilit\u00e9 d&rsquo;ex\u00e9cuter sans effort les tests A \/ B, de surveiller m\u00e9ticuleusement vos r\u00e9sultats et de prendre par la suite des d\u00e9cisions inform\u00e9es et ax\u00e9es sur les donn\u00e9es pour renforcer votre strat\u00e9gie de contenu. Que vous vous identifiiez comme un blogueur, un marketing ou un propri\u00e9taire d&rsquo;entreprise, l&rsquo;optimiseur Thrive Standline sert ind\u00e9niablement un atout indispensable qui peut incontestablement \u00e9lever les performances de votre site Web et permettre la r\u00e9alisation de vos objectifs marketing.<\/p>\n<ul>\n<li>Aide \u00e0 augmenter les taux de clics en optimisant les titres de votre site Web ou blog<\/li>\n<li>Utilise des tests A \/ B pour trouver le titre le plus efficace pour votre contenu<\/li>\n<li>Facile \u00e0 utiliser avec une interface simple et intuitive<\/li>\n<li>Fournit des analyses et des informations d\u00e9taill\u00e9es pour vous aider \u00e0 prendre des d\u00e9cisions \u00e9clair\u00e9es<\/li>\n<li>Prend en charge plusieurs variations de titre pour les tests<\/li>\n<li>Peut \u00eatre utilis\u00e9 sur n&rsquo;importe quel site Web WordPress avec un processus d&rsquo;installation facile<\/li>\n<li>Fonctionne avec des constructeurs de pages populaires comme Elementor, Divi et Beaver Builder<\/li>\n<li>Offre des param\u00e8tres personnalisables pour les utilisateurs plus avanc\u00e9s<\/li>\n<li>La version Pro comprend des fonctionnalit\u00e9s suppl\u00e9mentaires telles que la s\u00e9lection automatique des gagnants, les tests prioritaires et plus encore.<\/li>\n<\/ul>\n","protected":false},"excerpt":{"rendered":"<p>L&rsquo;optimiseur Thrive Headline est un outil tr\u00e8s efficace qui vise \u00e0 maximiser l&rsquo;impact de vos titres en vous aidant \u00e0 cr\u00e9er des titres accrocheurs qui g\u00e9n\u00e8rent des taux de clics et des niveaux d&rsquo;engagement plus \u00e9lev\u00e9s. Gr\u00e2ce \u00e0 l&rsquo;utilisation d&rsquo;analyses avanc\u00e9es et de tests rigoureux, cet outil puissant vous permet de d\u00e9velopper des titres qui r\u00e9sonnent profond\u00e9ment avec votre public cible sp\u00e9cifique, facilitant finalement la r\u00e9alisation de vos objectifs marketing en ligne. Offrez des adieux aux titres terne et inaugurez une nouvelle \u00e8re de contenu haute performance avec les capacit\u00e9s in\u00e9gal\u00e9es de l&rsquo;optimiseur Thrive Standline.<\/p>\n","protected":false},"featured_media":145569,"comment_status":"open","ping_status":"open","template":"","meta":[],"product_brand":[2675],"product_cat":[1207,1181,1186],"product_tag":[1382],"class_list":{"0":"post-115826","1":"product","2":"type-product","3":"status-publish","4":"has-post-thumbnail","6":"product_brand-thrive-themes","7":"product_cat-commercialisation-wordpress-plugins","8":"product_cat-plugins","9":"product_cat-wordpress-plugins","10":"product_tag-thrive-themes","11":"member-discount","12":"discount-restricted","14":"first","15":"instock","16":"sale","17":"downloadable","18":"virtual","19":"sold-individually","20":"purchasable","21":"product-type-simple"},"_links":{"self":[{"href":"https:\/\/gpl-love.com\/fr\/wp-json\/wp\/v2\/product\/115826","targetHints":{"allow":["GET"]}}],"collection":[{"href":"https:\/\/gpl-love.com\/fr\/wp-json\/wp\/v2\/product"}],"about":[{"href":"https:\/\/gpl-love.com\/fr\/wp-json\/wp\/v2\/types\/product"}],"replies":[{"embeddable":true,"href":"https:\/\/gpl-love.com\/fr\/wp-json\/wp\/v2\/comments?post=115826"}],"wp:featuredmedia":[{"embeddable":true,"href":"https:\/\/gpl-love.com\/fr\/wp-json\/wp\/v2\/media\/145569"}],"wp:attachment":[{"href":"https:\/\/gpl-love.com\/fr\/wp-json\/wp\/v2\/media?parent=115826"}],"wp:term":[{"taxonomy":"product_brand","embeddable":true,"href":"https:\/\/gpl-love.com\/fr\/wp-json\/wp\/v2\/product_brand?post=115826"},{"taxonomy":"product_cat","embeddable":true,"href":"https:\/\/gpl-love.com\/fr\/wp-json\/wp\/v2\/product_cat?post=115826"},{"taxonomy":"product_tag","embeddable":true,"href":"https:\/\/gpl-love.com\/fr\/wp-json\/wp\/v2\/product_tag?post=115826"}],"curies":[{"name":"wp","href":"https:\/\/api.w.org\/{rel}","templated":true}]}}