{"id":115824,"date":"2026-04-16T00:00:00","date_gmt":"2026-04-15T22:00:00","guid":{"rendered":"http:\/\/gpl-love.com\/fr\/produit\/thrive-comments\/"},"modified":"2026-04-17T00:31:09","modified_gmt":"2026-04-16T22:31:09","slug":"thrive-comments","status":"publish","type":"product","link":"https:\/\/gpl-love.com\/fr\/produit\/thrive-comments\/","title":{"rendered":"Thrive Comments 10.8.10"},"content":{"rendered":"<h3>Thrive Comments Traits<\/h3>\n<p>Thrive Commentaires est un outil logiciel avanc\u00e9 et de pointe qui a \u00e9t\u00e9 m\u00e9ticuleusement con\u00e7u pour aider les propri\u00e9taires de sites Web et les blogueurs en g\u00e9rant et en s&rsquo;engageant efficacement avec les commentaires de leur public. Poss\u00e9dant une interface intuitive et avec un large \u00e9ventail de fonctionnalit\u00e9s, cet outil r\u00e9volutionnaire simplifie le processus de mod\u00e9ration des commentaires, accordant aux utilisateurs la possibilit\u00e9 d&rsquo;approuver rapidement, de rejeter ou de signaler des messages sur la base de leur pertinence et de leur pr\u00e9cision. De plus, Thrive Commentaires offre une suite extr\u00eamement puissante d&rsquo;outils d&rsquo;engagement, englobant les go\u00fbts des votes et des votes de bas, le tri des commentaires et le partage social, qui sont tous primordiaux en cultivant un sentiment de communaut\u00e9 centr\u00e9 sur le contenu de son contenu. En substance, les commentaires Thrive sont un outil indispensable pour quiconque aspire \u00e0 augmenter le niveau d&rsquo;engagement sur leur site Web et \u00e0 favoriser l&rsquo;\u00e9mergence d&rsquo;une communaut\u00e9 plus exub\u00e9rante et active de lecteurs et de disciples.<\/p>\n<ul>\n<li>Syst\u00e8me de commentaires r\u00e9volutionnaires pour les sites Web et les blogs<\/li>\n<li>Outils de mod\u00e9ration puissants pour g\u00e9rer les commentaires et prot\u00e9ger contre le spam<\/li>\n<li>Conception et marque personnalisables pour int\u00e9grer de mani\u00e8re transparente \u00e0 votre site<\/li>\n<li>Capacit\u00e9 \u00e0 encourager l&rsquo;engagement et \u00e0 g\u00e9n\u00e9rer du trafic avec des fonctionnalit\u00e9s telles que l&rsquo;up-vot et le partage social<\/li>\n<li>Interface conviviale pour les administrateurs et commentateurs du site<\/li>\n<li>Int\u00e9gration transparente avec des plateformes populaires comme WordPress et Shopify<\/li>\n<li>Analyse robuste et rapport pour suivre l&rsquo;engagement et identifier les tendances<\/li>\n<li>\u00c9quipe de support et ressources d\u00e9di\u00e9es pour assurer des performances et un succ\u00e8s optimaux.<\/li>\n<\/ul>\n","protected":false},"excerpt":{"rendered":"<p>Thrive Commentaires est un plugin incroyablement robuste et dynamique sp\u00e9cialement con\u00e7u pour WordPress qui vous accorde la capacit\u00e9 remarquable \u00e0 g\u00e9n\u00e9rer des commentaires et des commentaires tr\u00e8s attrayants et stimulants sur votre site Web estim\u00e9 ou votre blog bien con\u00e7u. Cet outil exceptionnel poss\u00e8de une interface exceptionnellement conviviale, vous permettant ainsi de fa\u00e7onner sans effort des formulaires de commentaires sur mesure, de personnaliser m\u00e9ticuleusement des notifications de commentaires et de r\u00e9guler et de superviser habilement les commentaires avec la plus grande commodit\u00e9 et la comp\u00e9tence. En outre, il poss\u00e8de un \u00e9ventail de fonctionnalit\u00e9s d&rsquo;engagement extr\u00eamement puissantes, y compris la capacit\u00e9 de s&rsquo;engager \u00e0 la fois dans la voting et la vote descendants, ainsi que de s&rsquo;engager dans des commentaires filet\u00e9s, qui contribuent efficacement \u00e0 favoriser un environnement de conversation captivant et immersif qui r\u00e9ussit indiscutablement \u00e0 absorber votre votre Autonomie estim\u00e9e et conduisant une augmentation insondable du trafic vers votre site Web exceptionnellement con\u00e7u.<\/p>\n","protected":false},"featured_media":145568,"comment_status":"open","ping_status":"open","template":"","meta":[],"product_brand":[2675],"product_cat":[1189,1181,1186],"product_tag":[1382],"class_list":{"0":"post-115824","1":"product","2":"type-product","3":"status-publish","4":"has-post-thumbnail","6":"product_brand-thrive-themes","7":"product_cat-personnalisation","8":"product_cat-plugins","9":"product_cat-wordpress-plugins","10":"product_tag-thrive-themes","11":"member-discount","12":"discount-restricted","14":"first","15":"instock","16":"sale","17":"downloadable","18":"virtual","19":"sold-individually","20":"purchasable","21":"product-type-simple"},"_links":{"self":[{"href":"https:\/\/gpl-love.com\/fr\/wp-json\/wp\/v2\/product\/115824","targetHints":{"allow":["GET"]}}],"collection":[{"href":"https:\/\/gpl-love.com\/fr\/wp-json\/wp\/v2\/product"}],"about":[{"href":"https:\/\/gpl-love.com\/fr\/wp-json\/wp\/v2\/types\/product"}],"replies":[{"embeddable":true,"href":"https:\/\/gpl-love.com\/fr\/wp-json\/wp\/v2\/comments?post=115824"}],"wp:featuredmedia":[{"embeddable":true,"href":"https:\/\/gpl-love.com\/fr\/wp-json\/wp\/v2\/media\/145568"}],"wp:attachment":[{"href":"https:\/\/gpl-love.com\/fr\/wp-json\/wp\/v2\/media?parent=115824"}],"wp:term":[{"taxonomy":"product_brand","embeddable":true,"href":"https:\/\/gpl-love.com\/fr\/wp-json\/wp\/v2\/product_brand?post=115824"},{"taxonomy":"product_cat","embeddable":true,"href":"https:\/\/gpl-love.com\/fr\/wp-json\/wp\/v2\/product_cat?post=115824"},{"taxonomy":"product_tag","embeddable":true,"href":"https:\/\/gpl-love.com\/fr\/wp-json\/wp\/v2\/product_tag?post=115824"}],"curies":[{"name":"wp","href":"https:\/\/api.w.org\/{rel}","templated":true}]}}