{"id":115813,"date":"2026-01-28T00:00:00","date_gmt":"2026-01-27T23:00:00","guid":{"rendered":"http:\/\/gpl-love.com\/fr\/produit\/gravityview-math\/"},"modified":"2026-03-20T23:18:57","modified_gmt":"2026-03-20T22:18:57","slug":"gravityview-math","status":"publish","type":"product","link":"https:\/\/gpl-love.com\/fr\/produit\/gravityview-math\/","title":{"rendered":"Gravity View Math 2.1"},"content":{"rendered":"<h3>Gravity View Math Traits<\/h3>\n<p>Gravity View Math est un outil incroyablement robuste et efficace qui offre aux utilisateurs la possibilit\u00e9 de calculer et de pr\u00e9senter sans effort des \u00e9quations math\u00e9matiques complexes et des formules directement dans leurs formes de gravit\u00e9. Ce plugin exceptionnel permet aux individus de g\u00e9n\u00e9rer des calculs complexes qui s&rsquo;int\u00e8grent de mani\u00e8re transparente \u00e0 leurs formulaires, leur offrant ainsi une autorit\u00e9 et une surveillance compl\u00e8tes sur les donn\u00e9es inestimables qu&rsquo;ils recueillent. Que vous ayez besoin de d\u00e9terminer la taxe de vente, les d\u00e9penses d&rsquo;exp\u00e9dition ou toute autre vari\u00e9t\u00e9 de formules math\u00e9matiques, le reste facilement en sachant que Gravity View Math poss\u00e8de la capacit\u00e9 de g\u00e9rer parfaitement tous ces calculs complexes. De plus, cet outil exceptionnel est convivial, enti\u00e8rement personnalisable et b\u00e9n\u00e9ficie d&rsquo;une pr\u00e9cision in\u00e9gal\u00e9e, rationalisant efficacement l&rsquo;ensemble du processus de collecte de donn\u00e9es. Par cons\u00e9quent, si vous recherchez sinc\u00e8rement une approche fiable et efficace pour g\u00e9rer vos calculs math\u00e9matiques dans les formes de gravit\u00e9, votre recherche se termine par la fonctionnalit\u00e9 et les capacit\u00e9s in\u00e9gal\u00e9es pr\u00e9sent\u00e9es par nul autre que la vue de la gravit\u00e9 math\u00e9matiques.<\/p>\n<ul>\n<li>Calculez rapidement les fonctions math\u00e9matiques avec facilit\u00e9<\/li>\n<li>Interface simple et intuitive<\/li>\n<li>Prend en charge les fonctions math\u00e9matiques standard telles que l&rsquo;addition, la soustraction, la multiplication et la division<\/li>\n<li>Des fonctionnalit\u00e9s avanc\u00e9es telles que la trigonom\u00e9trie, les logarithmes et les racines carr\u00e9es incluses<\/li>\n<li>Option pour enregistrer et exporter les calculs pour r\u00e9f\u00e9rence future<\/li>\n<li>Id\u00e9al pour les \u00e9tudiants, les professionnels et tous ceux qui ont besoin d&rsquo;effectuer des calculs math\u00e9matiques rapides<\/li>\n<li>Compatible avec les syst\u00e8mes d&rsquo;exploitation Windows et Mac<\/li>\n<li>Mises \u00e0 jour \u00e0 vie et support client d\u00e9di\u00e9 fourni pour les utilisateurs<\/li>\n<li>Gave le temps et augmente la productivit\u00e9 en \u00e9liminant le besoin de calculs manuels<\/li>\n<li>Param\u00e8tres conviviaux et personnalisables pour correspondre aux pr\u00e9f\u00e9rences individuelles.<\/li>\n<\/ul>\n","protected":false},"excerpt":{"rendered":"<p>Pr\u00e9sentation des math\u00e9matiques remarquables de la vue de gravit\u00e9 &#8211; Une solution extraordinaire con\u00e7ue pour r\u00e9pondre aux besoins des passionn\u00e9s de math\u00e9matiques! Arm\u00e9s de cet outil incroyablement robuste, les individus peuvent saisir de mani\u00e8re transparente et sans effort des expressions math\u00e9matiques complexes, obtenant par la suite des solutions tr\u00e8s m\u00e9ticuleuses et pr\u00e9cises en quelques secondes. Que vous vous trouviez \u00e0 la place d&rsquo;un \u00e9l\u00e8ve diligent, d&rsquo;un enseignant \u00e9rudite, d&rsquo;un ing\u00e9nieur comp\u00e9tent ou d&rsquo;un math\u00e9maticien accompli, assurez-vous que la vue sur la gravit\u00e9 est l&rsquo;instrument par excellence qui rationalisera sans effort tous vos calculs, en leur rendant un absolu brise. Alors pourquoi tarder plus longtemps? Poser plus de temps et acqu\u00e9rir rapidement les math\u00e9matiques de vue de la gravit\u00e9 aujourd&rsquo;hui, en vous immergeant dans la puissance insondable et la commodit\u00e9 in\u00e9gal\u00e9e du calcul math\u00e9matique comme vous n&rsquo;aviez jamais connu auparavant!<\/p>\n","protected":false},"featured_media":144142,"comment_status":"open","ping_status":"open","template":"","meta":[],"product_brand":[2568],"product_cat":[1189,1181,1186],"product_tag":[1279],"class_list":{"0":"post-115813","1":"product","2":"type-product","3":"status-publish","4":"has-post-thumbnail","6":"product_brand-gravityview","7":"product_cat-personnalisation","8":"product_cat-plugins","9":"product_cat-wordpress-plugins","10":"product_tag-gravityview","11":"member-discount","12":"discount-restricted","14":"first","15":"instock","16":"sale","17":"downloadable","18":"virtual","19":"sold-individually","20":"purchasable","21":"product-type-simple"},"_links":{"self":[{"href":"https:\/\/gpl-love.com\/fr\/wp-json\/wp\/v2\/product\/115813","targetHints":{"allow":["GET"]}}],"collection":[{"href":"https:\/\/gpl-love.com\/fr\/wp-json\/wp\/v2\/product"}],"about":[{"href":"https:\/\/gpl-love.com\/fr\/wp-json\/wp\/v2\/types\/product"}],"replies":[{"embeddable":true,"href":"https:\/\/gpl-love.com\/fr\/wp-json\/wp\/v2\/comments?post=115813"}],"wp:featuredmedia":[{"embeddable":true,"href":"https:\/\/gpl-love.com\/fr\/wp-json\/wp\/v2\/media\/144142"}],"wp:attachment":[{"href":"https:\/\/gpl-love.com\/fr\/wp-json\/wp\/v2\/media?parent=115813"}],"wp:term":[{"taxonomy":"product_brand","embeddable":true,"href":"https:\/\/gpl-love.com\/fr\/wp-json\/wp\/v2\/product_brand?post=115813"},{"taxonomy":"product_cat","embeddable":true,"href":"https:\/\/gpl-love.com\/fr\/wp-json\/wp\/v2\/product_cat?post=115813"},{"taxonomy":"product_tag","embeddable":true,"href":"https:\/\/gpl-love.com\/fr\/wp-json\/wp\/v2\/product_tag?post=115813"}],"curies":[{"name":"wp","href":"https:\/\/api.w.org\/{rel}","templated":true}]}}