{"id":115805,"date":"2022-02-08T00:00:00","date_gmt":"2022-02-07T23:00:00","guid":{"rendered":"http:\/\/gpl-love.com\/fr\/produit\/ad-inserter-pro-wordpress-ads-plugin\/"},"modified":"2026-03-20T22:52:55","modified_gmt":"2026-03-20T21:52:55","slug":"ad-inserter-pro-wordpress-ads-plugin","status":"publish","type":"product","link":"https:\/\/gpl-love.com\/fr\/produit\/ad-inserter-pro-wordpress-ads-plugin\/","title":{"rendered":"Ad Inserter Pro WordPress Ads Plugin 2.7.11"},"content":{"rendered":"<h3>Ad Inserter Pro WordPress Ads Plugin Traits<\/h3>\n<p>Le plugin AD Inserter Pro WordPress ADS est un outil incroyablement puissant qui offre aux utilisateurs la possibilit\u00e9 d&rsquo;ins\u00e9rer sans effort des publicit\u00e9s dans leurs sites Web WordPress. Ce plugin tr\u00e8s efficace poss\u00e8de une interface conviviale, ce qui en fait un jeu d&rsquo;enfant de mon\u00e9tiser votre site en pla\u00e7ant strat\u00e9giquement les publicit\u00e9s \u00e0 de nombreux endroits. Ces emplacements incluent, mais sans s&rsquo;y limiter, avant ou apr\u00e8s le contenu, au milieu des publications, et m\u00eame dans les sections d&rsquo;en-t\u00eate ou de pied de page de votre site Web. La v\u00e9ritable force de l&rsquo;annonce inserter pro r\u00e9side dans sa remarquable personnalisation. Les utilisateurs ont la possibilit\u00e9 de cr\u00e9er des blocs d&rsquo;annonces adapt\u00e9s \u00e0 leurs besoins et d\u00e9sirs sp\u00e9cifiques. Cela comprend la possibilit\u00e9 de d\u00e9finir les fr\u00e9quences d&rsquo;affichage et de cibler des visiteurs particuliers. De plus, le plugin propose une gamme de fonctionnalit\u00e9s avanc\u00e9es qui ne seront pas \u00e0 coup s\u00fbr. Ces fonctionnalit\u00e9s comprennent les tests A \/ B, les capacit\u00e9s de rotation d&rsquo;annonces et l&rsquo;int\u00e9gration transparente avec Google Adsense. Si vous vous retrouvez \u00e0 la recherche d&rsquo;une solution fiable et efficace pour g\u00e9rer les publicit\u00e9s de votre site Web, ne cherchez pas plus loin que l&rsquo;inserteur de publicit\u00e9. Rassurez-vous, ce plugin exceptionnel est incontestablement un choix exceptionnel.<\/p>\n<ul>\n<li>Vous aide \u00e0 mon\u00e9tiser votre site Web WordPress en ins\u00e9rant des annonces<\/li>\n<li>Options de placement d&rsquo;annonces faciles et personnalisables<\/li>\n<li>Prend en charge divers r\u00e9seaux publicitaires et formats, notamment Google Adsense et Amazon Ads<\/li>\n<li>Capacit\u00e9 \u00e0 cr\u00e9er des blocs d&rsquo;annonces pour le placement d&rsquo;annonces cibl\u00e9<\/li>\n<li>Fournit des options pour masquer les annonces \u00e0 certains utilisateurs, publications ou pages<\/li>\n<li>Options avanc\u00e9es d&rsquo;injection d&rsquo;annonces, y compris le ciblage par cat\u00e9gorie ou les \u00e9tiquettes<\/li>\n<li>Comprend la prise en charge de l&rsquo;AMP (Pages mobiles acc\u00e9l\u00e9r\u00e9s)<\/li>\n<li>Vous permet de planifier des annonces pour des moments et des dates sp\u00e9cifiques<\/li>\n<li>Fournit des statistiques d&rsquo;annonces d\u00e9taill\u00e9es et des rapports pour vous aider \u00e0 optimiser vos revenus publicitaires<\/li>\n<\/ul>\n","protected":false},"excerpt":{"rendered":"<p>AD Inserter Pro pour WordPress est un plugin publicitaire dynamique con\u00e7u sp\u00e9cifiquement pour l&rsquo;int\u00e9gration des annonces sans effort sur WordPress. Cet outil robuste est parfait pour les blogueurs, les sp\u00e9cialistes du marketing et les propri\u00e9taires de sites Web qui cherchent \u00e0 mon\u00e9tiser leurs sites Web. Ad Inserter Pro propose une gamme d&rsquo;options adaptables pour les strat\u00e9gies de placement des annonces, garantissant que le ciblage des publicit\u00e9s est adapt\u00e9 \u00e0 divers crit\u00e8res tels que le type d&rsquo;appareil et la localisation g\u00e9ographique.<\/p>\n<p>De plus, AD Inserter Pro est la solution par excellence pour diff\u00e9rents types de p\u00e9riph\u00e9riques, offrant un moyen unique de g\u00e9rer et d&rsquo;afficher les annonces en fonction de l&rsquo;appareil de l&rsquo;utilisateur. Avec son ciblage publicitaire g\u00e9ographique, vous pouvez \u00e9galement vous assurer que vos annonces atteignent le bon public, peu importe o\u00f9 ils se trouvent.<\/p>\n<p>Mais les fonctionnalit\u00e9s ne s&rsquo;arr\u00eatent pas l\u00e0. Ce plugin publicitaire dynamique comprend \u00e9galement des fonctionnalit\u00e9s de planification d&rsquo;annonces, vous permettant de d\u00e9cider quand et o\u00f9 vos annonces appara\u00eetront. Coupl\u00e9 \u00e0 des options de rotation d&rsquo;annonces, l&rsquo;inserter de publicit\u00e9 Pro garantit que vos annonces sont toujours fra\u00eeches et engageantes, optimisant leurs performances et vos revenus potentiels.<\/p>\n<p>Vous vous inqui\u00e9tez des bloqueurs d&rsquo;annonces? Annonce<\/p>\n","protected":false},"featured_media":143017,"comment_status":"open","ping_status":"open","template":"","meta":[],"product_brand":[2435],"product_cat":[1207,1181,1186],"product_tag":[1231],"class_list":{"0":"post-115805","1":"product","2":"type-product","3":"status-publish","4":"has-post-thumbnail","6":"product_brand-codecanyon","7":"product_cat-commercialisation-wordpress-plugins","8":"product_cat-plugins","9":"product_cat-wordpress-plugins","10":"product_tag-codecanyon","11":"member-discount","12":"discount-restricted","14":"first","15":"instock","16":"sale","17":"downloadable","18":"virtual","19":"sold-individually","20":"purchasable","21":"product-type-simple"},"_links":{"self":[{"href":"https:\/\/gpl-love.com\/fr\/wp-json\/wp\/v2\/product\/115805","targetHints":{"allow":["GET"]}}],"collection":[{"href":"https:\/\/gpl-love.com\/fr\/wp-json\/wp\/v2\/product"}],"about":[{"href":"https:\/\/gpl-love.com\/fr\/wp-json\/wp\/v2\/types\/product"}],"replies":[{"embeddable":true,"href":"https:\/\/gpl-love.com\/fr\/wp-json\/wp\/v2\/comments?post=115805"}],"wp:featuredmedia":[{"embeddable":true,"href":"https:\/\/gpl-love.com\/fr\/wp-json\/wp\/v2\/media\/143017"}],"wp:attachment":[{"href":"https:\/\/gpl-love.com\/fr\/wp-json\/wp\/v2\/media?parent=115805"}],"wp:term":[{"taxonomy":"product_brand","embeddable":true,"href":"https:\/\/gpl-love.com\/fr\/wp-json\/wp\/v2\/product_brand?post=115805"},{"taxonomy":"product_cat","embeddable":true,"href":"https:\/\/gpl-love.com\/fr\/wp-json\/wp\/v2\/product_cat?post=115805"},{"taxonomy":"product_tag","embeddable":true,"href":"https:\/\/gpl-love.com\/fr\/wp-json\/wp\/v2\/product_tag?post=115805"}],"curies":[{"name":"wp","href":"https:\/\/api.w.org\/{rel}","templated":true}]}}