{"id":115803,"date":"2022-04-09T00:00:00","date_gmt":"2022-04-08T22:00:00","guid":{"rendered":"http:\/\/gpl-love.com\/fr\/produit\/atelier-creative-multi-purpose-ecommerce-theme\/"},"modified":"2026-03-20T22:55:11","modified_gmt":"2026-03-20T21:55:11","slug":"atelier-creative-multi-purpose-ecommerce-theme","status":"publish","type":"product","link":"https:\/\/gpl-love.com\/fr\/produit\/atelier-creative-multi-purpose-ecommerce-theme\/","title":{"rendered":"Atelier Creative Multi-Purpose eCommerce Theme 2.8.0"},"content":{"rendered":"<h3>Atelier Creative Multi-Purpose eCommerce Theme Traits<\/h3>\n<p>Le th\u00e8me de commerce \u00e9lectronique polyvalent cr\u00e9atif Atelier Creative poss\u00e8de un \u00e9ventail impressionnant de fonctionnalit\u00e9s robustes et un haut degr\u00e9 d&rsquo;adaptabilit\u00e9, ce qui le rend un outil inestimable pour construire des magasins en ligne de haut niveau d&rsquo;un calibre professionnel. Ses fonctionnalit\u00e9s sophistiqu\u00e9es et ses interfaces conviviales se synergisent harmonieusement, facilitant la cr\u00e9ation sans effort de pages de produits personnalis\u00e9es, de caddages et de processus de paiement rationalis\u00e9s qui r\u00e9sonneront sans aucun doute avec votre groupe d\u00e9mographique cible. Que vous colportez des biens tangibles, des t\u00e9l\u00e9chargements num\u00e9riques ou des services, ce th\u00e8me vous fournit tous les instruments requis pour montrer vos offres de mani\u00e8re esth\u00e9tique et navigable sans effort. De plus, en raison de sa conception r\u00e9active et de sa compatibilit\u00e9 transparente avec des plates-formes de commerce \u00e9lectronique pro\u00e9minentes telles que WooCommerce, le th\u00e8me cr\u00e9atif de l&rsquo;atelier garantit que votre magasin offrira une apparence impeccable et fonctionne de mani\u00e8re transparente sur n&rsquo;importe quel appareil, assurant une exp\u00e9rience utilisateur optimale \u00e0 tous les niveaux. Ainsi, si vous aspirez \u00e0 monter \u00e0 de nouveaux sommets avec votre entreprise en ligne, le th\u00e8me de commerce \u00e9lectronique polyvalent cr\u00e9atif atelier est la solution d\u00e9finitive qui rassasra votre qu\u00eate d&rsquo;excellence.<\/p>\n<ul>\n<li>Un th\u00e8me de commerce \u00e9lectronique moderne et polyvalent qui peut \u00eatre utilis\u00e9 pour divers types de magasins en ligne.<\/li>\n<li>Livr\u00e9 avec une conception propre et professionnelle enti\u00e8rement personnalisable.<\/li>\n<li>Facile \u00e0 utiliser et peut \u00eatre configur\u00e9 rapidement, m\u00eame si vous n&rsquo;avez aucune connaissance de codage.<\/li>\n<li>Comprend un constructeur de pages glisser-d\u00e9poser qui vous permet de cr\u00e9er des dispositions et des conceptions uniques.<\/li>\n<li>Livr\u00e9 avec une gamme de mod\u00e8les et de dispositions pr\u00e9d\u00e9finis qui peuvent \u00eatre personnalis\u00e9s pour s&rsquo;adapter \u00e0 votre marque.<\/li>\n<li>Prend en charge divers plugins et extensions pour am\u00e9liorer les fonctionnalit\u00e9s et l&rsquo;exp\u00e9rience utilisateur.<\/li>\n<li>Le r\u00e9f\u00e9rencement optimis\u00e9 pour aider votre magasin plus haut dans les r\u00e9sultats des moteurs de recherche.<\/li>\n<li>Int\u00e9gr\u00e9 aux passerelles de paiement populaires et aux fournisseurs d&rsquo;exp\u00e9dition pour des transactions faciles et la gestion des exp\u00e9ditions.<\/li>\n<li>Fournit un excellent support client et des mises \u00e0 jour r\u00e9guli\u00e8res pour assurer la compatibilit\u00e9 avec les derni\u00e8res versions de WordPress et des plugins.<\/li>\n<\/ul>\n","protected":false},"excerpt":{"rendered":"<p>Atelier est un th\u00e8me de commerce \u00e9lectronique polyvalent et cr\u00e9atif qui transforme votre site Web en une boutique en ligne dynamique. Con\u00e7u pour l&rsquo;adaptabilit\u00e9, Atelier vous permet d&rsquo;adapter votre plateforme en fonction des besoins de votre entreprise, que vous proposiez des produits physiques, des t\u00e9l\u00e9chargements num\u00e9riques ou des services. Ce th\u00e8me de commerce \u00e9lectronique est con\u00e7u avec une esth\u00e9tique \u00e9l\u00e9gante et moderne qui attire sans effort des clients potentiels. Avec une interface conviviale et une navigation intuitive, Atelier fait des achats en ligne un jeu d&rsquo;enfant, am\u00e9liorant l&rsquo;exp\u00e9rience client et maximisant l&rsquo;engagement. De plus, ce th\u00e8me de commerce \u00e9lectronique polyvalent est enti\u00e8rement personnalisable, vous permettant d&rsquo;\u00e9tablir une identit\u00e9 de marque unique et de vous d\u00e9marquer de la concurrence. Que vous soyez une startup ou une entreprise \u00e9tablie, Atelier propose une solution de pointe pour propulser votre succ\u00e8s de commerce \u00e9lectronique.<\/p>\n","protected":false},"featured_media":143166,"comment_status":"open","ping_status":"open","template":"","meta":[],"product_brand":[2433],"product_cat":[1214,1212,1213],"product_tag":[1366],"class_list":{"0":"post-115803","1":"product","2":"type-product","3":"status-publish","4":"has-post-thumbnail","6":"product_brand-themeforest","7":"product_cat-polyvalent","8":"product_cat-themes","9":"product_cat-wordpress-themes","10":"product_tag-themeforest","11":"member-discount","12":"discount-restricted","14":"first","15":"instock","16":"sale","17":"downloadable","18":"virtual","19":"sold-individually","20":"purchasable","21":"product-type-simple"},"_links":{"self":[{"href":"https:\/\/gpl-love.com\/fr\/wp-json\/wp\/v2\/product\/115803","targetHints":{"allow":["GET"]}}],"collection":[{"href":"https:\/\/gpl-love.com\/fr\/wp-json\/wp\/v2\/product"}],"about":[{"href":"https:\/\/gpl-love.com\/fr\/wp-json\/wp\/v2\/types\/product"}],"replies":[{"embeddable":true,"href":"https:\/\/gpl-love.com\/fr\/wp-json\/wp\/v2\/comments?post=115803"}],"wp:featuredmedia":[{"embeddable":true,"href":"https:\/\/gpl-love.com\/fr\/wp-json\/wp\/v2\/media\/143166"}],"wp:attachment":[{"href":"https:\/\/gpl-love.com\/fr\/wp-json\/wp\/v2\/media?parent=115803"}],"wp:term":[{"taxonomy":"product_brand","embeddable":true,"href":"https:\/\/gpl-love.com\/fr\/wp-json\/wp\/v2\/product_brand?post=115803"},{"taxonomy":"product_cat","embeddable":true,"href":"https:\/\/gpl-love.com\/fr\/wp-json\/wp\/v2\/product_cat?post=115803"},{"taxonomy":"product_tag","embeddable":true,"href":"https:\/\/gpl-love.com\/fr\/wp-json\/wp\/v2\/product_tag?post=115803"}],"curies":[{"name":"wp","href":"https:\/\/api.w.org\/{rel}","templated":true}]}}