{"id":115799,"date":"2024-02-05T00:00:00","date_gmt":"2024-02-04T23:00:00","guid":{"rendered":"http:\/\/gpl-love.com\/fr\/produit\/euthenia-creative-portfolio-wordpress-theme\/"},"modified":"2026-03-20T23:04:38","modified_gmt":"2026-03-20T22:04:38","slug":"euthenia-creative-portfolio-wordpress-theme","status":"publish","type":"product","link":"https:\/\/gpl-love.com\/fr\/produit\/euthenia-creative-portfolio-wordpress-theme\/","title":{"rendered":"Euthenia Creative Portfolio WordPress Theme 1.0.5"},"content":{"rendered":"<h3>Euthenia Creative Portfolio WordPress Theme Traits<\/h3>\n<p>Le th\u00e8me WordPress du portefeuille cr\u00e9atif de l&rsquo;Euthenia se distingue comme un th\u00e8me exceptionnel qui est sur mesure pour les cr\u00e9atifs qui cherchent \u00e0 montrer leur travail d&rsquo;une mani\u00e8re qui d\u00e9gage \u00e0 la fois le style et le professionnalisme. Ce qui distingue ce th\u00e8me, c&rsquo;est sa multitude de d\u00e9mos pr\u00e9d\u00e9finies, chacune m\u00e9ticuleusement con\u00e7ue pour r\u00e9pondre \u00e0 diverses industries telles que la photographie, la conception graphique et l&rsquo;architecture. De plus, ce th\u00e8me poss\u00e8de un niveau de personnalisation incroyablement \u00e9lev\u00e9, offrant aux utilisateurs la commodit\u00e9 de faire des modifications sans effort gr\u00e2ce \u00e0 l&#8217;emploi du constructeur de page de glisser-d\u00e9poser. De plus, sa conception r\u00e9active garantit que votre portefeuille s&rsquo;adaptera et semblera impeccable sur n&rsquo;importe quel appareil. De plus, il offre une pl\u00e9thore de dispositions de portefeuille diverses et comprend m\u00eame un blog int\u00e9gr\u00e9 qui aide \u00e0 la cr\u00e9ation d&rsquo;une pr\u00e9sence en ligne compl\u00e8te. En optant pour le th\u00e8me WordPress du portefeuille cr\u00e9atif Euthenia, vous fa\u00e7onnerez sans effort et sans couture un portefeuille frappant et in\u00e9gal\u00e9 qui laissera certainement une impression durable sur une client\u00e8le potentielle.<\/p>\n<ul>\n<li>Design unique et moderne parfait pour pr\u00e9senter un travail cr\u00e9atif<\/li>\n<li>Enti\u00e8rement personnalisable avec un panneau d&rsquo;options de th\u00e8me facile \u00e0 utiliser<\/li>\n<li>Plusieurs dispositions de page d&rsquo;accueil et de portefeuille \u00e0 choisir<\/li>\n<li>Con\u00e7u avec le r\u00e9f\u00e9rencement \u00e0 l&rsquo;esprit, garantissant la visibilit\u00e9 du moteur de recherche sup\u00e9rieure<\/li>\n<li>Conception \u00e0 100% r\u00e9active pour une exp\u00e9rience utilisateur sans couture sur tous les appareils<\/li>\n<li>Builder de page de glisser-d\u00e9poser int\u00e9gr\u00e9 pour une personnalisation facile<\/li>\n<li>Compatible avec les plugins premium populaires comme WPML, le formulaire de contact 7 et le curseur Revolution<\/li>\n<li>Documentation approfondie et support client fiable pour toute question ou probl\u00e8me<\/li>\n<li>Optimis\u00e9 pour les vitesses de chargement rapide, am\u00e9liorant l&rsquo;exp\u00e9rience utilisateur et les classements des moteurs de recherche<\/li>\n<li>Mises \u00e0 jour et am\u00e9liorations r\u00e9guli\u00e8res pour assurer une compatibilit\u00e9 et une fonctionnalit\u00e9 maximales.<\/li>\n<\/ul>\n","protected":false},"excerpt":{"rendered":"<p>L&rsquo;euth\u00e9nie, un th\u00e8me WordPress de portefeuille d\u00e9licieusement con\u00e7u, poss\u00e8de un design \u00e9tonnamment contemporain adapt\u00e9 exclusivement pour les individus dans le domaine cr\u00e9atif. Que vous vous identifiiez en tant que graphiste, photographe ou artiste, l&rsquo;apparence \u00e9l\u00e9gante et professionnelle de ce th\u00e8me est la quintessence de la perfection lorsqu&rsquo;il s&rsquo;agit de pr\u00e9senter vos efforts artistiques. Offrant une abondance d&rsquo;options de personnalisation et un \u00e9ventail de mod\u00e8les pr\u00e9-con\u00e7us, l&rsquo;euth\u00e9nie vous permet de g\u00e9rer un portefeuille \u00e0 la fois distinctif et r\u00e9fl\u00e9chissant \u00e0 votre style unique et aux prouesses artistiques. De plus, sa conception r\u00e9active garantit que votre portefeuille d\u00e9gagera de brillance sur tous les appareils, tandis que son processus d&rsquo;installation sans effort et son interface conviviale assurent un lancement transparent et rapide de votre portefeuille.<\/p>\n","protected":false},"featured_media":143786,"comment_status":"open","ping_status":"open","template":"","meta":[],"product_brand":[2433],"product_cat":[1242,1212,1213],"product_tag":[1366],"class_list":{"0":"post-115799","1":"product","2":"type-product","3":"status-publish","4":"has-post-thumbnail","6":"product_brand-themeforest","7":"product_cat-creatif","8":"product_cat-themes","9":"product_cat-wordpress-themes","10":"product_tag-themeforest","11":"member-discount","12":"discount-restricted","14":"first","15":"instock","16":"sale","17":"downloadable","18":"virtual","19":"sold-individually","20":"purchasable","21":"product-type-simple"},"_links":{"self":[{"href":"https:\/\/gpl-love.com\/fr\/wp-json\/wp\/v2\/product\/115799","targetHints":{"allow":["GET"]}}],"collection":[{"href":"https:\/\/gpl-love.com\/fr\/wp-json\/wp\/v2\/product"}],"about":[{"href":"https:\/\/gpl-love.com\/fr\/wp-json\/wp\/v2\/types\/product"}],"replies":[{"embeddable":true,"href":"https:\/\/gpl-love.com\/fr\/wp-json\/wp\/v2\/comments?post=115799"}],"wp:featuredmedia":[{"embeddable":true,"href":"https:\/\/gpl-love.com\/fr\/wp-json\/wp\/v2\/media\/143786"}],"wp:attachment":[{"href":"https:\/\/gpl-love.com\/fr\/wp-json\/wp\/v2\/media?parent=115799"}],"wp:term":[{"taxonomy":"product_brand","embeddable":true,"href":"https:\/\/gpl-love.com\/fr\/wp-json\/wp\/v2\/product_brand?post=115799"},{"taxonomy":"product_cat","embeddable":true,"href":"https:\/\/gpl-love.com\/fr\/wp-json\/wp\/v2\/product_cat?post=115799"},{"taxonomy":"product_tag","embeddable":true,"href":"https:\/\/gpl-love.com\/fr\/wp-json\/wp\/v2\/product_tag?post=115799"}],"curies":[{"name":"wp","href":"https:\/\/api.w.org\/{rel}","templated":true}]}}