{"id":115797,"date":"2021-06-10T00:00:00","date_gmt":"2021-06-09T22:00:00","guid":{"rendered":"http:\/\/gpl-love.com\/fr\/produit\/woofood-food-ordering-plugin\/"},"modified":"2026-04-10T18:46:58","modified_gmt":"2026-04-10T16:46:58","slug":"woofood-food-ordering-plugin","status":"publish","type":"product","link":"https:\/\/gpl-love.com\/fr\/produit\/woofood-food-ordering-plugin\/","title":{"rendered":"WooCommerce Food Ordering Plugin WooFood 2.6.5"},"content":{"rendered":"<h3>WooCommerce Food Ordering Plugin WooFood Traits<\/h3>\n<p>Woofood, un plugin remarquablement puissant et flexible sp\u00e9cifiquement con\u00e7u pour WooCommerce, permet aux entreprises de restauration pour \u00e9tablir des capacit\u00e9s de commande en ligne rapidement et sans effort sur leur site Web. Avec un \u00e9ventail de fonctionnalit\u00e9s personnalisables et une pl\u00e9thore d&rsquo;options, Woofood simplifie la gestion des menus, le placement des commandes, le traitement des paiements et le suivi de la livraison, tous facilement accessibles \u00e0 partir du tableau de bord WordPress. Que vous soyez un restaurant en herbe cherchant \u00e0 \u00e9tendre votre empreinte num\u00e9rique ou une entreprise de restauration substantielle dans un besoin urgent d&rsquo;une solution de commerce \u00e9lectronique robuste, Woofood englobe tous les \u00e9l\u00e9ments n\u00e9cessaires pour rationaliser vos processus op\u00e9rationnels et propulser votre entreprise vers une croissance sans pr\u00e9c\u00e9dent. Alors pourquoi en tarder davantage? Commencez \u00e0 tirer parti des capacit\u00e9s remarquables de Woofood aujourd&rsquo;hui et assistez \u00e0 votre entreprise de services alimentaires monter \u00e0 des hauteurs remarquables!<\/p>\n<ul>\n<li>S&rsquo;int\u00e8gre de mani\u00e8re transparente \u00e0 votre site WooCommerce existant pour ajouter des fonctionnalit\u00e9s de commande des aliments.<\/li>\n<li>Permet aux clients de parcourir votre menu et de passer des commandes directement \u00e0 partir de votre site Web.<\/li>\n<li>Offre des options personnalisables pour les \u00e9l\u00e9ments de menu, y compris les tailles, les ingr\u00e9dients et les modules compl\u00e9mentaires.<\/li>\n<li>Prend en charge une vari\u00e9t\u00e9 de passerelles de paiement pour des paiements en ligne faciles, notamment PayPal et Stripe.<\/li>\n<li>Fournit une interface back-end intuitive pour g\u00e9rer les commandes, suivre l&rsquo;inventaire et g\u00e9n\u00e9rer des rapports.<\/li>\n<li>Comprend une gamme de param\u00e8tres et de configurations pour personnaliser le plugin \u00e0 vos besoins sp\u00e9cifiques.<\/li>\n<li>Fournit une documentation et un support utiles pour assurer un processus d&rsquo;installation et de configuration fluide.<\/li>\n<\/ul>\n","protected":false},"excerpt":{"rendered":"<p>Woofood, un plugin WooCommerce extr\u00eamement robuste, poss\u00e8de la capacit\u00e9 remarquable de m\u00e9tamorphoser votre magasin virtuel en un syst\u00e8me complet de commande des aliments. \u00c9quip\u00e9 de ce plugin, vous obtenez la capacit\u00e9 sans effort pour configurer des menus alimentaires personnalis\u00e9s, superviser et administrer efficacement les commandes, ainsi que faciliter rapidement les paiements instantan\u00e9s. Woofood se vante de son support de produit sans limites, pour accueillir plusieurs alternatives de prix et int\u00e8gre une interface intuitivement accessible qui garantit aux clients peut naviguer de mani\u00e8re transparente et proc\u00e9der avec leurs commandes alimentaires souhait\u00e9es. Par cons\u00e9quent, ce plugin se r\u00e9v\u00e8le \u00eatre un atout inestimable pour les restaurants, les caf\u00e9s et divers autres \u00e9tablissements ax\u00e9s sur les aliments qui cherchent avec impatience \u00e0 capitaliser sur l&rsquo;escalade du ph\u00e9nom\u00e8ne de commande alimentaire en ligne.<\/p>\n","protected":false},"featured_media":145887,"comment_status":"open","ping_status":"open","template":"","meta":[],"product_brand":[2435],"product_cat":[1182,1223,1181],"product_tag":[1231],"class_list":{"0":"post-115797","1":"product","2":"type-product","3":"status-publish","4":"has-post-thumbnail","6":"product_brand-codecanyon","7":"product_cat-commerce-electronique-plugins","8":"product_cat-personnalisation-commerce-electronique-plugins","9":"product_cat-plugins","10":"product_tag-codecanyon","11":"member-discount","12":"discount-restricted","14":"first","15":"instock","16":"sale","17":"downloadable","18":"virtual","19":"sold-individually","20":"purchasable","21":"product-type-simple"},"_links":{"self":[{"href":"https:\/\/gpl-love.com\/fr\/wp-json\/wp\/v2\/product\/115797","targetHints":{"allow":["GET"]}}],"collection":[{"href":"https:\/\/gpl-love.com\/fr\/wp-json\/wp\/v2\/product"}],"about":[{"href":"https:\/\/gpl-love.com\/fr\/wp-json\/wp\/v2\/types\/product"}],"replies":[{"embeddable":true,"href":"https:\/\/gpl-love.com\/fr\/wp-json\/wp\/v2\/comments?post=115797"}],"wp:featuredmedia":[{"embeddable":true,"href":"https:\/\/gpl-love.com\/fr\/wp-json\/wp\/v2\/media\/145887"}],"wp:attachment":[{"href":"https:\/\/gpl-love.com\/fr\/wp-json\/wp\/v2\/media?parent=115797"}],"wp:term":[{"taxonomy":"product_brand","embeddable":true,"href":"https:\/\/gpl-love.com\/fr\/wp-json\/wp\/v2\/product_brand?post=115797"},{"taxonomy":"product_cat","embeddable":true,"href":"https:\/\/gpl-love.com\/fr\/wp-json\/wp\/v2\/product_cat?post=115797"},{"taxonomy":"product_tag","embeddable":true,"href":"https:\/\/gpl-love.com\/fr\/wp-json\/wp\/v2\/product_tag?post=115797"}],"curies":[{"name":"wp","href":"https:\/\/api.w.org\/{rel}","templated":true}]}}